{"id":43,"date":"2024-10-31T09:55:00","date_gmt":"2024-10-31T08:55:00","guid":{"rendered":"https:\/\/www.buerger-fuer-kaltenweide.de\/abendflohmarkt\/?page_id=43"},"modified":"2024-10-31T09:55:02","modified_gmt":"2024-10-31T08:55:02","slug":"anmeldung","status":"publish","type":"page","link":"https:\/\/www.buerger-fuer-kaltenweide.de\/abendflohmarkt\/anmeldung\/","title":{"rendered":"Anmeldung"},"content":{"rendered":"\n<h5 class=\"wp-block-heading\">\u00dcber das nachfolgende Formular kannst Du bei uns Dein<strong> verbindliches Interesse<\/strong> f\u00fcr einen Standplatz beim Flohmarkt Kaltenweide hinterlegen.<\/h5>\n\n\n\n<p><strong>Das Ausf\u00fcllen und Absenden des Formulars bedeutet nicht, dass Du einen Standplatz bekommst.<\/strong> Wir bearbeiten die Anfragen in der Reihenfolge des Eingangs. Du erh\u00e4ltst von uns eine separate Mitteilung, ob wir wir einen Standplatz zuweisen konnten, oder ob Du in die Warteliste aufgenommen wurdest !<\/p>\n\n\n\n<p>Standplatzanfragen auf anderen Wegen wie E-Mail, Telefon, WhatsApp, Facebook, Instagram etc. k\u00f6nnen wir leider aus organisatorischen Gr\u00fcnden nicht bearbeiten und ber\u00fccksichtigen!<\/p>\n\n\n\n<p>Wichtige Hinweise:<br>Bitte gebe die abgefragten Daten vollst\u00e4ndig ein. Beim Punkt&nbsp;<em>&#8222;Geplantes Warenangebot<\/em>&#8220;&nbsp;gebe bitte die Art der Waren an, die Du haupts\u00e4chlich verkaufen m\u00f6chtest. Achte bitte besonders auf die korrekte Angabe der Mailadresse. Dienste wie GMX, GMail oder web.de sortieren die Best\u00e4tigung gelegentlich als Spam aus, bitte kontrolliere daher regelm\u00e4\u00dfig Deinen Spam-Ordner !<\/p>\n\n\n\n<p><strong>Die Teilnahmegeb\u00fchr in H\u00f6he von 5,00 EUR ist am Veranstaltungstag in BAR (ein 5-EUR-Schein) beim Organisationsteam zu entrichten!<\/strong><\/p>\n\n\n\n<div class=\"wp-block-contact-form-7-contact-form-selector\">\n<div class=\"wpcf7 no-js\" id=\"wpcf7-f42-o1\" lang=\"de-DE\" dir=\"ltr\" data-wpcf7-id=\"42\">\n<div class=\"screen-reader-response\"><p role=\"status\" aria-live=\"polite\" aria-atomic=\"true\"><\/p> <ul><\/ul><\/div>\n<form action=\"\/abendflohmarkt\/wp-json\/wp\/v2\/pages\/43#wpcf7-f42-o1\" method=\"post\" class=\"wpcf7-form init cf7skins cf7s-default\" aria-label=\"Kontaktformular\" novalidate=\"novalidate\" data-status=\"init\">\n<fieldset class=\"hidden-fields-container\"><input type=\"hidden\" name=\"_wpcf7\" value=\"42\" \/><input type=\"hidden\" name=\"_wpcf7_version\" value=\"6.1.5\" \/><input type=\"hidden\" name=\"_wpcf7_locale\" value=\"de_DE\" \/><input type=\"hidden\" name=\"_wpcf7_unit_tag\" value=\"wpcf7-f42-o1\" \/><input type=\"hidden\" name=\"_wpcf7_container_post\" value=\"0\" \/><input type=\"hidden\" name=\"_wpcf7_posted_data_hash\" value=\"\" \/>\n<\/fieldset>\n<b><u>PERS\u00d6NLICHE ANGABEN<\/b><\/u><br>\n<br>\n<label> Ihr Vorname (Pflichtfeld)\n    <span class=\"wpcf7-form-control-wrap\" data-name=\"vorname\"><input size=\"40\" maxlength=\"400\" class=\"wpcf7-form-control wpcf7-text wpcf7-validates-as-required\" aria-required=\"true\" aria-invalid=\"false\" value=\"\" type=\"text\" name=\"vorname\" \/><\/span> <\/label>\n\n<label> Ihr Nachname (Pflichtfeld)\n    <span class=\"wpcf7-form-control-wrap\" data-name=\"nachname\"><input size=\"40\" maxlength=\"400\" class=\"wpcf7-form-control wpcf7-text wpcf7-validates-as-required\" aria-required=\"true\" aria-invalid=\"false\" value=\"\" type=\"text\" name=\"nachname\" \/><\/span> <\/label>\n\n<label> Ihre Telefonnummer (Pflichtfeld)\n<span class=\"wpcf7-form-control-wrap\" data-name=\"telefonnummer\"><input size=\"40\" maxlength=\"400\" class=\"wpcf7-form-control wpcf7-tel wpcf7-validates-as-required wpcf7-text wpcf7-validates-as-tel\" aria-required=\"true\" aria-invalid=\"false\" value=\"\" type=\"tel\" name=\"telefonnummer\" \/><\/span>\n\n<label> Ihre E-Mail-Adresse (Pflichtfeld)\n    <span class=\"wpcf7-form-control-wrap\" data-name=\"your-email\"><input size=\"40\" maxlength=\"400\" class=\"wpcf7-form-control wpcf7-email wpcf7-validates-as-required wpcf7-text wpcf7-validates-as-email\" aria-required=\"true\" aria-invalid=\"false\" value=\"\" type=\"email\" name=\"your-email\" \/><\/span> <\/label>\n<br>\n<br>\n<b>KLEIDERST\u00c4NDER<\/b>\n<span class=\"wpcf7-form-control-wrap\" data-name=\"kleiderstaender\"><select class=\"wpcf7-form-control wpcf7-select wpcf7-validates-as-required\" aria-required=\"true\" aria-invalid=\"false\" name=\"kleiderstaender\"><option value=\"Nein\">Nein<\/option><option value=\"Ja\">Ja<\/option><\/select><\/span>\n<br>\n<b>\"STAND-\/TEILNAHMEGEB\u00dcHR\"<\/b>\nDie Standgeb\u00fchr betr\u00e4gt 5 EUR uns ist am Veranstaltungstag zu entrichten?\n<br>\n<hr>\n<b><u>Newsletter:<\/b><\/u><br>\nM\u00f6chten Sie \u00fcber weitere Aktionen informiert werden? \n<span class=\"wpcf7-form-control-wrap\" data-name=\"Newsletter-Abonnieren\"><span class=\"wpcf7-form-control wpcf7-radio\"><span class=\"wpcf7-list-item first\"><input type=\"radio\" name=\"Newsletter-Abonnieren\" value=\"NEIN, ich m\u00f6chte den BfK-Newsletter NICHT abonnieren\" \/><span class=\"wpcf7-list-item-label\">NEIN, ich m\u00f6chte den BfK-Newsletter NICHT abonnieren<\/span><\/span><span class=\"wpcf7-list-item last\"><input type=\"radio\" name=\"Newsletter-Abonnieren\" value=\"JA, ich m\u00f6chte den BfK-Newsletter abonnieren\" checked=\"checked\" \/><span class=\"wpcf7-list-item-label\">JA, ich m\u00f6chte den BfK-Newsletter abonnieren<\/span><\/span><\/span><\/span>\n<hr>\n\n<span class=\"wpcf7-form-control-wrap\" data-name=\"flohmarktregeln\"><span class=\"wpcf7-form-control wpcf7-acceptance\"><span class=\"wpcf7-list-item\"><label><input type=\"checkbox\" name=\"flohmarktregeln\" value=\"1\" aria-invalid=\"false\" \/><span class=\"wpcf7-list-item-label\">Ja, ich habe die <a href=\"https:\/\/www.buerger-fuer-kaltenweide.de\/flohmarkt\/flohmarktregeln\/\" target=\"_blank\">Flohmarktregeln<\/a> gelesen und akzeptiere diese.*<\/span><\/label><\/span><\/span><\/span>\n<span class=\"wpcf7-form-control-wrap\" data-name=\"datenschutzhinweise\"><span class=\"wpcf7-form-control wpcf7-acceptance\"><span class=\"wpcf7-list-item\"><label><input type=\"checkbox\" name=\"datenschutzhinweise\" value=\"1\" aria-invalid=\"false\" \/><span class=\"wpcf7-list-item-label\">Ja, ich habe die <a href=\"https:\/\/www.buerger-fuer-kaltenweide.de\/datenschutz\/\" target=\"_blank\">Datenschutzhinweise<\/a> gelesen und akzeptiere diese.*<\/span><\/label><\/span><\/span><\/span>\n<br>\n<br>\n<input class=\"wpcf7-form-control wpcf7-submit has-spinner\" type=\"submit\" value=\"Senden\" \/><p style=\"display: none !important;\" class=\"akismet-fields-container\" data-prefix=\"_wpcf7_ak_\"><label>&#916;<textarea name=\"_wpcf7_ak_hp_textarea\" cols=\"45\" rows=\"8\" maxlength=\"100\"><\/textarea><\/label><input type=\"hidden\" id=\"ak_js_1\" name=\"_wpcf7_ak_js\" value=\"225\"\/><script>document.getElementById( \"ak_js_1\" ).setAttribute( \"value\", ( new Date() ).getTime() );<\/script><\/p><div class=\"wpcf7-response-output\" aria-hidden=\"true\"><\/div>\n<\/form>\n<\/div>\n<\/div>\n","protected":false},"excerpt":{"rendered":"<p>\u00dcber das nachfolgende Formular kannst Du bei uns Dein verbindliches Interesse f\u00fcr einen Standplatz beim Flohmarkt Kaltenweide hinterlegen. Das Ausf\u00fcllen und Absenden des Formulars bedeutet nicht, dass Du einen Standplatz bekommst. Wir bearbeiten die Anfragen in der Reihenfolge des Eingangs.<\/p>\n","protected":false},"author":1,"featured_media":0,"parent":0,"menu_order":0,"comment_status":"closed","ping_status":"closed","template":"","meta":{"footnotes":""},"class_list":["post-43","page","type-page","status-publish","hentry"],"_links":{"self":[{"href":"https:\/\/www.buerger-fuer-kaltenweide.de\/abendflohmarkt\/wp-json\/wp\/v2\/pages\/43","targetHints":{"allow":["GET"]}}],"collection":[{"href":"https:\/\/www.buerger-fuer-kaltenweide.de\/abendflohmarkt\/wp-json\/wp\/v2\/pages"}],"about":[{"href":"https:\/\/www.buerger-fuer-kaltenweide.de\/abendflohmarkt\/wp-json\/wp\/v2\/types\/page"}],"author":[{"embeddable":true,"href":"https:\/\/www.buerger-fuer-kaltenweide.de\/abendflohmarkt\/wp-json\/wp\/v2\/users\/1"}],"replies":[{"embeddable":true,"href":"https:\/\/www.buerger-fuer-kaltenweide.de\/abendflohmarkt\/wp-json\/wp\/v2\/comments?post=43"}],"version-history":[{"count":1,"href":"https:\/\/www.buerger-fuer-kaltenweide.de\/abendflohmarkt\/wp-json\/wp\/v2\/pages\/43\/revisions"}],"predecessor-version":[{"id":44,"href":"https:\/\/www.buerger-fuer-kaltenweide.de\/abendflohmarkt\/wp-json\/wp\/v2\/pages\/43\/revisions\/44"}],"wp:attachment":[{"href":"https:\/\/www.buerger-fuer-kaltenweide.de\/abendflohmarkt\/wp-json\/wp\/v2\/media?parent=43"}],"curies":[{"name":"wp","href":"https:\/\/api.w.org\/{rel}","templated":true}]}}