{"id":45,"date":"2024-10-31T10:03:19","date_gmt":"2024-10-31T09:03:19","guid":{"rendered":"https:\/\/www.buerger-fuer-kaltenweide.de\/abendflohmarkt\/?page_id=45"},"modified":"2024-10-31T10:56:07","modified_gmt":"2024-10-31T09:56:07","slug":"flohmarktregeln","status":"publish","type":"page","link":"https:\/\/www.buerger-fuer-kaltenweide.de\/abendflohmarkt\/flohmarktregeln\/","title":{"rendered":"Flohmarktregeln"},"content":{"rendered":"\n<h6 class=\"wp-block-heading\">Die Flohmarktregeln des Vereins B\u00dcRGER F\u00dcR KALTENWEIDE e.V., im Folgenden \u201eVeranstalter\u201c genannt, dient der Sicherheit aller Verk\u00e4uferinnen und Verk\u00e4ufer sowie Besucherinnen und Besucher. Mit dem Betreten\/Befahren des Veranstaltungsgel\u00e4ndes werden diese Flohmarktregeln akzeptiert.<\/h6>\n\n\n\n<h5 class=\"wp-block-heading\">1. Sicherheit<\/h5>\n\n\n\n<ol class=\"wp-block-list\">\n<li>Den Anweisungen des Ordnungspersonals ist jederzeit Folge zu leisten.<\/li>\n\n\n\n<li>Verst\u00f6\u00dfe gegen die Flohmarktordnung k\u00f6nnen einen Platzverweis durch das Ordnungspersonal<br>f\u00fcr den Veranstaltungstag ohne Geb\u00fchrenerstattung zur Folge haben.<\/li>\n<\/ol>\n\n\n\n<hr class=\"wp-block-separator has-alpha-channel-opacity is-style-dots\"\/>\n\n\n\n<h5 class=\"wp-block-heading\">2. Verk\u00e4uferinnen\/Verk\u00e4ufer<\/h5>\n\n\n\n<ol class=\"wp-block-list\">\n<li>Der Flohmarkt Kaltenweide ist ausschliesslich privaten Anbietern vorbehalten.<\/li>\n\n\n\n<li>Wer nach Aufbau seines Standes als gewerblicher Anbieter identifiziert wird oder Neuware\/neuwertige Ware in erheblichem Umfang (= gleichartige Teile, die \u00fcber das haushalts\u00fcbliche Sortiment hinausgehen) anbietet, muss den weiteren Verkauf beenden. Standgeb\u00fchren sind in jedem Fall zu entrichten.<\/li>\n\n\n\n<li>Die Verk\u00e4uferinnen\/Verk\u00e4ufer stellen den Veranstalter von jeglichen Haftungsanspr\u00fcchen von Seiten Dritter frei, gleich aus welchem Rechtsgrund.<\/li>\n\n\n\n<li>Soweit Strafen, Bu\u00dfgelder, Geb\u00fchren oder \u00e4hnliches von Seiten der Aufsichtsbeh\u00f6rden erhoben werden, tr\u00e4gt diese Geb\u00fchren der jeweilige Anbieter.<\/li>\n\n\n\n<li>Soweit dem Veranstalter durch die unerlaubte T\u00e4tigkeit eines oder mehrerer Anbieter ein Schaden entsteht, wird dieser durch den Anbieter ersetzt. Wird der Flohmarkt aufgrund der unerlaubten Verkaufst\u00e4tigkeit eines oder mehrerer Anbieter von beh\u00f6rdlicher Seite geschlossen, ist der daraus entstehende Schaden durch den Anbieter zu ersetzen (entgangene Einnahmen zzgl. Entsch\u00e4digung f\u00fcr die Rufsch\u00e4digung).<\/li>\n\n\n\n<li>Der Verkauf von lebenden Tieren, Plagiaten, Raubkopien, Produkte jeglicher Art mit verfassungsfeindlichen Symbolen, Waffen jeglicher Art (auch Messer), Gewaltverherrlichenden und rassistischen Schriften, Pyrotechnik (z. B. Feuerwerksk\u00f6rper, bengalische Feuer), Arzneimitteln, Lebensmittelerg\u00e4nzungen, Filmen\/Spielen mit FSK 18 Jahren oder ohne Angabe einer FSK bzw. mit ausl\u00e4ndischer FSK sowie Pornographie und aller vom Gesetzgeber untersagten Waren ist generell verboten! Ein Versto\u00df hat einen sofortigen Platzverweis ohne Geb\u00fchrenerstattung zur Folge! Der Veranstalter beh\u00e4lt sich das Recht einer Anzeige und die Verst\u00e4ndigung der Beh\u00f6rde vor.<\/li>\n\n\n\n<li>Bei Artikeln, die rechtlichen Beschr\u00e4nkungen (z. B. einer Altersfreigabe) unterliegen, hat sich der Verk\u00e4ufer zu versichern, dass der K\u00e4ufer die Ware rechtm\u00e4\u00dfig erwirbt (z. B. durch Vorlage eines Personalausweises). Der Verkauf derartiger Waren an Jugendliche unter 18 Jahren ist nur mit Zustimmung des gesetzlichen Vertreters gestattet.<\/li>\n<\/ol>\n\n\n\n<hr class=\"wp-block-separator has-alpha-channel-opacity is-style-dots\"\/>\n\n\n\n<h5 class=\"wp-block-heading\">3. Standpl\u00e4tze, Verkaufsfl\u00e4chen<\/h5>\n\n\n\n<ol class=\"wp-block-list\">\n<li>Der Verkauf darf nur an einem zugewiesenen Standplatz erfolgen.<\/li>\n\n\n\n<li>Der Verkauf durch \u201eDazustellen\u201d bei anderen Verk\u00e4ufern oder durch das Anbieten von Gegenst\u00e4nden durch<br>direkte Ansprache (\u201eHerumgehen\u201c) ist untersagt. Der Verk\u00e4ufer hat eine Standgeb\u00fchr f\u00fcr<br>einen Platz von 6 m zu entrichten und erh\u00e4lt Platzverbot.<\/li>\n\n\n\n<li>Einlass-\/Auf- und Abbautermine sind einzuhalten.<\/li>\n\n\n\n<li>Das Verlassen des Gel\u00e4ndes ist fr\u00fchestens ab einer Stunde vor Veranstaltungsende m\u00f6glich. Eine fr\u00fchere Ausfahrt kann verwehrt werden, sofern dies aus organisatorischen oder aus Gr\u00fcnden der Sicherheit notwendig ist.<\/li>\n\n\n\n<li>Fahrzeugbewegungen w\u00e4hrend der Veranstaltung sind nur unter Aufsicht und nach Anweisung des Ordnungspersonals gestattet.<\/li>\n\n\n\n<li>Die \u00fcbliche Tiefe eines Tisches betr\u00e4gt 60 cm. Die maximale Tiefe eines Standes variiert nach<br>den \u00f6rtlichen Gegebenheiten. Doppeltische sind nur erlaubt, wenn Rettungswege eingehalten<br>werden.<\/li>\n\n\n\n<li>Ein Anspruch auf einen PKW-Stellplatz am Stand besteht nicht<\/li>\n\n\n\n<li> Pavillons und Schirme k\u00f6nnen aufgestellt werden, sofern sie nicht \u00fcber die vordere Verkaufslinie<br>hinausragen. <\/li>\n\n\n\n<li>Beim Aufbau des Standes ist auf eine Fahrgasse von mindestens 3,5 m zwischen den jeweils gegen\u00fcberliegenden St\u00e4nden zu achten.<\/li>\n\n\n\n<li>Auf das Privateigentum der Anlieger ist R\u00fccksicht zu nehmen.<\/li>\n\n\n\n<li>Die Standgeb\u00fchr ist vor Ort in bar gem\u00e4\u00df den jeweils g\u00fcltigen Geb\u00fchrens\u00e4tzen f\u00fcr die angemeldete Standfl\u00e4che an die Ordner zu entrichten.<\/li>\n\n\n\n<li>Jeder Anbieter daf\u00fcr zu sorgen, dass der Abbau seines Standes bis sp\u00e4testens eine Stunde<br>nach Veranstaltungsende vollst\u00e4ndig abgeschlossen ist.<\/li>\n<\/ol>\n\n\n\n<hr class=\"wp-block-separator has-alpha-channel-opacity is-style-dots\"\/>\n\n\n\n<h5 class=\"wp-block-heading\">4. Verkehrsregelung<\/h5>\n\n\n\n<ol class=\"wp-block-list\">\n<li>Das Ordnungspersonal zeigt freie Park-\/ Standpl\u00e4tze an. Eine freie Parkplatzwahl ist nicht m\u00f6glich.<\/li>\n\n\n\n<li>Das Abstellen von Fahrzeugen ist nur in daf\u00fcr gekennzeichneten Fl\u00e4chen gestattet.<br>Au\u00dferhalb gekennzeichneter Fl\u00e4chen k\u00f6nnen Fahrzeuge ohne vorherige Ank\u00fcndigung auf<br>Kosten des Fahrzeughalters entfernt werden.<\/li>\n\n\n\n<li>Der Fahrzeuglenker stellt den Veranstalter mit Betreten\/Befahren der Veranstaltungsfl\u00e4che und der ausgewiesenen Parkpl\u00e4tze von jeglicher Haftung frei.<\/li>\n\n\n\n<li>Fahrr\u00e4der sind auf dem Gel\u00e4nde zu schieben.<\/li>\n\n\n\n<li>Das Befahren des Gel\u00e4ndes mit Inlineskates Rollern oder anderen Sportger\u00e4ten\/Fahrzeugen ist untersagt. Hunde sind kurz angeleint zu f\u00fchren.<\/li>\n<\/ol>\n\n\n\n<hr class=\"wp-block-separator has-alpha-channel-opacity is-style-dots\"\/>\n\n\n\n<h5 class=\"wp-block-heading\">5. Sauberkeit, Entsorgung<\/h5>\n\n\n\n<ol class=\"wp-block-list\">\n<li>Jeder Aussteller hat seinen Platz sauber zu verlassen. M\u00fcll ist mitzunehmen und privat zu<br>entsorgen! Am Stand vorgefundener M\u00fcll wird in jedem Fall dem jeweiligen Standinhaber<br>zugeordnet. Daf\u00fcr hat er eine weitere Standgeb\u00fchr zu entrichten und kann von der weiteren<br>Teilnahme ausgeschlossen werden.<\/li>\n\n\n\n<li>Evtl. vorhandene Abfallbeh\u00e4lter sind nicht f\u00fcr die Entsorgung von nicht verkauften<br>Flohmarktwaren bzw. deren Verpackungen bestimmt und d\u00fcrfen hierf\u00fcr nicht benutzt werden.<\/li>\n<\/ol>\n\n\n\n<hr class=\"wp-block-separator has-alpha-channel-opacity is-style-dots\"\/>\n\n\n\n<h5 class=\"wp-block-heading\">6. Speisen und Getr\u00e4nke<\/h5>\n\n\n\n<ol class=\"wp-block-list\">\n<li>Soweit nicht gesondert vom Veranstalter genehmigt, ist der Verkauf von Speisen und Getr\u00e4nken ausschlie\u00dflich den \u00f6rtlichen Vereinen und Institutionen erlaubt.<\/li>\n\n\n\n<li>Betreiber der Versorgungsst\u00e4nde m\u00fcssen sich bis zum 25. Februar schriftlich beim Veranstalter anmelden.<\/li>\n\n\n\n<li>Sofern die \u00f6rtlichen Vereine nicht in der Lage sind, f\u00fcr ein ausreichendes und vielf\u00e4ltiges Angebot zu sorgen, kann der Veranstalter andere Anbieter einladen.<\/li>\n\n\n\n<li>Jeder Betreiber eines Versorgungsstandes hat f\u00fcr den Auf- und Abbau sowie die Organisation auf eigene Gefahr selbst zu sorgen.<\/li>\n\n\n\n<li>Der Auf- und Abbau wird von einem Vertreter des Veranstalters an den markierten Pl\u00e4tzen koordiniert.<\/li>\n\n\n\n<li>Gesetzliche Vorschriften (z. B. Jugendschutzgesetz) und beh\u00f6rdliche Auflagen m\u00fcssen erf\u00fcllt werden. Dazu z\u00e4hlt auch ein Nachweis \u00fcber die Teilnahme an einer beh\u00f6rdlichen Informationsveranstaltung im hygienischen Umgang mit Lebensmitteln und Getr\u00e4nken.<\/li>\n\n\n\n<li>Verst\u00f6\u00dfe gegen Gesetze k\u00f6nnen empfindliche Strafen nach sich ziehen.<\/li>\n<\/ol>\n\n\n\n<hr class=\"wp-block-separator has-alpha-channel-opacity is-style-dots\"\/>\n\n\n\n<h5 class=\"wp-block-heading\">7. Sonstiges<\/h5>\n\n\n\n<ol class=\"wp-block-list\">\n<li>Mit Betreten des Gel\u00e4ndes stimmt jeder Anbieter\/Besucher foto-\/videografischen Aufzeichnungen unbefristet und \u00f6rtlich zur Verwendung in den Medien (z. B. Lokalzeitungen, Internet) unbegrenzt zu. Eine Verg\u00fctung f\u00fcr die Aufnahmen erfolgt nicht.<\/li>\n\n\n\n<li>Das Verteilen von Werbung auf dem gesamten Gel\u00e4nde ist untersagt.<\/li>\n\n\n\n<li>Feuer und offenes Licht sind verboten.<\/li>\n<\/ol>\n","protected":false},"excerpt":{"rendered":"<p>Die Flohmarktregeln des Vereins B\u00dcRGER F\u00dcR KALTENWEIDE e.V., im Folgenden \u201eVeranstalter\u201c genannt, dient der Sicherheit aller Verk\u00e4uferinnen und Verk\u00e4ufer sowie Besucherinnen und Besucher. Mit dem Betreten\/Befahren des Veranstaltungsgel\u00e4ndes werden diese Flohmarktregeln akzeptiert. 1. Sicherheit 2. Verk\u00e4uferinnen\/Verk\u00e4ufer 3. Standpl\u00e4tze, Verkaufsfl\u00e4chen 4.<\/p>\n","protected":false},"author":1,"featured_media":0,"parent":0,"menu_order":0,"comment_status":"closed","ping_status":"closed","template":"","meta":{"footnotes":""},"class_list":["post-45","page","type-page","status-publish","hentry"],"_links":{"self":[{"href":"https:\/\/www.buerger-fuer-kaltenweide.de\/abendflohmarkt\/wp-json\/wp\/v2\/pages\/45","targetHints":{"allow":["GET"]}}],"collection":[{"href":"https:\/\/www.buerger-fuer-kaltenweide.de\/abendflohmarkt\/wp-json\/wp\/v2\/pages"}],"about":[{"href":"https:\/\/www.buerger-fuer-kaltenweide.de\/abendflohmarkt\/wp-json\/wp\/v2\/types\/page"}],"author":[{"embeddable":true,"href":"https:\/\/www.buerger-fuer-kaltenweide.de\/abendflohmarkt\/wp-json\/wp\/v2\/users\/1"}],"replies":[{"embeddable":true,"href":"https:\/\/www.buerger-fuer-kaltenweide.de\/abendflohmarkt\/wp-json\/wp\/v2\/comments?post=45"}],"version-history":[{"count":2,"href":"https:\/\/www.buerger-fuer-kaltenweide.de\/abendflohmarkt\/wp-json\/wp\/v2\/pages\/45\/revisions"}],"predecessor-version":[{"id":49,"href":"https:\/\/www.buerger-fuer-kaltenweide.de\/abendflohmarkt\/wp-json\/wp\/v2\/pages\/45\/revisions\/49"}],"wp:attachment":[{"href":"https:\/\/www.buerger-fuer-kaltenweide.de\/abendflohmarkt\/wp-json\/wp\/v2\/media?parent=45"}],"curies":[{"name":"wp","href":"https:\/\/api.w.org\/{rel}","templated":true}]}}