{"id":31,"date":"2024-03-11T22:28:46","date_gmt":"2024-03-11T21:28:46","guid":{"rendered":"https:\/\/www.buerger-fuer-kaltenweide.de\/adventszauber\/adventszauber5\/"},"modified":"2025-11-10T20:35:36","modified_gmt":"2025-11-10T19:35:36","slug":"adventszauber5","status":"publish","type":"page","link":"https:\/\/www.buerger-fuer-kaltenweide.de\/adventszauber\/","title":{"rendered":"Willkommen zum Adventszauber auf dem Kaltenweider Platz \ud83c\udf84"},"content":{"rendered":"\n<div class=\"wp-block-columns is-layout-flex wp-container-core-columns-is-layout-9d6595d7 wp-block-columns-is-layout-flex\">\n<div class=\"wp-block-column is-layout-flow wp-block-column-is-layout-flow\" style=\"flex-basis:66.66%\">\n<h5 class=\"wp-block-heading\">Auf Initiative des\u00a0<strong>B\u00fcrger f\u00fcr Kaltenweide e.V. (BfK)<\/strong>\u00a0 und mit tatkr\u00e4ftiger Unterst\u00fctzung zahlreicher Kaltenweider Vereine &amp; Institutionen wird auf dem Kaltenweider Platz zur Advents- und Weihnachtszeit ein festlich geschm\u00fcckten\u00a0<strong>Weihnachtsbaum<\/strong>\u00a0\u2013 strahlend beleuchtet, liebevoll dekoriert mit selbstgebasteltem Baumschmuck aufgestellt.<\/h5>\n<\/div>\n\n\n\n<div class=\"wp-block-column is-layout-flow wp-block-column-is-layout-flow\" style=\"flex-basis:33.33%\">\n<h2 class=\"wp-block-heading\">R\u00fcckblick<\/h2>\n\n\n\n<p><a href=\"https:\/\/www.buerger-fuer-kaltenweide.de\/adventszauber\/adventszauber-2024\/\" data-type=\"page\" data-id=\"10031\">Adventszauber 2024<\/a><\/p>\n<\/div>\n<\/div>\n\n\n<div class=\"wp-block-image is-style-default\">\n<figure class=\"alignright size-full is-resized\"><img decoding=\"async\" src=\"https:\/\/www.buerger-fuer-kaltenweide.de\/wp-content\/uploads\/2024\/11\/IMG_6182-scaled.jpeg\" alt=\"(c) 2024 - Florian Windeck \/ B\u00fcrger f\u00fcr Kaltenweide e.V.\" class=\"wp-image-8961\" style=\"width:400px\"\/><figcaption class=\"wp-element-caption\">Adventszauber Kaltenweide 2024<\/figcaption><\/figure>\n<\/div>\n\n\n<p>Der&nbsp;<strong>geschm\u00fcckte Weihnachtsbaum<\/strong>&nbsp;steht dabei als Symbol f\u00fcr&nbsp;<strong>Einheit, W\u00e4rme und Zusammenhalt<\/strong>. Er erinnert uns daran, wie wertvoll es ist, Freude und Liebe miteinander zu teilen \u2013 besonders in der besinnlichen Zeit des Jahres.<\/p>\n\n\n\n<p>Der&nbsp;<strong>Adventszauber<\/strong>&nbsp;wird&nbsp;<strong>komplett aus Spenden finanziert<\/strong>&nbsp;und durch das Engagement zahlreicher&nbsp;<strong>Vereine und Institutionen aus Kaltenweide<\/strong>&nbsp;m\u00f6glich gemacht. Ein herzliches Dankesch\u00f6n an alle, die dazu beitragen, dass unser Ort in dieser besonderen Zeit im Lichterglanz erstrahlt.<\/p>\n\n\n\n<p><strong>Gemeinsam bringen wir den Adventszauber nach Kaltenweide \u2013 f\u00fcr alle Generationen, f\u00fcr mehr N\u00e4he, f\u00fcr mehr Herz.<\/strong><\/p>\n","protected":false},"excerpt":{"rendered":"<p>Auf Initiative des\u00a0B\u00fcrger f\u00fcr Kaltenweide e.V. (BfK)\u00a0 und mit tatkr\u00e4ftiger Unterst\u00fctzung zahlreicher Kaltenweider Vereine &amp; Institutionen wird auf dem Kaltenweider Platz zur Advents- und Weihnachtszeit ein festlich geschm\u00fcckten\u00a0Weihnachtsbaum\u00a0\u2013 strahlend beleuchtet, liebevoll dekoriert mit selbstgebasteltem Baumschmuck aufgestellt. R\u00fcckblick Adventszauber 2024 Der&nbsp;geschm\u00fcckte<\/p>\n","protected":false},"author":1,"featured_media":0,"parent":0,"menu_order":0,"comment_status":"closed","ping_status":"closed","template":"","meta":{"footnotes":""},"class_list":["post-31","page","type-page","status-publish","hentry"],"_links":{"self":[{"href":"https:\/\/www.buerger-fuer-kaltenweide.de\/adventszauber\/wp-json\/wp\/v2\/pages\/31","targetHints":{"allow":["GET"]}}],"collection":[{"href":"https:\/\/www.buerger-fuer-kaltenweide.de\/adventszauber\/wp-json\/wp\/v2\/pages"}],"about":[{"href":"https:\/\/www.buerger-fuer-kaltenweide.de\/adventszauber\/wp-json\/wp\/v2\/types\/page"}],"author":[{"embeddable":true,"href":"https:\/\/www.buerger-fuer-kaltenweide.de\/adventszauber\/wp-json\/wp\/v2\/users\/1"}],"replies":[{"embeddable":true,"href":"https:\/\/www.buerger-fuer-kaltenweide.de\/adventszauber\/wp-json\/wp\/v2\/comments?post=31"}],"version-history":[{"count":7,"href":"https:\/\/www.buerger-fuer-kaltenweide.de\/adventszauber\/wp-json\/wp\/v2\/pages\/31\/revisions"}],"predecessor-version":[{"id":74,"href":"https:\/\/www.buerger-fuer-kaltenweide.de\/adventszauber\/wp-json\/wp\/v2\/pages\/31\/revisions\/74"}],"wp:attachment":[{"href":"https:\/\/www.buerger-fuer-kaltenweide.de\/adventszauber\/wp-json\/wp\/v2\/media?parent=31"}],"curies":[{"name":"wp","href":"https:\/\/api.w.org\/{rel}","templated":true}]}}