{"id":33,"date":"2025-03-17T14:26:17","date_gmt":"2025-03-17T13:26:17","guid":{"rendered":"https:\/\/www.buerger-fuer-kaltenweide.de\/adventszauber\/adventszauber5\/adventszauber-2024\/"},"modified":"2025-03-26T21:00:07","modified_gmt":"2025-03-26T20:00:07","slug":"adventszauber-2024","status":"publish","type":"page","link":"https:\/\/www.buerger-fuer-kaltenweide.de\/adventszauber\/adventszauber5\/adventszauber-2024\/","title":{"rendered":"Adventszauber 2024"},"content":{"rendered":"<div class=\"wp-block-image is-style-default\">\n<figure class=\"alignright size-full is-resized\"><img decoding=\"async\" src=\"https:\/\/www.buerger-fuer-kaltenweide.de\/wp-content\/uploads\/2024\/11\/IMG_6182-scaled.jpeg\" alt=\"(c) 2024 - Florian Windeck \/ B\u00fcrger f\u00fcr Kaltenweide e.V.\" class=\"wp-image-8961\" style=\"width:400px\"\/><figcaption class=\"wp-element-caption\">Adventszauber Kaltenweide 2024<\/figcaption><\/figure>\n<\/div>\n\n\n<h5 class=\"wp-block-heading\">2024 war es soweit:: Auf Initiative des BfK bekam der Kaltenweider Platz zur Advents- und Weihnachtszeit einen Weihnachtsbaum &#8211; beleuchtet und geschm\u00fcckt mit selbstgebasteltem Baumschmuck.<\/h5>\n\n\n\n<p><strong>Das Anleuchten am 29. November 2024 wurde begleitet von einem kleines Fest auf dem Kaltenweider Platz, rund um den Weihnachtsbaum, bei dem die Bewohnerinnen und Bewohner des Alten- &amp; Pflegeheims &#8222;Margeritenhof&#8220; im Mittelpunkt standen.<\/strong><\/p>\n\n\n\n<p>Die Bewohnerinnen und Bewohner des Margeritenhof schauen zur Weihnachtszeit auf einen nicht festlichen Platz und k\u00f6nnen aus gesundheitlichen Gr\u00fcnden den Kaltenweider Weihnachtsmarkt auf dem Zellerieplatz nicht besuchen. Also bringen wir ihnen ein St\u00fcck Adventsstimmung und weihnachtlichen Lichterglanz zu ihnen.<\/p>\n\n\n\n<p>Ein geschm\u00fcckte und strahlende Baum symbolisiert Einheit, Gemeinschaft sowie W\u00e4rme und schafft eine festliche Kulisse, die uns alle verbinden und daran erinnern soll, die Freude und Liebe der Feiertage miteinander zu teilen.. <\/p>\n\n\n\n<h6 class=\"wp-block-heading\">Unterst\u00fctzende Vereine &amp; Institutionen 2024<\/h6>\n\n\n\n<figure class=\"wp-block-table\"><table class=\"has-fixed-layout\"><tbody><tr><td>B\u00fcrger f\u00fcr Kaltenweide e.V.<\/td><td>Gesamtorganisation<\/td><\/tr><tr><td>Deutsches Rotes Kreuz &#8211; Ortsverband Kr\u00e4henwinkel\/Kaltenweide  &amp; Jugendrotkreuz<\/td><td>Puffer mit Apfelmus &amp; Zucker \/ Kinderanimation<\/td><\/tr><tr><td>DRK  KiTa Kaltenweide<\/td><td>selbstgebastelter Baumschmuck<\/td><\/tr><tr><td>Ev. Matthias-Claudius-Kirchengemeinde Kaltenweide-Kr\u00e4henwinkel<\/td><td>Posaunenchor<\/td><\/tr><tr><td>F\u00f6rderverein der Grundschule Kaltenweide e.V.<\/td><td>Bratw\u00fcrste<\/td><\/tr><tr><td>Freiwillige Feuerwehr Kaltenweide \/ Jugendfeuerwehr Kaltenweide<\/td><td>Gl\u00fchwein und alkoholfrei Hei\u00dfgetr\u00e4nke<\/td><\/tr><tr><td>Grundschule Kaltenweide<\/td><td>selbstgebastelter Baumschmuck<\/td><\/tr><tr><td>Interessengemeinschaft Weiherfeld\/Kaltenweide<\/td><td>Finanzierung der Lichterkette<\/td><\/tr><tr><td>Kinderhaus Kaltenweide<\/td><td>Heisse Waffeln<\/td><\/tr><tr><td>Margeritenhof<\/td><td>Kakao &amp; Kartoffelsalat, Popcorn<\/td><\/tr><tr><td>Lutz Re\u00dfmeyer \/ Hofladen Bulle Bock Eber<\/td><td>Transport &amp; Aufstellen der Tanne<\/td><\/tr><tr><td>Ortsrat Kaltenweide<\/td><td>Finanzielle Unterst\u00fctzung f\u00fcr den Kauf &amp; Transport der Tanne<\/td><\/tr><\/tbody><\/table><\/figure>\n\n\n\n<p><\/p>\n","protected":false},"excerpt":{"rendered":"<p>2024 war es soweit:: Auf Initiative des BfK bekam der Kaltenweider Platz zur Advents- und Weihnachtszeit einen Weihnachtsbaum &#8211; beleuchtet und geschm\u00fcckt mit selbstgebasteltem Baumschmuck. Das Anleuchten am 29. November 2024 wurde begleitet von einem kleines Fest auf dem Kaltenweider<\/p>\n","protected":false},"author":1,"featured_media":0,"parent":31,"menu_order":0,"comment_status":"closed","ping_status":"closed","template":"","meta":{"footnotes":""},"class_list":["post-33","page","type-page","status-publish","hentry"],"_links":{"self":[{"href":"https:\/\/www.buerger-fuer-kaltenweide.de\/adventszauber\/wp-json\/wp\/v2\/pages\/33","targetHints":{"allow":["GET"]}}],"collection":[{"href":"https:\/\/www.buerger-fuer-kaltenweide.de\/adventszauber\/wp-json\/wp\/v2\/pages"}],"about":[{"href":"https:\/\/www.buerger-fuer-kaltenweide.de\/adventszauber\/wp-json\/wp\/v2\/types\/page"}],"author":[{"embeddable":true,"href":"https:\/\/www.buerger-fuer-kaltenweide.de\/adventszauber\/wp-json\/wp\/v2\/users\/1"}],"replies":[{"embeddable":true,"href":"https:\/\/www.buerger-fuer-kaltenweide.de\/adventszauber\/wp-json\/wp\/v2\/comments?post=33"}],"version-history":[{"count":1,"href":"https:\/\/www.buerger-fuer-kaltenweide.de\/adventszauber\/wp-json\/wp\/v2\/pages\/33\/revisions"}],"predecessor-version":[{"id":36,"href":"https:\/\/www.buerger-fuer-kaltenweide.de\/adventszauber\/wp-json\/wp\/v2\/pages\/33\/revisions\/36"}],"up":[{"embeddable":true,"href":"https:\/\/www.buerger-fuer-kaltenweide.de\/adventszauber\/wp-json\/wp\/v2\/pages\/31"}],"wp:attachment":[{"href":"https:\/\/www.buerger-fuer-kaltenweide.de\/adventszauber\/wp-json\/wp\/v2\/media?parent=33"}],"curies":[{"name":"wp","href":"https:\/\/api.w.org\/{rel}","templated":true}]}}