{"id":34,"date":"2025-03-17T14:28:39","date_gmt":"2025-03-17T13:28:39","guid":{"rendered":"https:\/\/www.buerger-fuer-kaltenweide.de\/adventszauber\/adventszauber5\/adventszauber-2025\/"},"modified":"2025-11-10T23:03:29","modified_gmt":"2025-11-10T22:03:29","slug":"adventszauber-2025","status":"publish","type":"page","link":"https:\/\/www.buerger-fuer-kaltenweide.de\/adventszauber\/adventszauber5\/adventszauber-2025\/","title":{"rendered":"Adventszauber 2025"},"content":{"rendered":"<div class=\"wp-block-image is-style-default\">\n<figure class=\"alignright size-full is-resized\"><img decoding=\"async\" src=\"https:\/\/www.buerger-fuer-kaltenweide.de\/wp-content\/uploads\/2024\/11\/IMG_6182-scaled.jpeg\" alt=\"(c) 2024 - Florian Windeck \/ B\u00fcrger f\u00fcr Kaltenweide e.V.\" class=\"wp-image-8961\" style=\"width:400px\"\/><figcaption class=\"wp-element-caption\">Adventszauber Kaltenweide 2024<\/figcaption><\/figure>\n<\/div>\n\n\n<h5 class=\"wp-block-heading\">Nach dem wundersch\u00f6nen Auftakt im vergangenen Jahr geht der&nbsp;<strong>Adventszauber in Kaltenweide<\/strong>&nbsp;in die n\u00e4chste Runde!<\/h5>\n\n\n\n<p>Dank der tatkr\u00e4ftigen Unterst\u00fctzung mehrerer Vereine und Institutionen aus Kaltenweide, erstrahlt der&nbsp;<strong>Kaltenweider Platz<\/strong>&nbsp;auch 2025 wieder in festlichem Glanz. Ein liebevoll geschm\u00fcckter Weihnachtsbaum \u2013 geschm\u00fcckt mit Kugeln die von den Sch\u00fclerinnen und Sch\u00fclern der Grundschule Kaltenweide gestaltet wurden \u2013 wird auch in diesem Jahr das Herzst\u00fcck des Platzes bilden.<\/p>\n\n\n\n<h6 class=\"wp-block-heading\">\ud83c\udf84 Das Anleuchten 2025<\/h6>\n\n\n\n<p>Am&nbsp;<strong>Freitag, den 28. November 2025<\/strong>, laden wir herzlich zum gemeinsamen&nbsp;<strong>Anleuchten des Weihnachtsbaums<\/strong>&nbsp;ein. Rund um den Baum erwartet die Besucherinnen und Besucher ein kleines, stimmungsvolles Fest mit Musik, hei\u00dfen Getr\u00e4nken und weihnachtlichen Leckereien.<\/p>\n\n\n\n<p>Wie schon im letzten Jahr stehen die&nbsp;<strong>Bewohnerinnen und Bewohner des Alten- &amp; Pflegeheims \u201eMargeritenhof\u201c<\/strong>&nbsp;im Mittelpunkt unseres Adventszaubers. Viele von ihnen k\u00f6nnen den Weihnachtsmarkt auf dem Zellerieplatz aus gesundheitlichen Gr\u00fcnden nicht besuchen \u2013 deshalb bringen wir ihnen die&nbsp;<strong>Adventsfreude und den Lichterglanz direkt vor die Haust\u00fcr<\/strong>.<\/p>\n\n\n\n<h6 class=\"wp-block-heading\">\ud83d\udcab Gemeinschaft, W\u00e4rme und Zusammenhalt<\/h6>\n\n\n\n<p>Der festlich geschm\u00fcckte Baum ist mehr als nur Dekoration \u2013 er ist ein&nbsp;<strong>Symbol f\u00fcr Gemeinschaft, Verbundenheit und W\u00e4rme<\/strong>.<br>Er erinnert uns daran, die Freude und Liebe der Weihnachtszeit miteinander zu teilen und gerade in dieser besonderen Jahreszeit f\u00fcreinander da zu sein.<\/p>\n\n\n\n<h6 class=\"wp-block-heading\">\u2764\ufe0f Ein Projekt aus der Nachbarschaft \u2013 f\u00fcr die Nachbarschaft<\/h6>\n\n\n\n<p>Der Adventszauber wird&nbsp;<strong>vollst\u00e4ndig aus Spenden finanziert<\/strong>&nbsp;und durch die engagierte Unterst\u00fctzung vieler&nbsp;<strong>Vereine, Institutionen und Helferinnen und Helfer aus Kaltenweide<\/strong>&nbsp;erm\u00f6glicht.<\/p>\n\n\n\n<p>Gemeinsam schaffen wir einen Ort, an dem&nbsp;<strong>Licht, Musik und Begegnung<\/strong>&nbsp;die Adventszeit zu etwas ganz Besonderem machen.<\/p>\n\n\n\n<hr class=\"wp-block-separator has-alpha-channel-opacity is-style-dots\"\/>\n\n\n\n<h6 class=\"wp-block-heading\">Unterst\u00fctzende Vereine &amp; Institutionen 2025<\/h6>\n\n\n\n<figure class=\"wp-block-table\"><table class=\"has-fixed-layout\"><tbody><tr><td><a href=\"https:\/\/www.buerger-fuer-kaltenweide.de\/wral\" target=\"_blank\" rel=\"noreferrer noopener\">AWO Kita Moorlilienweg \/ Familienzentrum Sonnenblume<\/a><\/td><td>Kinderanimation (Gestaltung von Kerzen)<\/td><\/tr><tr><td><a href=\"https:\/\/www.buerger-fuer-kaltenweide.de\" target=\"_blank\" rel=\"noreferrer noopener\">B\u00fcrger f\u00fcr Kaltenweide e.V.<\/a><\/td><td>Gesamtorganisation<\/td><\/tr><tr><td><a href=\"https:\/\/www.buerger-fuer-kaltenweide.de\/jxtx\">DRK-KiTa Langenhagen &#8222;Weiherfeld&#8220;<\/a><\/td><td>Kinderanimation (Glitertattoos)<\/td><\/tr><tr><td><a href=\"https:\/\/www.buerger-fuer-kaltenweide.de\/2t1v\" target=\"_blank\" rel=\"noreferrer noopener\">DRK Ortsverein Kr\u00e4henwinkel-Kaltenweide<\/a><\/td><td>Puffer mit Apfelmus &amp; Zucker<\/td><\/tr><tr><td>Ernst Wolkenhauer<\/td><td>Transport &amp; Aufstellen der Tanne<\/td><\/tr><tr><td><a href=\"https:\/\/www.buerger-fuer-kaltenweide.de\/m81a\" target=\"_blank\" rel=\"noreferrer noopener\">Ev. -lut. Matthias-Claudius-Kirchengemeinde Kaltenweide- Kr\u00e4henwinkel<\/a><\/td><td>Posaunenchor \/ Live-Musik<\/td><\/tr><tr><td>Familie Dankowsky<\/td><td>Bereitstellung des Weihnachtsbaumes<\/td><\/tr><tr><td><a href=\"https:\/\/www.buerger-fuer-kaltenweide.de\/ttav\">F\u00f6rderverein der Grundschule Kaltenweide e.V.<\/a><\/td><td>Grillstand<\/td><\/tr><tr><td><a href=\"https:\/\/www.buerger-fuer-kaltenweide.de\/6l81\" target=\"_blank\" rel=\"noreferrer noopener\">Freiwillige Feuerwehr Kaltenweide<\/a><\/td><td>Gl\u00fchwein und alkoholfrei Hei\u00dfgetr\u00e4nke<\/td><\/tr><tr><td><a href=\"https:\/\/www.buerger-fuer-kaltenweide.de\/nkc6\" target=\"_blank\" rel=\"noreferrer noopener\">Grundschule Kaltenweide<\/a><\/td><td>Live-Musik<\/td><\/tr><tr><td><a href=\"https:\/\/www.buerger-fuer-kaltenweide.de\/choere\/\" target=\"_blank\" rel=\"noreferrer noopener\">Kinder- &amp; Erwachsenenchor des Verein B\u00fcrger f\u00fcr Kaltenweide e.V.<\/a><\/td><td>Live-Musik<\/td><\/tr><tr><td><a href=\"https:\/\/www.buerger-fuer-kaltenweide.de\/3g4m\" target=\"_blank\" rel=\"noreferrer noopener\">Kinderhaus Kaltenweide<\/a><\/td><td>Frische heisse Waffeln<\/td><\/tr><tr><td><a href=\"https:\/\/www.buerger-fuer-kaltenweide.de\/rode\" target=\"_blank\" rel=\"noreferrer noopener\">Margeritenhof, tegeler Pflege &amp; Gesundheit<\/a><\/td><td>Kakao &amp; Popcorn<\/td><\/tr><tr><td>Treckerclub Kaltenweide von 1988 e.V.<\/td><td>Ausstellung historischer Traktoren<\/td><\/tr><tr><td><a href=\"https:\/\/www.buerger-fuer-kaltenweide.de\/zrcd\" target=\"_blank\" rel=\"noreferrer noopener\">Young Spirit Orchestra (YSO) des Sch\u00fctzenverein Kaltenweide von 1903 e.V.<\/a><\/td><td>Live-Musik<\/td><\/tr><\/tbody><\/table><\/figure>\n\n\n\n<p><\/p>\n\n\n\n<p><\/p>\n","protected":false},"excerpt":{"rendered":"<p>Nach dem wundersch\u00f6nen Auftakt im vergangenen Jahr geht der&nbsp;Adventszauber in Kaltenweide&nbsp;in die n\u00e4chste Runde! Dank der tatkr\u00e4ftigen Unterst\u00fctzung mehrerer Vereine und Institutionen aus Kaltenweide, erstrahlt der&nbsp;Kaltenweider Platz&nbsp;auch 2025 wieder in festlichem Glanz. Ein liebevoll geschm\u00fcckter Weihnachtsbaum \u2013 geschm\u00fcckt mit Kugeln<\/p>\n","protected":false},"author":1,"featured_media":0,"parent":31,"menu_order":0,"comment_status":"closed","ping_status":"closed","template":"","meta":{"footnotes":""},"class_list":["post-34","page","type-page","status-publish","hentry"],"_links":{"self":[{"href":"https:\/\/www.buerger-fuer-kaltenweide.de\/adventszauber\/wp-json\/wp\/v2\/pages\/34","targetHints":{"allow":["GET"]}}],"collection":[{"href":"https:\/\/www.buerger-fuer-kaltenweide.de\/adventszauber\/wp-json\/wp\/v2\/pages"}],"about":[{"href":"https:\/\/www.buerger-fuer-kaltenweide.de\/adventszauber\/wp-json\/wp\/v2\/types\/page"}],"author":[{"embeddable":true,"href":"https:\/\/www.buerger-fuer-kaltenweide.de\/adventszauber\/wp-json\/wp\/v2\/users\/1"}],"replies":[{"embeddable":true,"href":"https:\/\/www.buerger-fuer-kaltenweide.de\/adventszauber\/wp-json\/wp\/v2\/comments?post=34"}],"version-history":[{"count":12,"href":"https:\/\/www.buerger-fuer-kaltenweide.de\/adventszauber\/wp-json\/wp\/v2\/pages\/34\/revisions"}],"predecessor-version":[{"id":83,"href":"https:\/\/www.buerger-fuer-kaltenweide.de\/adventszauber\/wp-json\/wp\/v2\/pages\/34\/revisions\/83"}],"up":[{"embeddable":true,"href":"https:\/\/www.buerger-fuer-kaltenweide.de\/adventszauber\/wp-json\/wp\/v2\/pages\/31"}],"wp:attachment":[{"href":"https:\/\/www.buerger-fuer-kaltenweide.de\/adventszauber\/wp-json\/wp\/v2\/media?parent=34"}],"curies":[{"name":"wp","href":"https:\/\/api.w.org\/{rel}","templated":true}]}}