{"id":11,"date":"2024-10-15T23:34:05","date_gmt":"2024-10-15T21:34:05","guid":{"rendered":"https:\/\/www.buerger-fuer-kaltenweide.de\/choere\/?page_id=11"},"modified":"2025-04-13T10:42:53","modified_gmt":"2025-04-13T08:42:53","slug":"kinder-erwachsenenchor","status":"publish","type":"page","link":"https:\/\/www.buerger-fuer-kaltenweide.de\/choere\/","title":{"rendered":"Kinder- &amp; Erwachsenenchor"},"content":{"rendered":"\n<div class=\"wp-block-columns is-layout-flex wp-container-core-columns-is-layout-9d6595d7 wp-block-columns-is-layout-flex\">\n<div class=\"wp-block-column is-layout-flow wp-block-column-is-layout-flow\">\n<h5 class=\"wp-block-heading\">Der Kinderchor und der Erwachsenenchor (Scheunenchor) haben Ihren Ursprung in der Kaltenweider Musikschule &#8222;<em>Eine kleine Dorfmusik<\/em>&#8222;. Im November 2024 sind beide Ch\u00f6re in den Verein B\u00dcRGER F\u00dcR KALTENWEIDE e.V. integriert worden. Organisiert und geleitet werden beide Ch\u00f6re von der Chroleiterin Sophia Nee.<\/h5>\n<\/div>\n\n\n\n<div class=\"wp-block-column is-layout-flow wp-block-column-is-layout-flow\">\n<figure class=\"wp-block-image size-full\"><img decoding=\"async\" src=\"https:\/\/www.buerger-fuer-kaltenweide.de\/wp-content\/uploads\/2024\/10\/WhatsApp-Image-2024-10-03-at-10.31.50-e1727991564940.jpeg\" alt=\"(c) 2024 Dania Zimmer \/ BfK\" class=\"wp-image-8386\"\/><\/figure>\n<\/div>\n<\/div>\n\n\n\n<h6 class=\"wp-block-heading\" id=\"cc-m-header-14377734692\">Wir laden alle Interessierten, Kinder, Teenager und Erwachsenen dazu ein, zu einem Probesingen vorbeizukommen und die Ch\u00f6re pers\u00f6nlich zu erleben. Du hast noch nie im Chor gesungen und bringst noch keine weitere musikalische Vorerfahrung mit? Das macht gar nichts! In beiden Ch\u00f6ren sind Anf\u00e4nger*innen und Fortgeschrittene willkommen!<\/h6>\n\n\n\n<hr class=\"wp-block-separator has-alpha-channel-opacity is-style-wide\"\/>\n\n\n\n<div class=\"wp-block-columns is-layout-flex wp-container-core-columns-is-layout-9d6595d7 wp-block-columns-is-layout-flex\">\n<div class=\"wp-block-column is-layout-flow wp-block-column-is-layout-flow\">\n<h2 class=\"wp-block-heading\">Kinderchor<\/h2>\n\n\n\n<p>Donnerstags wird gesungen! Wir treffen uns mit unserer Chorleiterin Johanna jeden Donnerstag von 17:00 &#8211; 18:00 Uhr im Familienzentrum Sonnenblume in Kaltenweide-Langenhagen.<\/p>\n\n\n\n<p>Dich erwartet eine bunte Mischung verschiedener Lieder und Songs ganz unterschiedlicher Stilrichtungen.<\/p>\n\n\n\n<p>Wenn du zum Schnuppern vorbei schauen m\u00f6chtest, freuen wir uns sehr von dir zu h\u00f6ren. Komm einfach vorbei oder schreib uns eine Nachricht.<\/p>\n\n\n\n<p>Der Chor ist offen f\u00fcr alle Kinder zwischen 7 und 14 Jahren.<\/p>\n<\/div>\n\n\n\n<div class=\"wp-block-column is-layout-flow wp-block-column-is-layout-flow\">\n<h2 class=\"wp-block-heading\">Erwachsenenchor (Scheunenchor)<\/h2>\n\n\n\n<p>Beim Scheunenchor geht es nicht um Perfektion. Wir wollen gemeinsam Spa\u00df an unseren eigenen Stimmen haben und als Gruppe zusammenwachsen.<\/p>\n\n\n\n<p>Der Scheunenchor richtet sich an Erwachsene und Teenager. Hier kannst du einsteigen, sobald du f\u00fcr den Kinderchor zu alt geworden bist. Eine Teilnahme ist ab 14 Jahren m\u00f6glich! Vielleicht hast du ja sogar Lust, mit der ganzen Familie dabei zu sein.<\/p>\n\n\n\n<p>Geprobt wird einmal w\u00f6chentlich.<\/p>\n\n\n\n<p>Unser aktueller Probentermin ist immer donnerstags 19:00 Uhr bis 20:00 Uhr im Familienzentrum Sonnenblume.<\/p>\n<\/div>\n<\/div>\n\n\n\n<p><\/p>\n","protected":false},"excerpt":{"rendered":"<p>Der Kinderchor und der Erwachsenenchor (Scheunenchor) haben Ihren Ursprung in der Kaltenweider Musikschule &#8222;Eine kleine Dorfmusik&#8222;. Im November 2024 sind beide Ch\u00f6re in den Verein B\u00dcRGER F\u00dcR KALTENWEIDE e.V. integriert worden. Organisiert und geleitet werden beide Ch\u00f6re von der Chroleiterin<\/p>\n","protected":false},"author":1,"featured_media":0,"parent":0,"menu_order":0,"comment_status":"closed","ping_status":"closed","template":"","meta":{"footnotes":""},"class_list":["post-11","page","type-page","status-publish","hentry"],"_links":{"self":[{"href":"https:\/\/www.buerger-fuer-kaltenweide.de\/choere\/wp-json\/wp\/v2\/pages\/11","targetHints":{"allow":["GET"]}}],"collection":[{"href":"https:\/\/www.buerger-fuer-kaltenweide.de\/choere\/wp-json\/wp\/v2\/pages"}],"about":[{"href":"https:\/\/www.buerger-fuer-kaltenweide.de\/choere\/wp-json\/wp\/v2\/types\/page"}],"author":[{"embeddable":true,"href":"https:\/\/www.buerger-fuer-kaltenweide.de\/choere\/wp-json\/wp\/v2\/users\/1"}],"replies":[{"embeddable":true,"href":"https:\/\/www.buerger-fuer-kaltenweide.de\/choere\/wp-json\/wp\/v2\/comments?post=11"}],"version-history":[{"count":5,"href":"https:\/\/www.buerger-fuer-kaltenweide.de\/choere\/wp-json\/wp\/v2\/pages\/11\/revisions"}],"predecessor-version":[{"id":56,"href":"https:\/\/www.buerger-fuer-kaltenweide.de\/choere\/wp-json\/wp\/v2\/pages\/11\/revisions\/56"}],"wp:attachment":[{"href":"https:\/\/www.buerger-fuer-kaltenweide.de\/choere\/wp-json\/wp\/v2\/media?parent=11"}],"curies":[{"name":"wp","href":"https:\/\/api.w.org\/{rel}","templated":true}]}}