{"id":16,"date":"2024-10-16T00:22:50","date_gmt":"2024-10-15T22:22:50","guid":{"rendered":"https:\/\/www.buerger-fuer-kaltenweide.de\/choere\/?page_id=16"},"modified":"2024-10-16T01:14:00","modified_gmt":"2024-10-15T23:14:00","slug":"chorleitung","status":"publish","type":"page","link":"https:\/\/www.buerger-fuer-kaltenweide.de\/choere\/chorleitung\/","title":{"rendered":"Chorleitung"},"content":{"rendered":"\n<h6 class=\"wp-block-heading\">Johanna M\u00fcller stellt sich vor:<\/h6>\n\n\n<div class=\"wp-block-image\">\n<figure class=\"alignright size-large is-resized\"><img decoding=\"async\" src=\"https:\/\/www.buerger-fuer-kaltenweide.de\/wp-content\/uploads\/2024\/10\/1728561474936-scaled-e1729027318479.jpeg\" alt=\"\" style=\"width:350px\"\/><\/figure>\n<\/div>\n\n\n<p>Musik ist ein wesentlicher Bestandteil meines Lebens, gepr\u00e4gt von einer Kindheit in einem musikalischen Umfeld, das meine Leidenschaft nachhaltig beeinflusst hat.<\/p>\n\n\n\n<p>Seit 2018 studiere ich an der Hochschule f\u00fcr Musik, Theater und Medien im Fach\u00fcbergreifenden Bachelor mit den Schwerpunkten Jazz, Rock und Pop Gesang, Gitarre und Klaviet. 2024 habe ich mein Bachelorstudium erfolgreich abgeschlossen und setze nun meine akademische Laufbahn im Master of Education an der <a href=\"https:\/\/www.uni-hannover.de\" target=\"_blank\" rel=\"noreferrer noopener\">Gottfried-Leibniz-Universit\u00e4t<\/a> sowie an der <a href=\"https:\/\/www.hmtm-hannover.de\" target=\"_blank\" rel=\"noreferrer noopener\">Hochschule f\u00fcr Musik, Theater und Medien Hannover<\/a>\u00a0fort.<\/p>\n\n\n\n<p>W\u00e4hrend meines Studiums entwickelte ich durch mein Hauptfach Gesang eine besondere Faszination f\u00fcr die Stimmbildung. Dieses Thema ist nicht nur im Einzelunterricht von gro\u00dfer Bedeutung, sondern spielt auch eine zentrale Rolle in meiner Chorarbeit. Im Jahr 2022 \u00fcbernahm ich zun\u00e4chst eine Chorleitung in Rehburg-Loccum, bevor ich im Mai 2023 die Leitung des Scheunenchores in Langenhagen-Kaltenweide \u00fcbernahm. Seit Oktober 2023 leite ich zudem den neugegr\u00fcndeten Kinderchor in Kaltenweide-Langenhagen.,<\/p>\n\n\n\n<p>Es ist mir wichtig, dass die S\u00e4ngerinnen und S\u00e4nger \u2013 ob gro\u00df oder klein \u2013 mit Freude und Leichtigkeit eine gesunde Singstimme entwickeln und ihre Begeisterung f\u00fcr das Singen entdecken. Ich freue mich darauf, gemeinsam mit euch musikalische Erlebnisse zu schaffen!<\/p>\n\n\n\n<p><\/p>\n","protected":false},"excerpt":{"rendered":"<p>Johanna M\u00fcller stellt sich vor: Musik ist ein wesentlicher Bestandteil meines Lebens, gepr\u00e4gt von einer Kindheit in einem musikalischen Umfeld, das meine Leidenschaft nachhaltig beeinflusst hat. Seit 2018 studiere ich an der Hochschule f\u00fcr Musik, Theater und Medien im Fach\u00fcbergreifenden<\/p>\n","protected":false},"author":1,"featured_media":0,"parent":0,"menu_order":0,"comment_status":"closed","ping_status":"closed","template":"","meta":{"footnotes":""},"class_list":["post-16","page","type-page","status-publish","hentry"],"_links":{"self":[{"href":"https:\/\/www.buerger-fuer-kaltenweide.de\/choere\/wp-json\/wp\/v2\/pages\/16","targetHints":{"allow":["GET"]}}],"collection":[{"href":"https:\/\/www.buerger-fuer-kaltenweide.de\/choere\/wp-json\/wp\/v2\/pages"}],"about":[{"href":"https:\/\/www.buerger-fuer-kaltenweide.de\/choere\/wp-json\/wp\/v2\/types\/page"}],"author":[{"embeddable":true,"href":"https:\/\/www.buerger-fuer-kaltenweide.de\/choere\/wp-json\/wp\/v2\/users\/1"}],"replies":[{"embeddable":true,"href":"https:\/\/www.buerger-fuer-kaltenweide.de\/choere\/wp-json\/wp\/v2\/comments?post=16"}],"version-history":[{"count":8,"href":"https:\/\/www.buerger-fuer-kaltenweide.de\/choere\/wp-json\/wp\/v2\/pages\/16\/revisions"}],"predecessor-version":[{"id":37,"href":"https:\/\/www.buerger-fuer-kaltenweide.de\/choere\/wp-json\/wp\/v2\/pages\/16\/revisions\/37"}],"wp:attachment":[{"href":"https:\/\/www.buerger-fuer-kaltenweide.de\/choere\/wp-json\/wp\/v2\/media?parent=16"}],"curies":[{"name":"wp","href":"https:\/\/api.w.org\/{rel}","templated":true}]}}