{"id":121,"date":"2024-01-15T17:31:41","date_gmt":"2024-01-15T16:31:41","guid":{"rendered":"https:\/\/www.buerger-fuer-kaltenweide.de\/flohmarkt\/?page_id=121"},"modified":"2026-03-01T10:44:00","modified_gmt":"2026-03-01T09:44:00","slug":"termine","status":"publish","type":"page","link":"https:\/\/www.buerger-fuer-kaltenweide.de\/flohmarkt\/termine\/","title":{"rendered":"Termine"},"content":{"rendered":"\n<h5 class=\"wp-block-heading\">Der n\u00e4chsten Flohmarkt-Termine:<\/h5>\n\n\n\n<h6 class=\"wp-block-heading\">2026<\/h6>\n\n\n\n<figure class=\"wp-block-table\"><table><tbody><tr><td>26. April 2026<\/td><td>13:30 &#8211; 16:30 Uhr<\/td><td>Anmeldungen ab dem 09.03.2026 &#8211; 09:00 Uhr<\/td><\/tr><tr><td>13. September 2026<\/td><td>13:30 &#8211; 16:30 Uhr<\/td><td>Anmeldungen fr\u00fchestens 4 Wochen vor dem Flohmarkt<\/td><\/tr><\/tbody><\/table><\/figure>\n\n\n\n<h5 class=\"wp-block-heading\">Zur\u00fcckliegende Termine:<\/h5>\n\n\n\n<figure class=\"wp-block-table\"><table><tbody><tr><td>14. September 2025<\/td><td>Kaltenweider Platz<\/td><\/tr><tr><td>27. April 2025<\/td><td>Kaltenweider Platz<\/td><\/tr><tr><td>15. September 2024<\/td><td>Kaltenweider Platz<\/td><\/tr><tr><td>21. April 2024<\/td><td>Parkplatz &#8211; REWE Meczurat<\/td><\/tr><\/tbody><\/table><\/figure>\n\n\n\n<hr class=\"wp-block-separator has-alpha-channel-opacity is-style-dots\"\/>\n\n\n\n<h5 class=\"wp-block-heading\">Organisation unterst\u00fctzen<\/h5>\n\n\n\n<p>Wenn Du nicht nur verkaufen, sondern den Flohmarkt auch bei der Organisation unterst\u00fctzen m\u00f6chtest, melde Dich bitte \u00fcber unser Kontaltformular: <a href=\"https:\/\/www.buerger-fuer-kaltenweide.de\/flohmarkt\/unterstuetzer-werden\/\" data-type=\"page\" data-id=\"130\">Unterst\u00fctzer werden<\/a>.<\/p>\n","protected":false},"excerpt":{"rendered":"<p>Der n\u00e4chsten Flohmarkt-Termine: 2026 26. April 2026 13:30 &#8211; 16:30 Uhr Anmeldungen ab dem 09.03.2026 &#8211; 09:00 Uhr 13. September 2026 13:30 &#8211; 16:30 Uhr Anmeldungen fr\u00fchestens 4 Wochen vor dem Flohmarkt Zur\u00fcckliegende Termine: 14. September 2025 Kaltenweider Platz 27.<\/p>\n","protected":false},"author":1,"featured_media":0,"parent":0,"menu_order":0,"comment_status":"closed","ping_status":"closed","template":"","meta":{"footnotes":""},"class_list":["post-121","page","type-page","status-publish","hentry"],"_links":{"self":[{"href":"https:\/\/www.buerger-fuer-kaltenweide.de\/flohmarkt\/wp-json\/wp\/v2\/pages\/121","targetHints":{"allow":["GET"]}}],"collection":[{"href":"https:\/\/www.buerger-fuer-kaltenweide.de\/flohmarkt\/wp-json\/wp\/v2\/pages"}],"about":[{"href":"https:\/\/www.buerger-fuer-kaltenweide.de\/flohmarkt\/wp-json\/wp\/v2\/types\/page"}],"author":[{"embeddable":true,"href":"https:\/\/www.buerger-fuer-kaltenweide.de\/flohmarkt\/wp-json\/wp\/v2\/users\/1"}],"replies":[{"embeddable":true,"href":"https:\/\/www.buerger-fuer-kaltenweide.de\/flohmarkt\/wp-json\/wp\/v2\/comments?post=121"}],"version-history":[{"count":23,"href":"https:\/\/www.buerger-fuer-kaltenweide.de\/flohmarkt\/wp-json\/wp\/v2\/pages\/121\/revisions"}],"predecessor-version":[{"id":1381,"href":"https:\/\/www.buerger-fuer-kaltenweide.de\/flohmarkt\/wp-json\/wp\/v2\/pages\/121\/revisions\/1381"}],"wp:attachment":[{"href":"https:\/\/www.buerger-fuer-kaltenweide.de\/flohmarkt\/wp-json\/wp\/v2\/media?parent=121"}],"curies":[{"name":"wp","href":"https:\/\/api.w.org\/{rel}","templated":true}]}}