{"id":130,"date":"2024-01-15T19:00:19","date_gmt":"2024-01-15T18:00:19","guid":{"rendered":"https:\/\/www.buerger-fuer-kaltenweide.de\/flohmarkt\/?page_id=130"},"modified":"2024-01-15T19:05:42","modified_gmt":"2024-01-15T18:05:42","slug":"unterstuetzer-werden","status":"publish","type":"page","link":"https:\/\/www.buerger-fuer-kaltenweide.de\/flohmarkt\/unterstuetzer-werden\/","title":{"rendered":"Unterst\u00fctzer werden"},"content":{"rendered":"\n<h6 class=\"wp-block-heading\">Wir freuen uns sehr, dass Du Interesse hast, die Organisation des Flohmarkt in Kaltenweide tatkr\u00e4ftig zu unterst\u00fctzen. F\u00fclle bitte einfach das nachfolgende Formular aus, wir werden uns umgehend bei Dir melden.<\/h6>\n\n\n\n<div class=\"wpcf7 no-js\" id=\"wpcf7-f129-o1\" lang=\"de-DE\" dir=\"ltr\" data-wpcf7-id=\"129\">\n<div class=\"screen-reader-response\"><p role=\"status\" aria-live=\"polite\" aria-atomic=\"true\"><\/p> <ul><\/ul><\/div>\n<form action=\"\/flohmarkt\/wp-json\/wp\/v2\/pages\/130#wpcf7-f129-o1\" method=\"post\" class=\"wpcf7-form init\" aria-label=\"Kontaktformular\" novalidate=\"novalidate\" data-status=\"init\">\n<fieldset class=\"hidden-fields-container\"><input type=\"hidden\" name=\"_wpcf7\" value=\"129\" \/><input type=\"hidden\" name=\"_wpcf7_version\" value=\"6.1.5\" \/><input type=\"hidden\" name=\"_wpcf7_locale\" value=\"de_DE\" \/><input type=\"hidden\" name=\"_wpcf7_unit_tag\" value=\"wpcf7-f129-o1\" \/><input type=\"hidden\" name=\"_wpcf7_container_post\" value=\"0\" \/><input type=\"hidden\" name=\"_wpcf7_posted_data_hash\" value=\"\" \/>\n<\/fieldset>\n<b>Pers\u00f6nliche Daten<\/b><br>\n<br>\n<table style='width: 100%' align='center' border='0'>\n    <tbody>\n        <tr>\n            <td>Anrede:<\/td>\n            <td><span class=\"wpcf7-form-control-wrap\" data-name=\"anrede\"><select class=\"wpcf7-form-control wpcf7-select wpcf7-validates-as-required\" id=\"anrede\" aria-required=\"true\" aria-invalid=\"false\" name=\"anrede\"><option value=\"Frau\">Frau<\/option><option value=\"Herr\">Herr<\/option><\/select><\/span><\/td>\n        <\/tr>\n        <tr>\n            <td>Vorname:<\/td>\n            <td><span class=\"wpcf7-form-control-wrap\" data-name=\"vorname\"><input size=\"40\" maxlength=\"400\" class=\"wpcf7-form-control wpcf7-text wpcf7-validates-as-required\" id=\"vorname\" aria-required=\"true\" aria-invalid=\"false\" placeholder=\"Vorname\" value=\"\" type=\"text\" name=\"vorname\" \/><\/span><\/td>\n        <\/tr>\n        <tr>\n            <td>Nachname<\/td>\n            <td><span class=\"wpcf7-form-control-wrap\" data-name=\"nachname\"><input size=\"40\" maxlength=\"400\" class=\"wpcf7-form-control wpcf7-text wpcf7-validates-as-required\" id=\"nachname\" aria-required=\"true\" aria-invalid=\"false\" placeholder=\"Nachname\" value=\"\" type=\"text\" name=\"nachname\" \/><\/span><\/td>\n        <\/tr>\n        <tr>\n            <td>Telefonnummer:<\/td>\n            <td><span class=\"wpcf7-form-control-wrap\" data-name=\"telefonnummer\"><input size=\"40\" maxlength=\"400\" class=\"wpcf7-form-control wpcf7-text wpcf7-validates-as-required\" id=\"telefonnummer\" aria-required=\"true\" aria-invalid=\"false\" placeholder=\"Telefonnummer\" value=\"\" type=\"text\" name=\"telefonnummer\" \/><\/span><\/td>\n        <\/tr>\n        <tr>\n            <td>E-Mail-Adresse:<\/td>\n            <td><span class=\"wpcf7-form-control-wrap\" data-name=\"your-email\"><input size=\"40\" maxlength=\"400\" class=\"wpcf7-form-control wpcf7-email wpcf7-validates-as-required wpcf7-text wpcf7-validates-as-email\" id=\"your-email\" autocomplete=\"email\" aria-required=\"true\" aria-invalid=\"false\" value=\"\" type=\"email\" name=\"your-email\" \/><\/span><\/td>\n        <\/tr>\n\n    <\/tbody>\n<\/table>\n\n<label> Deine Nachricht (optional)\n    <span class=\"wpcf7-form-control-wrap\" data-name=\"your-message\"><textarea cols=\"40\" rows=\"10\" maxlength=\"2000\" class=\"wpcf7-form-control wpcf7-textarea\" id=\"your-message\" aria-invalid=\"false\" name=\"your-message\"><\/textarea><\/span> <\/label>\n\n\n<input class=\"wpcf7-form-control wpcf7-submit has-spinner\" type=\"submit\" value=\"Senden\" \/><p style=\"display: none !important;\" class=\"akismet-fields-container\" data-prefix=\"_wpcf7_ak_\"><label>&#916;<textarea name=\"_wpcf7_ak_hp_textarea\" cols=\"45\" rows=\"8\" maxlength=\"100\"><\/textarea><\/label><input type=\"hidden\" id=\"ak_js_1\" name=\"_wpcf7_ak_js\" value=\"194\"\/><script>document.getElementById( \"ak_js_1\" ).setAttribute( \"value\", ( new Date() ).getTime() );<\/script><\/p><div class=\"wpcf7-response-output\" aria-hidden=\"true\"><\/div>\n<\/form>\n<\/div>\n\n","protected":false},"excerpt":{"rendered":"<p>Wir freuen uns sehr, dass Du Interesse hast, die Organisation des Flohmarkt in Kaltenweide tatkr\u00e4ftig zu unterst\u00fctzen. F\u00fclle bitte einfach das nachfolgende Formular aus, wir werden uns umgehend bei Dir melden.<\/p>\n","protected":false},"author":1,"featured_media":0,"parent":0,"menu_order":0,"comment_status":"closed","ping_status":"closed","template":"","meta":{"footnotes":""},"class_list":["post-130","page","type-page","status-publish","hentry"],"_links":{"self":[{"href":"https:\/\/www.buerger-fuer-kaltenweide.de\/flohmarkt\/wp-json\/wp\/v2\/pages\/130","targetHints":{"allow":["GET"]}}],"collection":[{"href":"https:\/\/www.buerger-fuer-kaltenweide.de\/flohmarkt\/wp-json\/wp\/v2\/pages"}],"about":[{"href":"https:\/\/www.buerger-fuer-kaltenweide.de\/flohmarkt\/wp-json\/wp\/v2\/types\/page"}],"author":[{"embeddable":true,"href":"https:\/\/www.buerger-fuer-kaltenweide.de\/flohmarkt\/wp-json\/wp\/v2\/users\/1"}],"replies":[{"embeddable":true,"href":"https:\/\/www.buerger-fuer-kaltenweide.de\/flohmarkt\/wp-json\/wp\/v2\/comments?post=130"}],"version-history":[{"count":3,"href":"https:\/\/www.buerger-fuer-kaltenweide.de\/flohmarkt\/wp-json\/wp\/v2\/pages\/130\/revisions"}],"predecessor-version":[{"id":136,"href":"https:\/\/www.buerger-fuer-kaltenweide.de\/flohmarkt\/wp-json\/wp\/v2\/pages\/130\/revisions\/136"}],"wp:attachment":[{"href":"https:\/\/www.buerger-fuer-kaltenweide.de\/flohmarkt\/wp-json\/wp\/v2\/media?parent=130"}],"curies":[{"name":"wp","href":"https:\/\/api.w.org\/{rel}","templated":true}]}}