{"id":77,"date":"2024-03-16T13:46:43","date_gmt":"2024-03-16T12:46:43","guid":{"rendered":"https:\/\/www.buerger-fuer-kaltenweide.de\/flohmarkt\/?page_id=77"},"modified":"2025-08-11T21:22:09","modified_gmt":"2025-08-11T19:22:09","slug":"faq","status":"publish","type":"page","link":"https:\/\/www.buerger-fuer-kaltenweide.de\/flohmarkt\/faq\/","title":{"rendered":"FAQ"},"content":{"rendered":"\n<div class=\"wp-block-columns is-layout-flex wp-container-core-columns-is-layout-9d6595d7 wp-block-columns-is-layout-flex\">\n<div class=\"wp-block-column is-layout-flow wp-block-column-is-layout-flow\">\n<h5 class=\"wp-block-heading\">1. Wie kann ich mich anmelden?<\/h5>\n\n\n\n<p>Die Anmeldung ist <strong>ausschliesslich online<\/strong> \u00fcber die Buchungsseite &#8222;Standplatz buchen&#8220; .m\u00f6glich. Die Buchungsseite f\u00fcr den Flohmarkt am 14.09.2025 steht ab dem 14. August &#8211; 08:00 Uhr zur Verf\u00fcgung.<\/p>\n<\/div>\n\n\n\n<div class=\"wp-block-column is-layout-flow wp-block-column-is-layout-flow\">\n<h5 class=\"wp-block-heading\">2. Bekomme ich eine Teilnahmebest\u00e4tigung?<\/h5>\n\n\n\n<p><strong>Ja<\/strong>, mit Abschluss der Buchung h\u00e4ltst Du eine Best\u00e4tigung per Mail.<\/p>\n<\/div>\n<\/div>\n\n\n\n<hr class=\"wp-block-separator has-alpha-channel-opacity is-style-dots\"\/>\n\n\n\n<div class=\"wp-block-columns is-layout-flex wp-container-core-columns-is-layout-9d6595d7 wp-block-columns-is-layout-flex\">\n<div class=\"wp-block-column is-layout-flow wp-block-column-is-layout-flow\">\n<h5 class=\"wp-block-heading\">3. Wie hoch ist die Standgeb\u00fchr<\/h5>\n\n\n\n<p>Die <strong>Standgeb\u00fchr<\/strong> betr\u00e4gt <strong>5,00 EUR<\/strong>..<\/p>\n<\/div>\n\n\n\n<div class=\"wp-block-column is-layout-flow wp-block-column-is-layout-flow\">\n<h5 class=\"wp-block-heading\">4. Wann muss die Standgeb\u00fchr bezahlt werden?<\/h5>\n\n\n\n<p>Die Standgeb\u00fchr muss bei Buchung des Standplatzes bezahlt werden Wir akzeptieren&nbsp;<strong>Kredit- und Debitkarten<\/strong>,&nbsp;<strong>Apple Pay<\/strong>,&nbsp;<strong>Google Pay<\/strong>&nbsp;und&nbsp;<strong>PayPal<\/strong>. <strong>Andere Zahlungsarten sind leider nicht m\u00f6glich.<\/strong><\/p>\n<\/div>\n<\/div>\n\n\n\n<hr class=\"wp-block-separator has-alpha-channel-opacity is-style-dots\"\/>\n\n\n\n<div class=\"wp-block-columns is-layout-flex wp-container-core-columns-is-layout-9d6595d7 wp-block-columns-is-layout-flex\">\n<div class=\"wp-block-column is-layout-flow wp-block-column-is-layout-flow\">\n<h5 class=\"wp-block-heading\">5. Wann beginnt der Aufbau?<\/h5>\n\n\n\n<p>Der Aufbau erfolgt am Veranstaltungstag <strong>ab 12:00 Uhr<\/strong> und muss bis 13:30 Uhr (Veranstaltungsbeginn) abgeschlossen sein.<\/p>\n<\/div>\n\n\n\n<div class=\"wp-block-column is-layout-flow wp-block-column-is-layout-flow\">\n<h5 class=\"wp-block-heading\">6. Kann ich mir einen Standplatz aussuchen?<\/h5>\n\n\n\n<p><strong>Ja! <\/strong>Unter der Rubrik&nbsp;<strong>&#8222;Lageplan&#8220;<\/strong>&nbsp;findest Du eine \u00dcbersicht, wo sich die Standpl\u00e4tze auf dem&nbsp;<strong>Kaltenweider Platz<\/strong>, der&nbsp;<strong>Helene-Lange-Passage<\/strong>&nbsp;und der&nbsp;<strong>Elisabeth-Granier-Passage<\/strong>&nbsp;befinden.<\/p>\n<\/div>\n<\/div>\n\n\n\n<hr class=\"wp-block-separator has-alpha-channel-opacity is-style-dots\"\/>\n\n\n\n<h5 class=\"wp-block-heading\">7. Wie gro\u00df darf der Stand sein?<\/h5>\n\n\n\n<p>Ein Stand darf die Gr\u00f6\u00dfe von maximal 3 Metern. Dabei ist rechts und links selbst\u00e4ndig etwas Platz zu lassen, damit die Verk\u00e4ufer sich zwischen den Verkaufsst\u00e4nden bewegen k\u00f6nnen.<\/p>\n\n\n\n<hr class=\"wp-block-separator has-alpha-channel-opacity is-style-dots\"\/>\n\n\n\n<h5 class=\"wp-block-heading\">8. Ab wann kann ich abbauen?<\/h5>\n\n\n\n<p>Ein Abbauen Ihres Standes vor Veranstaltungsende um <strong>16:30 Uhr <\/strong>ist nicht m\u00f6glich. Es gibt Besucher, die sp\u00e4t kommen. Auch jene Besucher m\u00f6chten nicht vor leeren Verkaufsst\u00e4nden stehen. Wer fr\u00fcher abbaut wird von k\u00fcnftigen Flohm\u00e4rkten ausgeschlossen.<\/p>\n\n\n\n<p><strong>WICHTIG: Der Standplatz ist nach Abbau frei von M\u00fcll zu hinterlassen.<\/strong><\/p>\n\n\n\n<hr class=\"wp-block-separator has-alpha-channel-opacity is-style-dots\"\/>\n\n\n\n<h5 class=\"wp-block-heading\">9. Was passiert bei schlechtem Wetter?<\/h5>\n\n\n\n<p>Sollte der Wetterbericht f\u00fcr den Tag absehbar schlecht sein (Dauerregen am Nachmittag oder \u00e4hnliches), w\u00fcrden wir die Veranstaltung kurzfristig absagen. Wir informieren die angemeldeten Teilnehmer dann per E-Mail. Bitte schauen Sie daher am Tag des Flohmarkts in Ihre E-Mails. Eine Standgeb\u00fchr ist bei Absage der Veranstaltung nat\u00fcrlich <strong>nicht<\/strong> zu entrichten.<\/p>\n\n\n\n<hr class=\"wp-block-separator has-alpha-channel-opacity is-style-dots\"\/>\n\n\n\n<h5 class=\"wp-block-heading\">10. Kann ich mir den Stand mit einer weiteren Person teilen?<\/h5>\n\n\n\n<p><strong>Nein ! <\/strong>Pro Stand ist maximal ein Verk\u00e4ufer \/ eine Verk\u00e4uferin. vorgesehen<\/p>\n\n\n\n<hr class=\"wp-block-separator has-alpha-channel-opacity is-style-dots\"\/>\n\n\n\n<h5 class=\"wp-block-heading\">11. Ist bei dem Standplatz ein Tisch oder \u00e4hnliches dabei?<\/h5>\n\n\n\n<p><strong>Nein.<\/strong> Wir vermieten ausschliesslich die  Standfl\u00e4chen. Tische, Pavillon, Schirme oder Sitzgelegenheiten musst Du Dir in jedem Fall selbst mitbringen. <\/p>\n\n\n\n<hr class=\"wp-block-separator has-alpha-channel-opacity is-style-dots\"\/>\n\n\n\n<h5 class=\"wp-block-heading\">12. Kann ich meine Teilnahme wieder absagen?<\/h5>\n\n\n\n<p>Ja, eine Absage ist jederzeit m\u00f6glich. Um den Standplatz ggf. neu vergeben zu k\u00f6nnen bitten wir darum, dies bis sp\u00e4testens 24 Stunden vor der Veranstaltung zu tun. Die Standgeb\u00fchr wird abz\u00fcglich einer Bearbeitungsgeb\u00fchr in H\u00f6he von 1,00 EUR erstattet.<\/p>\n\n\n\n<hr class=\"wp-block-separator has-alpha-channel-opacity is-style-dots\"\/>\n\n\n\n<h5 class=\"wp-block-heading\">13. Was darf ich verkaufen?<\/h5>\n\n\n\n<p>Selbstverst\u00e4ndlich muss das Angebot in Einklang mit <strong>geltenden Gesetzen<\/strong> (z. B. Jugenschutzgesetz) stehen. Es handelt sich um einen Flohmarkt der sich ausschlie\u00dflich an <strong>private Verk\u00e4ufer<\/strong> richtet. Der gewerbsm\u00e4\u00dfige Verkauf ist nicht erlaubt! Auch der Verkauf von Snacks, Getr\u00e4nken, etc. ist nicht erw\u00fcnscht.<\/p>\n\n\n\n<hr class=\"wp-block-separator has-alpha-channel-opacity is-style-dots\"\/>\n\n\n\n<h5 class=\"wp-block-heading\">14. Fremdwerbung?<\/h5>\n\n\n\n<p>Jegliche Fremdwerbung auf unserem Flohmarkt ist <strong>ohne unsere Zustimmung verboten<\/strong>.<\/p>\n","protected":false},"excerpt":{"rendered":"<p>1. Wie kann ich mich anmelden? Die Anmeldung ist ausschliesslich online \u00fcber die Buchungsseite &#8222;Standplatz buchen&#8220; .m\u00f6glich. Die Buchungsseite f\u00fcr den Flohmarkt am 14.09.2025 steht ab dem 14. August &#8211; 08:00 Uhr zur Verf\u00fcgung. 2. Bekomme ich eine Teilnahmebest\u00e4tigung? Ja,<\/p>\n","protected":false},"author":1,"featured_media":0,"parent":0,"menu_order":0,"comment_status":"closed","ping_status":"closed","template":"","meta":{"footnotes":""},"class_list":["post-77","page","type-page","status-publish","hentry"],"_links":{"self":[{"href":"https:\/\/www.buerger-fuer-kaltenweide.de\/flohmarkt\/wp-json\/wp\/v2\/pages\/77","targetHints":{"allow":["GET"]}}],"collection":[{"href":"https:\/\/www.buerger-fuer-kaltenweide.de\/flohmarkt\/wp-json\/wp\/v2\/pages"}],"about":[{"href":"https:\/\/www.buerger-fuer-kaltenweide.de\/flohmarkt\/wp-json\/wp\/v2\/types\/page"}],"author":[{"embeddable":true,"href":"https:\/\/www.buerger-fuer-kaltenweide.de\/flohmarkt\/wp-json\/wp\/v2\/users\/1"}],"replies":[{"embeddable":true,"href":"https:\/\/www.buerger-fuer-kaltenweide.de\/flohmarkt\/wp-json\/wp\/v2\/comments?post=77"}],"version-history":[{"count":48,"href":"https:\/\/www.buerger-fuer-kaltenweide.de\/flohmarkt\/wp-json\/wp\/v2\/pages\/77\/revisions"}],"predecessor-version":[{"id":1200,"href":"https:\/\/www.buerger-fuer-kaltenweide.de\/flohmarkt\/wp-json\/wp\/v2\/pages\/77\/revisions\/1200"}],"wp:attachment":[{"href":"https:\/\/www.buerger-fuer-kaltenweide.de\/flohmarkt\/wp-json\/wp\/v2\/media?parent=77"}],"curies":[{"name":"wp","href":"https:\/\/api.w.org\/{rel}","templated":true}]}}