{"id":6,"date":"2024-03-27T12:02:00","date_gmt":"2024-03-27T11:02:00","guid":{"rendered":"https:\/\/www.buerger-fuer-kaltenweide.de\/garten\/?page_id=6"},"modified":"2025-05-12T09:23:34","modified_gmt":"2025-05-12T07:23:34","slug":"startseite","status":"publish","type":"page","link":"https:\/\/www.buerger-fuer-kaltenweide.de\/garten\/","title":{"rendered":"Der Blumen- &#038; Gem\u00fcsegarten"},"content":{"rendered":"\n<h5 class=\"wp-block-heading\" id=\"am-ende-der-pfeifengrasstrasse-in-unmittelbarer-nahe-des-interkulturellen-erlebnispark-kaltenweide-ikep-realisiert-der-bfk-einen-offenen-garten-zum-mitmachen-fur-alle-interessierten\">Am Ende der Pfeifengrasstrasse in unmittelbarer N\u00e4he des Interkulturellen Erlebnispark Kaltenweide (IKEP) realisiert der BfK einen offenen Garten zum Mitmachen f\u00fcr alle Interessierten.<\/h5>\n\n\n\n<div style=\"height:28px\" aria-hidden=\"true\" class=\"wp-block-spacer\"><\/div>\n\n\n\n<div class=\"wp-block-columns is-layout-flex wp-container-core-columns-is-layout-9d6595d7 wp-block-columns-is-layout-flex\">\n<div class=\"wp-block-column is-layout-flow wp-block-column-is-layout-flow\">\n<div class=\"wp-block-media-text alignwide has-media-on-the-right is-stacked-on-mobile is-vertically-aligned-center has-background\" style=\"background-color:#f1f5c7;grid-template-columns:auto 31%\"><div class=\"wp-block-media-text__content\">\n<div class=\"wp-block-group\" style=\"padding-top:2em;padding-right:2em;padding-bottom:2em;padding-left:2em\"><div class=\"wp-block-group__inner-container is-layout-flow wp-block-group-is-layout-flow\">\n<h1 class=\"wp-block-heading\" style=\"font-size:36px\"><strong>Auftakt im Blumen &amp; Gem\u00fcsegarten am<\/strong> <strong>15.05.2025<\/strong><br>16:00 &#8211; 18:00 Uhr im Garten<\/h1>\n\n\n\n<p><strong>Sei dabei und melde Dich bei uns, wenn Du in der Saison 2025 mitwirken m\u00f6chtest !<\/strong><\/p>\n<\/div><\/div>\n\n\n\n<p><\/p>\n<\/div><figure class=\"wp-block-media-text__media\"><img decoding=\"async\" src=\"https:\/\/s.w.org\/patterns\/files\/2021\/06\/pear-1-1024x1024.png\" alt=\"\" class=\"wp-image-5263 size-full\"\/><\/figure><\/div>\n<\/div>\n\n\n\n<div class=\"wp-block-column is-layout-flow wp-block-column-is-layout-flow\">\n<figure class=\"wp-block-image size-large\"><img decoding=\"async\" src=\"https:\/\/www.buerger-fuer-kaltenweide.de\/wp-content\/uploads\/2018\/08\/IMG_8024-1024x768.jpg\" alt=\"\"\/><\/figure>\n<\/div>\n<\/div>\n\n\n\n<h5 class=\"wp-block-heading\">&nbsp;<\/h5>\n","protected":false},"excerpt":{"rendered":"<p>Am Ende der Pfeifengrasstrasse in unmittelbarer N\u00e4he des Interkulturellen Erlebnispark Kaltenweide (IKEP) realisiert der BfK einen offenen Garten zum Mitmachen f\u00fcr alle Interessierten. Auftakt im Blumen &amp; Gem\u00fcsegarten am 15.05.202516:00 &#8211; 18:00 Uhr im Garten Sei dabei und melde Dich<\/p>\n","protected":false},"author":1,"featured_media":0,"parent":0,"menu_order":0,"comment_status":"closed","ping_status":"closed","template":"","meta":{"footnotes":""},"class_list":["post-6","page","type-page","status-publish","hentry"],"_links":{"self":[{"href":"https:\/\/www.buerger-fuer-kaltenweide.de\/garten\/wp-json\/wp\/v2\/pages\/6","targetHints":{"allow":["GET"]}}],"collection":[{"href":"https:\/\/www.buerger-fuer-kaltenweide.de\/garten\/wp-json\/wp\/v2\/pages"}],"about":[{"href":"https:\/\/www.buerger-fuer-kaltenweide.de\/garten\/wp-json\/wp\/v2\/types\/page"}],"author":[{"embeddable":true,"href":"https:\/\/www.buerger-fuer-kaltenweide.de\/garten\/wp-json\/wp\/v2\/users\/1"}],"replies":[{"embeddable":true,"href":"https:\/\/www.buerger-fuer-kaltenweide.de\/garten\/wp-json\/wp\/v2\/comments?post=6"}],"version-history":[{"count":12,"href":"https:\/\/www.buerger-fuer-kaltenweide.de\/garten\/wp-json\/wp\/v2\/pages\/6\/revisions"}],"predecessor-version":[{"id":112,"href":"https:\/\/www.buerger-fuer-kaltenweide.de\/garten\/wp-json\/wp\/v2\/pages\/6\/revisions\/112"}],"wp:attachment":[{"href":"https:\/\/www.buerger-fuer-kaltenweide.de\/garten\/wp-json\/wp\/v2\/media?parent=6"}],"curies":[{"name":"wp","href":"https:\/\/api.w.org\/{rel}","templated":true}]}}