{"id":6,"date":"2024-07-01T21:44:57","date_gmt":"2024-07-01T19:44:57","guid":{"rendered":"https:\/\/www.buerger-fuer-kaltenweide.de\/nahwaerme\/?page_id=6"},"modified":"2026-03-17T23:24:42","modified_gmt":"2026-03-17T22:24:42","slug":"nahwaerme-in-kaltenweide","status":"publish","type":"page","link":"https:\/\/www.buerger-fuer-kaltenweide.de\/nahwaerme\/","title":{"rendered":"Nahw\u00e4rme in Kaltenweide"},"content":{"rendered":"<div class=\"wp-block-image\">\n<figure class=\"alignright\"><img decoding=\"async\" src=\"https:\/\/www.buerger-fuer-kaltenweide.de\/wp-content\/uploads\/2018\/07\/epl-blockheizkraftwerk-kaltenweide-300x200.jpg\" alt=\"(C) BfK \/ Florian Windeck\"\/><figcaption class=\"wp-element-caption\">Das Blockheizkraftwerk in Kaltenweide<\/figcaption><\/figure>\n<\/div>\n\n\n<p>Die Energie-Projektgesellschaft Langenhagen (EPL) versorgt gro\u00dfe Teile von Kaltenweide mit Nahw\u00e4rme. Diese wird in einem Blockheizkraftwerk erzeugt und gelangt in Form von hei\u00dfem Wasser \u00fcber ein Rohrleitungssystem zu den Abnehmern.<\/p>\n\n\n\n<p>Das 2007 in Betrieb genommene Heizkraftwerk an der Maria-Montessori-Stra\u00dfe&nbsp;wird mit Erdgas und seit Fr\u00fchjahr 2009 auch mit Biogas aus einer eigenen Biogasanlage &#8211; betrieben durch die <em>Biogasanlage Kaltenweide &#8211; BiKa GmbH &amp; Co. KG<\/em> &#8211; die sich an der Autobahnabfahrt &#8222;Kaltenweide&#8220; an der A352 befindet, betrieben.<\/p>\n\n\n\n<p>Laut EPL-Angabe ist die Nahw\u00e4rmeversorgung jedoch nur dann wirtschaftlich, wenn die Technik konsequent und fl\u00e4chendeckend eingesetzt wird. Deshalb gilt f\u00fcr das Versorgungsgebiet &#8222;Weiherfeld&#8220; eine <a href=\"https:\/\/www.buerger-fuer-kaltenweide.de\/nahwaerme\/nahwaermesatzung-stand-16-01-2011\/\" data-type=\"page\" data-id=\"1710\" target=\"_blank\" rel=\"noreferrer noopener\">Nahw\u00e4rmesatzung<\/a>. Diese verpflichtet alle Bewohner in einem festgelegten Gebiet sich an das Versorgungsnetz der EPL anschliessen zu lassen<\/p>\n\n\n\n<hr class=\"wp-block-separator has-css-opacity\"\/>\n\n\n\n<div class=\"wp-block-columns is-layout-flex wp-container-core-columns-is-layout-9d6595d7 wp-block-columns-is-layout-flex\">\n<div class=\"wp-block-column is-layout-flow wp-block-column-is-layout-flow\" style=\"flex-basis:50%\">\n<div class=\"wp-block-group\"><div class=\"wp-block-group__inner-container is-layout-flow wp-block-group-is-layout-flow\">\n<h5 class=\"wp-block-heading\">Aktuelle Preise<\/h5>\n<\/div><\/div>\n\n\n\n<figure class=\"wp-block-table is-style-stripes\"><table><thead><tr><th><\/th><th class=\"has-text-align-center\" data-align=\"center\">ab 01.01.2026<\/th><th class=\"has-text-align-center\" data-align=\"center\">10\/2025 &#8211; 12\/2025<\/th><\/tr><\/thead><tbody><tr><td>Jahresleistungspreis LP<\/td><td class=\"has-text-align-center\" data-align=\"center\">76,12 \u20ac\/kW<\/td><td class=\"has-text-align-center\" data-align=\"center\">75,40 \u20ac\/kW<\/td><\/tr><tr><td>Nachlass auf den Jahresleistungspreis LP<\/td><td class=\"has-text-align-center\" data-align=\"center\">18,30&nbsp;\u20ac\/kW<\/td><td class=\"has-text-align-center\" data-align=\"center\">18,30&nbsp;\u20ac\/kW<\/td><\/tr><tr><td>Jahresleistungspreis LP <br>angewendet<\/td><td class=\"has-text-align-center\" data-align=\"center\">57,82\u00a0\u20ac\/kW<\/td><td class=\"has-text-align-center\" data-align=\"center\">57,10\u00a0\u20ac\/kW<\/td><\/tr><tr><td><\/td><td class=\"has-text-align-center\" data-align=\"center\"><\/td><td class=\"has-text-align-center\" data-align=\"center\"><\/td><\/tr><tr><td>Arbeitspreis AP<\/td><td class=\"has-text-align-center\" data-align=\"center\">15,445 Ct\/kWh<\/td><td class=\"has-text-align-center\" data-align=\"center\">15,427 Ct\/kWh<\/td><\/tr><tr><td>Nachlass auf den <br>Arbeitspreis AP<\/td><td class=\"has-text-align-center\" data-align=\"center\">1,295 Ct\/kWh<\/td><td class=\"has-text-align-center\" data-align=\"center\">1,295 Ct\/kWh<\/td><\/tr><tr><td>Arbeitspreis AP <br>angewendet<\/td><td class=\"has-text-align-center\" data-align=\"center\">14,150 Ct\/kWh<\/td><td class=\"has-text-align-center\" data-align=\"center\">14.132 Ct\/kWh<\/td><\/tr><\/tbody><\/table><figcaption class=\"wp-element-caption\">Stand: 05.04.2025<\/figcaption><\/figure>\n<\/div>\n\n\n\n<div class=\"wp-block-column is-layout-flow wp-block-column-is-layout-flow\" style=\"flex-basis:50%\">\n<h5 class=\"wp-block-heading\">Weitere Informationen<\/h5>\n\n\n\n<p>Wir stellen Ihnen weitere Informationen wie die<strong> Preisentwicklung <\/strong>von 2009 bis heute sowie die <strong>Nahw\u00e4rmesatzung<\/strong> \u00fcber nachfolgend Links zur Einsicht zur Verf\u00fcgung.<\/p>\n<\/div>\n<\/div>\n","protected":false},"excerpt":{"rendered":"<p>Die Energie-Projektgesellschaft Langenhagen (EPL) versorgt gro\u00dfe Teile von Kaltenweide mit Nahw\u00e4rme. Diese wird in einem Blockheizkraftwerk erzeugt und gelangt in Form von hei\u00dfem Wasser \u00fcber ein Rohrleitungssystem zu den Abnehmern. Das 2007 in Betrieb genommene Heizkraftwerk an der Maria-Montessori-Stra\u00dfe&nbsp;wird mit<\/p>\n","protected":false},"author":1,"featured_media":0,"parent":0,"menu_order":0,"comment_status":"closed","ping_status":"closed","template":"","meta":{"footnotes":""},"class_list":["post-6","page","type-page","status-publish","hentry"],"_links":{"self":[{"href":"https:\/\/www.buerger-fuer-kaltenweide.de\/nahwaerme\/wp-json\/wp\/v2\/pages\/6","targetHints":{"allow":["GET"]}}],"collection":[{"href":"https:\/\/www.buerger-fuer-kaltenweide.de\/nahwaerme\/wp-json\/wp\/v2\/pages"}],"about":[{"href":"https:\/\/www.buerger-fuer-kaltenweide.de\/nahwaerme\/wp-json\/wp\/v2\/types\/page"}],"author":[{"embeddable":true,"href":"https:\/\/www.buerger-fuer-kaltenweide.de\/nahwaerme\/wp-json\/wp\/v2\/users\/1"}],"replies":[{"embeddable":true,"href":"https:\/\/www.buerger-fuer-kaltenweide.de\/nahwaerme\/wp-json\/wp\/v2\/comments?post=6"}],"version-history":[{"count":7,"href":"https:\/\/www.buerger-fuer-kaltenweide.de\/nahwaerme\/wp-json\/wp\/v2\/pages\/6\/revisions"}],"predecessor-version":[{"id":96,"href":"https:\/\/www.buerger-fuer-kaltenweide.de\/nahwaerme\/wp-json\/wp\/v2\/pages\/6\/revisions\/96"}],"wp:attachment":[{"href":"https:\/\/www.buerger-fuer-kaltenweide.de\/nahwaerme\/wp-json\/wp\/v2\/media?parent=6"}],"curies":[{"name":"wp","href":"https:\/\/api.w.org\/{rel}","templated":true}]}}