{"id":106,"date":"2024-08-25T19:03:29","date_gmt":"2024-08-25T17:03:29","guid":{"rendered":"https:\/\/www.buerger-fuer-kaltenweide.de\/sommerfest\/?page_id=106"},"modified":"2024-09-10T16:08:34","modified_gmt":"2024-09-10T14:08:34","slug":"organisation","status":"publish","type":"page","link":"https:\/\/www.buerger-fuer-kaltenweide.de\/sommerfest\/organisation\/","title":{"rendered":"Organisation"},"content":{"rendered":"\n<h4 class=\"wp-block-heading\">Die Organisation und die Verantwortung f\u00fcr die Vorbereitung und Durchf\u00fchrung des Kaltenweider Sommerfestes liegt beim Verein B\u00dcRGER F\u00dcR KALTENWEIDE e.V. (BfK) und der Interessengemeinschaft Weiherfeld \/ Kaltenweide (IWK)<\/h4>\n\n\n\n<div class=\"wp-block-columns is-layout-flex wp-container-core-columns-is-layout-9d6595d7 wp-block-columns-is-layout-flex\">\n<div class=\"wp-block-column is-layout-flow wp-block-column-is-layout-flow\">\n<p>BfK und IWK laden interessierte Vereine sowie B\u00fcrgerinnen und B\u00fcrger herzlich ein, sich an der Organisation zu beteiligen. In der Regel findet einmal iim Monat (jeweils der erste Donnerstag im Monat) ein Organisationstreffen statt.<\/p>\n\n\n\n<p>Interessierte Vereinsvertreter\/Innen oder B\u00fcrger\/innen k\u00f6nnen sich jederzeit gerne an Florian Windeck (1. Vorsitzender des BfK) wenden.<\/p>\n\n\n\n<p>Sie k\u00f6nnen gerne das nachfolgende Formular zur Kontaktaufnahme nutzen:<\/p>\n\n\n\n<div class=\"wp-block-contact-form-7-contact-form-selector\">\n<div class=\"wpcf7 no-js\" id=\"wpcf7-f127-o1\" lang=\"de-DE\" dir=\"ltr\" data-wpcf7-id=\"127\">\n<div class=\"screen-reader-response\"><p role=\"status\" aria-live=\"polite\" aria-atomic=\"true\"><\/p> <ul><\/ul><\/div>\n<form action=\"\/sommerfest\/wp-json\/wp\/v2\/pages\/106#wpcf7-f127-o1\" method=\"post\" class=\"wpcf7-form init cf7skins cf7s-default\" aria-label=\"Kontaktformular\" novalidate=\"novalidate\" data-status=\"init\">\n<fieldset class=\"hidden-fields-container\"><input type=\"hidden\" name=\"_wpcf7\" value=\"127\" \/><input type=\"hidden\" name=\"_wpcf7_version\" value=\"6.1.5\" \/><input type=\"hidden\" name=\"_wpcf7_locale\" value=\"de_DE\" \/><input type=\"hidden\" name=\"_wpcf7_unit_tag\" value=\"wpcf7-f127-o1\" \/><input type=\"hidden\" name=\"_wpcf7_container_post\" value=\"0\" \/><input type=\"hidden\" name=\"_wpcf7_posted_data_hash\" value=\"\" \/>\n<\/fieldset>\n<label> Ihr Name\n    <span class=\"wpcf7-form-control-wrap\" data-name=\"your-name\"><input size=\"40\" maxlength=\"400\" class=\"wpcf7-form-control wpcf7-text wpcf7-validates-as-required\" autocomplete=\"name\" aria-required=\"true\" aria-invalid=\"false\" value=\"\" type=\"text\" name=\"your-name\" \/><\/span> <\/label>\n\n<label> Ihre E-Mail-Adresse\n    <span class=\"wpcf7-form-control-wrap\" data-name=\"your-email\"><input size=\"40\" maxlength=\"400\" class=\"wpcf7-form-control wpcf7-email wpcf7-validates-as-required wpcf7-text wpcf7-validates-as-email\" autocomplete=\"email\" aria-required=\"true\" aria-invalid=\"false\" value=\"\" type=\"email\" name=\"your-email\" \/><\/span> <\/label>\n\n<label> Ihre Telefonnummer:\n    <span class=\"wpcf7-form-control-wrap\" data-name=\"telefon\"><input size=\"40\" maxlength=\"400\" class=\"wpcf7-form-control wpcf7-tel wpcf7-text wpcf7-validates-as-tel\" aria-invalid=\"false\" value=\"\" type=\"tel\" name=\"telefon\" \/><\/span><\/label>\n\n<label> Betreff\n    <span class=\"wpcf7-form-control-wrap\" data-name=\"your-subject\"><input size=\"40\" maxlength=\"400\" class=\"wpcf7-form-control wpcf7-text wpcf7-validates-as-required\" aria-required=\"true\" aria-invalid=\"false\" value=\"\" type=\"text\" name=\"your-subject\" \/><\/span> <\/label>\n\n<label> Ihre Nachricht (optional)\n    <span class=\"wpcf7-form-control-wrap\" data-name=\"your-message\"><textarea cols=\"40\" rows=\"10\" maxlength=\"2000\" class=\"wpcf7-form-control wpcf7-textarea\" aria-invalid=\"false\" name=\"your-message\"><\/textarea><\/span> <\/label>\n\n<input class=\"wpcf7-form-control wpcf7-submit has-spinner\" type=\"submit\" value=\"Senden\" \/><p style=\"display: none !important;\" class=\"akismet-fields-container\" data-prefix=\"_wpcf7_ak_\"><label>&#916;<textarea name=\"_wpcf7_ak_hp_textarea\" cols=\"45\" rows=\"8\" maxlength=\"100\"><\/textarea><\/label><input type=\"hidden\" id=\"ak_js_1\" name=\"_wpcf7_ak_js\" value=\"179\"\/><script>document.getElementById( \"ak_js_1\" ).setAttribute( \"value\", ( new Date() ).getTime() );<\/script><\/p><div class=\"wpcf7-response-output\" aria-hidden=\"true\"><\/div>\n<\/form>\n<\/div>\n<\/div>\n<\/div>\n\n\n\n<div class=\"wp-block-column is-layout-flow wp-block-column-is-layout-flow\"><div class=\"wp-block-image\">\n<figure class=\"aligncenter size-large is-resized\"><img loading=\"lazy\" decoding=\"async\" width=\"1024\" height=\"768\" src=\"https:\/\/www.buerger-fuer-kaltenweide.de\/sommerfest\/wp-content\/uploads\/sites\/5\/2024\/08\/IMG_5206-1024x768.jpeg\" alt=\"(c) 2024 - Florian Windeck | Das Organisationsteam 2024\" class=\"wp-image-57\" style=\"width:350px\" srcset=\"https:\/\/www.buerger-fuer-kaltenweide.de\/sommerfest\/wp-content\/uploads\/sites\/5\/2024\/08\/IMG_5206-1024x768.jpeg 1024w, https:\/\/www.buerger-fuer-kaltenweide.de\/sommerfest\/wp-content\/uploads\/sites\/5\/2024\/08\/IMG_5206-300x225.jpeg 300w, https:\/\/www.buerger-fuer-kaltenweide.de\/sommerfest\/wp-content\/uploads\/sites\/5\/2024\/08\/IMG_5206-768x576.jpeg 768w, https:\/\/www.buerger-fuer-kaltenweide.de\/sommerfest\/wp-content\/uploads\/sites\/5\/2024\/08\/IMG_5206-1536x1152.jpeg 1536w, https:\/\/www.buerger-fuer-kaltenweide.de\/sommerfest\/wp-content\/uploads\/sites\/5\/2024\/08\/IMG_5206-2048x1536.jpeg 2048w, https:\/\/www.buerger-fuer-kaltenweide.de\/sommerfest\/wp-content\/uploads\/sites\/5\/2024\/08\/IMG_5206-320x240.jpeg 320w\" sizes=\"auto, (max-width: 1024px) 100vw, 1024px\" \/><figcaption class=\"wp-element-caption\">Das Organsationsteam &#8211; Sommerfest 2024<\/figcaption><\/figure>\n<\/div><\/div>\n<\/div>\n","protected":false},"excerpt":{"rendered":"<p>Die Organisation und die Verantwortung f\u00fcr die Vorbereitung und Durchf\u00fchrung des Kaltenweider Sommerfestes liegt beim Verein B\u00dcRGER F\u00dcR KALTENWEIDE e.V. (BfK) und der Interessengemeinschaft Weiherfeld \/ Kaltenweide (IWK) BfK und IWK laden interessierte Vereine sowie B\u00fcrgerinnen und B\u00fcrger herzlich ein,<\/p>\n","protected":false},"author":1,"featured_media":0,"parent":0,"menu_order":0,"comment_status":"closed","ping_status":"closed","template":"","meta":{"footnotes":""},"class_list":["post-106","page","type-page","status-publish","hentry"],"_links":{"self":[{"href":"https:\/\/www.buerger-fuer-kaltenweide.de\/sommerfest\/wp-json\/wp\/v2\/pages\/106","targetHints":{"allow":["GET"]}}],"collection":[{"href":"https:\/\/www.buerger-fuer-kaltenweide.de\/sommerfest\/wp-json\/wp\/v2\/pages"}],"about":[{"href":"https:\/\/www.buerger-fuer-kaltenweide.de\/sommerfest\/wp-json\/wp\/v2\/types\/page"}],"author":[{"embeddable":true,"href":"https:\/\/www.buerger-fuer-kaltenweide.de\/sommerfest\/wp-json\/wp\/v2\/users\/1"}],"replies":[{"embeddable":true,"href":"https:\/\/www.buerger-fuer-kaltenweide.de\/sommerfest\/wp-json\/wp\/v2\/comments?post=106"}],"version-history":[{"count":7,"href":"https:\/\/www.buerger-fuer-kaltenweide.de\/sommerfest\/wp-json\/wp\/v2\/pages\/106\/revisions"}],"predecessor-version":[{"id":249,"href":"https:\/\/www.buerger-fuer-kaltenweide.de\/sommerfest\/wp-json\/wp\/v2\/pages\/106\/revisions\/249"}],"wp:attachment":[{"href":"https:\/\/www.buerger-fuer-kaltenweide.de\/sommerfest\/wp-json\/wp\/v2\/media?parent=106"}],"curies":[{"name":"wp","href":"https:\/\/api.w.org\/{rel}","templated":true}]}}