{"id":21,"date":"2024-01-18T15:33:49","date_gmt":"2024-01-18T14:33:49","guid":{"rendered":"https:\/\/www.buerger-fuer-kaltenweide.de\/sommerfest\/?page_id=21"},"modified":"2024-01-18T15:39:59","modified_gmt":"2024-01-18T14:39:59","slug":"impressum","status":"publish","type":"page","link":"https:\/\/www.buerger-fuer-kaltenweide.de\/sommerfest\/impressum\/","title":{"rendered":"Impressum"},"content":{"rendered":"\n<p><b>B\u00fcrger f\u00fcr Kaltenweide e.V.<\/b><br>Glockenheide 25<br>30855 Langenhagen<\/p>\n\n\n\n<p><b>vertreten durch den Vorstand:<\/b><br>Florian Windeck (Vorsitzender)<br>Bianca Helms (stellv. Vorsitzender \/ kommissarisch)<br>Alexandra Pekrul (Protokollf\u00fchrerin \/ kommissarisch)<br>Daniel Sonne (Schatzmeister)<\/p>\n\n\n\n<p><b>Registereintrag:<\/b><br>Amtsgericht Hannover Registerblatt VR 201913<\/p>\n\n\n\n<p><b>Bankverbindung:<\/b><br>VR-Bank Altenburger Land eG (Deutsche Skatbank)<br>IBAN: DE97830654080004786220<br>BIC: GENODEF1SLRx<\/p>\n\n\n\n<p><b><u>Das Impressum gilt auch f\u00fcr folgende Onlinepr\u00e4senzen:<\/u><\/b><\/p>\n\n\n\n<p><u>Verein:<\/u><br>Facebook-Seite:&nbsp;<a href=\"https:\/\/www.facebook.com\/Kaltenweider\" target=\"_blank\" rel=\"noopener\">https:\/\/www.facebook.com\/Kaltenweider<\/a><br>Facebook-Gruppe: <a href=\"https:\/\/www.facebook.com\/groups\/191175151022127\" target=\"_blank\" rel=\"noopener\">https:\/\/www.facebook.com\/groups\/191175151022127<\/a><br>Instagram: <a href=\"https:\/\/www.instagram.com\/buergerfuerkaltenweide\/\" target=\"_blank\" rel=\"noopener\">https:\/\/www.instagram.com\/buergerfuerkaltenweide\/<\/a><\/p>\n\n\n\n<p><u>Blumengarten:<\/u><br>Facebook-Seite: <a href=\"https:\/\/www.facebook.com\/blumengartenkaltenweide\" target=\"_blank\" rel=\"noopener\">https:\/\/www.facebook.com\/blumengartenkaltenweide<\/a><br>Instagram: <a href=\"https:\/\/www.instagram.com\/blumengartenkaltenweide\/\" target=\"_blank\" rel=\"noopener\">https:\/\/www.instagram.com\/blumengartenkaltenweide\/<\/a><\/p>\n\n\n\n<p><u>Spieleabend:<\/u><br>Internet: <a href=\"http:\/\/www.kaltenweide-spielt.de\" target=\"_blank\" rel=\"noopener\">www.kaltenweide-spielt.de<\/a><br>Facebook-Seite: <a href=\"https:\/\/www.facebook.com\/kaltenweidespielt\" target=\"_blank\" rel=\"noopener\">https:\/\/www.facebook.com\/kaltenweidespielt<\/a><br>Instagram: <a href=\"https:\/\/www.instagram.com\/kaltenweidespielt\/\" target=\"_blank\" rel=\"noopener\">https:\/\/www.instagram.com\/kaltenweidespielt<\/a><\/p>\n\n\n\n<h2 class=\"wp-block-heading\">Kontaktm\u00f6glichen:<\/h2>\n\n\n\n<p>E.Mail:<br>info@buerger-fuer-kaltenweide.de<br><br>Telefon &amp; Telefax:<br>0511 &#8211; 2626 5934<\/p>\n\n\n\n<h3 class=\"wp-block-heading\">Bildnachweis:<\/h3>\n\n\n\n<p>Wir verwenden auf unserer Internetseite Bilder von der Bilddatenbank pixelio.de sowie private Fotos. Entsprechende Angaben befinden sich in dem Dateinamen bzw. den Angaben zum Bild.<\/p>\n\n\n\n<p><u>Private Bilder:<\/u><br>Florian Windeck<\/p>\n\n\n\n<p><u>Bilddatenbank<\/u>:<br>pixelio.de<\/p>\n\n\n\n<ul class=\"wp-block-list\">\n<li>Adventszeit: g\u00e4nsebl\u00fcmchen \/ pixelio.de<\/li>\n\n\n\n<li>Spiel mit mir!: <a href=\"https:\/\/www.pixelio.de\/portfolio\/217434\" target=\"_blank\" rel=\"noopener noreferrer\">knipseline \/ pixelio.de<\/a><\/li>\n\n\n\n<li>Wahlzettel : Tim Reckmann \/ pixelio.de<\/li>\n<\/ul>\n\n\n\n<p><b>Haftungsausschluss<\/b><br>Haftung f\u00fcr Inhalte Die Inha<u>l<\/u>te unserer Seiten wurden mit gr\u00f6\u00dfter Sorgfalt erstellt. F\u00fcr die Richtigkeit, Vollst\u00e4ndigkeit und Aktualit\u00e4t der Inhalte k\u00f6nnen wir jedoch keine Gew\u00e4hr \u00fcbernehmen. Als Diensteanbieter sind wir gem\u00e4\u00df \u00a7 7 Abs.1 TMG f\u00fcr eigene Inhalte auf diesen Seiten nach den allgemeinen Gesetzen verantwortlich. Nach \u00a7 8 bis 10 TMG sind wir als Diensteanbieter jedoch nicht verpflichtet, \u00fcbermittelte oder gespeicherte fremde Informationen zu \u00fcberwachen oder nach Umst\u00e4nden zu forschen, die auf eine rechtswidrige T\u00e4tigkeit hinweisen. Verpflichtungen zur Entfernung oder Sperrung der Nutzung von Informationen nach den allgemeinen Gesetzen bleiben hiervon unber\u00fchrt. Eine diesbez\u00fcgliche Haftung ist jedoch erst ab dem Zeitpunkt der Kenntnis einer konkreten Rechtsverletzung m\u00f6glich. Bei Bekanntwerden von entsprechenden Rechtsverletzungen werden wir diese Inhalte umgehend entfernen.<\/p>\n\n\n\n<p><b>Distanzierungserkl\u00e4rung &#8211; Haftung f\u00fcr Links<\/b><br>Unser Angebot enth\u00e4lt Links zu externen Webseiten Dritter, auf deren Inhalte wir keinen Einfluss haben. Deshalb k\u00f6nnen wir f\u00fcr diese fremden Inhalte auch keine Gew\u00e4hr \u00fcbernehmen. F\u00fcr die Inhalte der verlinkten Seiten ist stets der jeweilige Anbieter oder Betreiber der Seiten verantwortlich. Die verlinkten Seiten wurden zum Zeitpunkt der Verlinkung auf m\u00f6gliche Rechtsverst\u00f6\u00dfe \u00fcberpr\u00fcft. Rechtswidrige Inhalte waren zum Zeitpunkt der Verlinkung nicht erkennbar. Eine permanente inhaltliche Kontrolle der verlinkten Seiten ist jedoch ohne konkrete Anhaltspunkte einer Rechtsverletzung nicht zumutbar. Bei Bekanntwerden von Rechtsverletzungen werden wir derartige Links umgehend entfernen.<\/p>\n\n\n\n<p><b>Urheberrecht<\/b><br>Die durch die Seitenbetreiber erstellten Inhalte und Werke auf diesen Seiten unterliegen dem deutschen Urheberrecht. Die Vervielf\u00e4ltigung, Bearbeitung, Verbreitung und jede Art der Verwertung au\u00dferhalb der Grenzen des Urheberrechtes bed\u00fcrfen der schriftlichen Zustimmung des jeweiligen Autors bzw. Erstellers. Downloads und Kopien dieser Seite sind nur f\u00fcr den privaten, nicht kommerziellen Gebrauch gestattet. Soweit die Inhalte auf dieser Seite nicht vom Betreiber erstellt wurden, werden die Urheberrechte Dritter beachtet. Insbesondere werden Inhalte Dritter als solche gekennzeichnet. Sollten Sie trotzdem auf eine Urheberrechtsverletzung aufmerksam werden, bitten wir um einen entsprechenden Hinweis. Bei Bekanntwerden von Rechtsverletzungen werden wir derartige Inhalte umgehend entfernen.<\/p>\n","protected":false},"excerpt":{"rendered":"<p>B\u00fcrger f\u00fcr Kaltenweide e.V.Glockenheide 2530855 Langenhagen vertreten durch den Vorstand:Florian Windeck (Vorsitzender)Bianca Helms (stellv. Vorsitzender \/ kommissarisch)Alexandra Pekrul (Protokollf\u00fchrerin \/ kommissarisch)Daniel Sonne (Schatzmeister) Registereintrag:Amtsgericht Hannover Registerblatt VR 201913 Bankverbindung:VR-Bank Altenburger Land eG (Deutsche Skatbank)IBAN: DE97830654080004786220BIC: GENODEF1SLRx Das Impressum gilt auch<\/p>\n","protected":false},"author":1,"featured_media":0,"parent":0,"menu_order":0,"comment_status":"closed","ping_status":"closed","template":"","meta":{"footnotes":""},"class_list":["post-21","page","type-page","status-publish","hentry"],"_links":{"self":[{"href":"https:\/\/www.buerger-fuer-kaltenweide.de\/sommerfest\/wp-json\/wp\/v2\/pages\/21","targetHints":{"allow":["GET"]}}],"collection":[{"href":"https:\/\/www.buerger-fuer-kaltenweide.de\/sommerfest\/wp-json\/wp\/v2\/pages"}],"about":[{"href":"https:\/\/www.buerger-fuer-kaltenweide.de\/sommerfest\/wp-json\/wp\/v2\/types\/page"}],"author":[{"embeddable":true,"href":"https:\/\/www.buerger-fuer-kaltenweide.de\/sommerfest\/wp-json\/wp\/v2\/users\/1"}],"replies":[{"embeddable":true,"href":"https:\/\/www.buerger-fuer-kaltenweide.de\/sommerfest\/wp-json\/wp\/v2\/comments?post=21"}],"version-history":[{"count":2,"href":"https:\/\/www.buerger-fuer-kaltenweide.de\/sommerfest\/wp-json\/wp\/v2\/pages\/21\/revisions"}],"predecessor-version":[{"id":31,"href":"https:\/\/www.buerger-fuer-kaltenweide.de\/sommerfest\/wp-json\/wp\/v2\/pages\/21\/revisions\/31"}],"wp:attachment":[{"href":"https:\/\/www.buerger-fuer-kaltenweide.de\/sommerfest\/wp-json\/wp\/v2\/media?parent=21"}],"curies":[{"name":"wp","href":"https:\/\/api.w.org\/{rel}","templated":true}]}}