{"id":327,"date":"2025-09-01T17:12:40","date_gmt":"2025-09-01T15:12:40","guid":{"rendered":"https:\/\/www.buerger-fuer-kaltenweide.de\/sommerfest\/?page_id=327"},"modified":"2026-03-15T10:33:13","modified_gmt":"2026-03-15T09:33:13","slug":"sommerfest-2026","status":"publish","type":"page","link":"https:\/\/www.buerger-fuer-kaltenweide.de\/sommerfest\/sommerfest-2026\/","title":{"rendered":"Sommerfest 2026"},"content":{"rendered":"\n<h6 class=\"wp-block-heading\"><strong>Auch 2026 soll es wieder ein Sommerfest in Kaltenweide geben! Termine und weitere Details werden wir baldm\u00f6glichst hier bekanntgeben !<\/strong><\/h6>\n\n\n\n<p>Das bew\u00e4hrte Orga-Team wird bald wieder zusammenkommen und in die Planungen f\u00fcr 2026 einsteigen. <\/p>\n\n\n\n<p>Nat\u00fcrlich freuen wir uns auch \u00fcber neue Gesichter im Team, die die Organisation mit neuen, frischen oder anderen Ideen bereichern! Habt keine Scheu. schreibt uns gerne \u00fcber das <a href=\"https:\/\/www.buerger-fuer-kaltenweide.de\/sommerfest\/kontakt\/\" data-type=\"page\" data-id=\"117\">Kontaktformular<\/a> eine Nachricht und wir lassen Euch den Termin in den Treffpunkt des Orga-Team gerne wissen.<\/p>\n\n\n\n<h4 class=\"wp-block-heading\">Aussteller<\/h4>\n\n\n<p><iframe loading=\"lazy\" src=\"https:\/\/anmeldung.kaltenweider-sommerfest.de\/2026\/participants2026.php\" width=\"100%\" height=\"1600\"><\/iframe><\/p>\n\n\n\n<h4 class=\"wp-block-heading\">Gastronomisches Angebot<\/h4>\n\n\n<p><iframe loading=\"lazy\" src=\"https:\/\/anmeldung.kaltenweider-sommerfest.de\/2026\/catering2026.php\" width=\"100%\" height=\"910\"><\/iframe><\/p>\n\n\n\n<p>xxx<\/p>\n","protected":false},"excerpt":{"rendered":"<p>Auch 2026 soll es wieder ein Sommerfest in Kaltenweide geben! Termine und weitere Details werden wir baldm\u00f6glichst hier bekanntgeben ! Das bew\u00e4hrte Orga-Team wird bald wieder zusammenkommen und in die Planungen f\u00fcr 2026 einsteigen. Nat\u00fcrlich freuen wir uns auch \u00fcber<\/p>\n","protected":false},"author":1,"featured_media":0,"parent":0,"menu_order":0,"comment_status":"closed","ping_status":"closed","template":"","meta":{"footnotes":""},"class_list":["post-327","page","type-page","status-publish","hentry"],"_links":{"self":[{"href":"https:\/\/www.buerger-fuer-kaltenweide.de\/sommerfest\/wp-json\/wp\/v2\/pages\/327","targetHints":{"allow":["GET"]}}],"collection":[{"href":"https:\/\/www.buerger-fuer-kaltenweide.de\/sommerfest\/wp-json\/wp\/v2\/pages"}],"about":[{"href":"https:\/\/www.buerger-fuer-kaltenweide.de\/sommerfest\/wp-json\/wp\/v2\/types\/page"}],"author":[{"embeddable":true,"href":"https:\/\/www.buerger-fuer-kaltenweide.de\/sommerfest\/wp-json\/wp\/v2\/users\/1"}],"replies":[{"embeddable":true,"href":"https:\/\/www.buerger-fuer-kaltenweide.de\/sommerfest\/wp-json\/wp\/v2\/comments?post=327"}],"version-history":[{"count":13,"href":"https:\/\/www.buerger-fuer-kaltenweide.de\/sommerfest\/wp-json\/wp\/v2\/pages\/327\/revisions"}],"predecessor-version":[{"id":587,"href":"https:\/\/www.buerger-fuer-kaltenweide.de\/sommerfest\/wp-json\/wp\/v2\/pages\/327\/revisions\/587"}],"wp:attachment":[{"href":"https:\/\/www.buerger-fuer-kaltenweide.de\/sommerfest\/wp-json\/wp\/v2\/media?parent=327"}],"curies":[{"name":"wp","href":"https:\/\/api.w.org\/{rel}","templated":true}]}}