{"id":541,"date":"2025-09-24T16:20:48","date_gmt":"2025-09-24T14:20:48","guid":{"rendered":"https:\/\/www.buerger-fuer-kaltenweide.de\/sommerfest\/?page_id=541"},"modified":"2026-02-22T11:30:26","modified_gmt":"2026-02-22T10:30:26","slug":"anmeldung","status":"publish","type":"page","link":"https:\/\/www.buerger-fuer-kaltenweide.de\/sommerfest\/anmeldung\/","title":{"rendered":"Anmeldung"},"content":{"rendered":"\n<h5 class=\"wp-block-heading\">Sch\u00f6n, dass Sie beim\u00a0<strong>Kaltenweider Sommerfest<\/strong>\u00a0als Aussteller oder gastronomischer Betrieb dabei sein m\u00f6chten.<\/h5>\n\n\n\n<p>Unser Fest lebt von engagierten Standbetreibern wie Ihnen \u2013 gemeinsam schaffen wir ein vielf\u00e4ltiges, lebendiges und fr\u00f6hliches Sommererlebnis f\u00fcr alle Besucherinnen und Besucher.<\/p>\n\n\n\n<p>Die\u00a0<strong>Anmeldung als Standbetreiber<\/strong>\u00a0erfolgt\u00a0<strong>ausschlie\u00dflich online \u00fcber unsere Webseite<\/strong>. Klicken Sie einfach auf den untenstehenden Button und platzieren Sie bequem Ihre Anmeldung..<\/p>\n\n\n\n<p>Wir freuen uns sehr auf Ihre Teilnahme! \ud83c\udf1e\ud83c\udf89<\/p>\n\n\n\n<div class=\"wp-block-buttons alignwide is-layout-flex wp-block-buttons-is-layout-flex\">\n<div class=\"wp-block-button has-custom-width wp-block-button__width-50 is-style-outline is-style-outline--1\"><a class=\"wp-block-button__link has-black-color has-cyan-bluish-gray-background-color has-text-color has-background has-link-color wp-element-button\" href=\"Https:\/\/anmeldung.kaltenweider-Sommerfest.de\" target=\"_blank\" rel=\"noreferrer noopener nofollow\">Anmeldung zum Kaltenweider Sommerfest<\/a><\/div>\n<\/div>\n\n\n\n<p class=\"has-vivid-green-cyan-color has-text-color has-link-color wp-elements-2a01180342af993cb897cf700604d1f1\"><\/p>\n\n\n\n<p><\/p>\n","protected":false},"excerpt":{"rendered":"<p>Sch\u00f6n, dass Sie beim\u00a0Kaltenweider Sommerfest\u00a0als Aussteller oder gastronomischer Betrieb dabei sein m\u00f6chten. Unser Fest lebt von engagierten Standbetreibern wie Ihnen \u2013 gemeinsam schaffen wir ein vielf\u00e4ltiges, lebendiges und fr\u00f6hliches Sommererlebnis f\u00fcr alle Besucherinnen und Besucher. Die\u00a0Anmeldung als Standbetreiber\u00a0erfolgt\u00a0ausschlie\u00dflich online \u00fcber<\/p>\n","protected":false},"author":1,"featured_media":0,"parent":0,"menu_order":0,"comment_status":"closed","ping_status":"closed","template":"","meta":{"footnotes":""},"class_list":["post-541","page","type-page","status-publish","hentry"],"_links":{"self":[{"href":"https:\/\/www.buerger-fuer-kaltenweide.de\/sommerfest\/wp-json\/wp\/v2\/pages\/541","targetHints":{"allow":["GET"]}}],"collection":[{"href":"https:\/\/www.buerger-fuer-kaltenweide.de\/sommerfest\/wp-json\/wp\/v2\/pages"}],"about":[{"href":"https:\/\/www.buerger-fuer-kaltenweide.de\/sommerfest\/wp-json\/wp\/v2\/types\/page"}],"author":[{"embeddable":true,"href":"https:\/\/www.buerger-fuer-kaltenweide.de\/sommerfest\/wp-json\/wp\/v2\/users\/1"}],"replies":[{"embeddable":true,"href":"https:\/\/www.buerger-fuer-kaltenweide.de\/sommerfest\/wp-json\/wp\/v2\/comments?post=541"}],"version-history":[{"count":22,"href":"https:\/\/www.buerger-fuer-kaltenweide.de\/sommerfest\/wp-json\/wp\/v2\/pages\/541\/revisions"}],"predecessor-version":[{"id":578,"href":"https:\/\/www.buerger-fuer-kaltenweide.de\/sommerfest\/wp-json\/wp\/v2\/pages\/541\/revisions\/578"}],"wp:attachment":[{"href":"https:\/\/www.buerger-fuer-kaltenweide.de\/sommerfest\/wp-json\/wp\/v2\/media?parent=541"}],"curies":[{"name":"wp","href":"https:\/\/api.w.org\/{rel}","templated":true}]}}