{"id":8,"date":"2024-01-18T15:30:56","date_gmt":"2024-01-18T14:30:56","guid":{"rendered":"https:\/\/www.buerger-fuer-kaltenweide.de\/sommerfest\/?page_id=8"},"modified":"2026-03-16T20:16:33","modified_gmt":"2026-03-16T19:16:33","slug":"startseite","status":"publish","type":"page","link":"https:\/\/www.buerger-fuer-kaltenweide.de\/sommerfest\/","title":{"rendered":"Herzlich willkommen auf der offiziellen Webseite des Kaltenweider Sommerfests!"},"content":{"rendered":"<div class=\"wp-block-image\">\n<figure class=\"alignright size-large is-resized\"><img loading=\"lazy\" decoding=\"async\" width=\"1024\" height=\"768\" src=\"https:\/\/www.buerger-fuer-kaltenweide.de\/sommerfest\/wp-content\/uploads\/sites\/5\/2024\/08\/IMG_5206-1024x768.jpeg\" alt=\"(c) 2024 - Florian Windeck | Das Organisationsteam 2024\" class=\"wp-image-57\" style=\"width:300px\" srcset=\"https:\/\/www.buerger-fuer-kaltenweide.de\/sommerfest\/wp-content\/uploads\/sites\/5\/2024\/08\/IMG_5206-1024x768.jpeg 1024w, https:\/\/www.buerger-fuer-kaltenweide.de\/sommerfest\/wp-content\/uploads\/sites\/5\/2024\/08\/IMG_5206-300x225.jpeg 300w, https:\/\/www.buerger-fuer-kaltenweide.de\/sommerfest\/wp-content\/uploads\/sites\/5\/2024\/08\/IMG_5206-768x576.jpeg 768w, https:\/\/www.buerger-fuer-kaltenweide.de\/sommerfest\/wp-content\/uploads\/sites\/5\/2024\/08\/IMG_5206-1536x1152.jpeg 1536w, https:\/\/www.buerger-fuer-kaltenweide.de\/sommerfest\/wp-content\/uploads\/sites\/5\/2024\/08\/IMG_5206-2048x1536.jpeg 2048w, https:\/\/www.buerger-fuer-kaltenweide.de\/sommerfest\/wp-content\/uploads\/sites\/5\/2024\/08\/IMG_5206-320x240.jpeg 320w\" sizes=\"auto, (max-width: 1024px) 100vw, 1024px\" \/><figcaption class=\"wp-element-caption\">Das Organsationsteam &#8211; Sommerfest 2024<\/figcaption><\/figure>\n<\/div>\n\n\n<h6 class=\"wp-block-heading\">Seit 2012 begeistert das Kaltenweider Sommerfest die Gemeinschaft in Kaltenweide. Seit 2023 liegt die Federf\u00fchrung in der Organisation bei dem Verein B\u00fcrger f\u00fcr Kaltenweide \u2013 gemeinsam mit zahlreichen Vereinen und Institutionen gestalten wir ein abwechslungsreiches Programm auf dem  Kaltenweide Platz.<\/h6>\n\n\n\n<p>Auf dieser Seite finden Sie alle aktuellen<strong> Informationen zum Programm<\/strong>, einen spannenden <strong>R\u00fcckblick<\/strong> auf vergangene Veranstaltungen und zahlreiche <strong>praktische Hinweise<\/strong>. Nutzen Sie zudem unsere <strong>Kontakt- und Anmeldem\u00f6glichkeiten<\/strong>, um sich aktiv am Festgeschehen zu beteiligen.<\/p>\n\n\n\n<p>Tauchen Sie ein in die Vielfalt und den Gemeinschaftsgeist unseres Sommerfests \u2013 wir freuen uns darauf, gemeinsam mit Ihnen unvergessliche Momente zu erleben!<\/p>\n\n\n\n<h2 class=\"wp-block-heading\"><strong>Unsere Partner 2026<\/strong><\/h2>\n\n\n\n<figure class=\"wp-block-image size-large is-resized\"><img decoding=\"async\" src=\"https:\/\/www.buerger-fuer-kaltenweide.de\/wp-content\/uploads\/2026\/03\/partnerlogo_2026__allianz_350c90.jpg\" alt=\"\" style=\"width:400px\"\/><\/figure>\n\n\n\n<p><\/p>\n","protected":false},"excerpt":{"rendered":"<p>Seit 2012 begeistert das Kaltenweider Sommerfest die Gemeinschaft in Kaltenweide. Seit 2023 liegt die Federf\u00fchrung in der Organisation bei dem Verein B\u00fcrger f\u00fcr Kaltenweide \u2013 gemeinsam mit zahlreichen Vereinen und Institutionen gestalten wir ein abwechslungsreiches Programm auf dem Kaltenweide Platz.<\/p>\n","protected":false},"author":1,"featured_media":0,"parent":0,"menu_order":0,"comment_status":"closed","ping_status":"closed","template":"","meta":{"footnotes":""},"class_list":["post-8","page","type-page","status-publish","hentry"],"_links":{"self":[{"href":"https:\/\/www.buerger-fuer-kaltenweide.de\/sommerfest\/wp-json\/wp\/v2\/pages\/8","targetHints":{"allow":["GET"]}}],"collection":[{"href":"https:\/\/www.buerger-fuer-kaltenweide.de\/sommerfest\/wp-json\/wp\/v2\/pages"}],"about":[{"href":"https:\/\/www.buerger-fuer-kaltenweide.de\/sommerfest\/wp-json\/wp\/v2\/types\/page"}],"author":[{"embeddable":true,"href":"https:\/\/www.buerger-fuer-kaltenweide.de\/sommerfest\/wp-json\/wp\/v2\/users\/1"}],"replies":[{"embeddable":true,"href":"https:\/\/www.buerger-fuer-kaltenweide.de\/sommerfest\/wp-json\/wp\/v2\/comments?post=8"}],"version-history":[{"count":14,"href":"https:\/\/www.buerger-fuer-kaltenweide.de\/sommerfest\/wp-json\/wp\/v2\/pages\/8\/revisions"}],"predecessor-version":[{"id":598,"href":"https:\/\/www.buerger-fuer-kaltenweide.de\/sommerfest\/wp-json\/wp\/v2\/pages\/8\/revisions\/598"}],"wp:attachment":[{"href":"https:\/\/www.buerger-fuer-kaltenweide.de\/sommerfest\/wp-json\/wp\/v2\/media?parent=8"}],"curies":[{"name":"wp","href":"https:\/\/api.w.org\/{rel}","templated":true}]}}