{"id":10,"date":"2024-03-31T12:25:03","date_gmt":"2024-03-31T10:25:03","guid":{"rendered":"https:\/\/www.buerger-fuer-kaltenweide.de\/unser-ort\/?page_id=10"},"modified":"2024-04-02T22:26:25","modified_gmt":"2024-04-02T20:26:25","slug":"kaltenweide","status":"publish","type":"page","link":"https:\/\/www.buerger-fuer-kaltenweide.de\/unser-ort\/","title":{"rendered":"Kaltenweide"},"content":{"rendered":"\n<h5 class=\"wp-block-heading\">Kaltenweide ist der n\u00f6rdlichste und der bev\u00f6lkerungsreichste Ortsteil von Langenhagen nach der Kernstadt.<\/h5>\n\n\n<div class=\"wp-block-image\">\n<figure class=\"alignright\"><img decoding=\"async\" src=\"http:\/\/www.buerger-fuer-kaltenweide.de\/wp-content\/uploads\/2018\/06\/KalWappenVektorGrafik72dpi.jpg\" alt=\"\"\/><\/figure>\n<\/div>\n\n\n<p>Mehr als <strong>9.000 Menschen<\/strong> leben in der Ortschaft, die im Norden an Bissendorf-Wietze und Resse und im Osten an Isernhagen angrenzt. S\u00fcdlich von Kaltenweide liegen der Langenhagener Ortsteil Kr\u00e4henwinkel westlich der Ortsteil Engelbostel.<\/p>\n\n\n\n<p>Kaltenweide ist von sehr viel Gr\u00fcn umgeben und durchzogen. Breite Gr\u00fcnanlagen und eine Vielzahl an Spielpl\u00e4tzen Grenzen die unterschiedliche Wohngebiete voneinander ab. <\/p>\n\n\n\n<p>Durch die Anbindung an den \u00f6ffentlichen Personennahverkehr (\u00d6PNV) bestehen mehrere Busverbindungen, die in das Zentrum von Langenhagen f\u00fchren, die S-Bahn bringt die Bewohnerinnen und Bewohner in 15 Minuten in die Innenstadt von Hannover. Des Weiteren bringt der \u00d6PNV die Kaltenweiderinnen und Kaltenweider aber auch nach Mellendorf und in die Wedemark.<\/p>\n\n\n\n<p>Kaltenweide bietet den Einwohnerinnen und Einwohnern ein umfangreiches Betreuungsangebot in Form von <a href=\"https:\/\/www.buerger-fuer-kaltenweide.de\/unser-ort\/bildung-erziehung-betreuung\/\">Krippen, Kinderg\u00e4rten, Spielpl\u00e4tze und einer Grundschule<\/a>, dazu mehrere Einkaufsm\u00f6glichkeiten und eine <a href=\"https:\/\/www.buerger-fuer-kaltenweide.de\/unser-ort\/gesundheitsversorgung\/\">Gesundheitsversorgung<\/a> mit mehreren Praxen.<\/p>\n\n\n\n<hr class=\"wp-block-separator has-alpha-channel-opacity is-style-wide\"\/>\n\n\n\n<h2 class=\"wp-block-heading\">Aktuelles aus Kaltenweide<\/h2>\n\n\n\n<div class=\"wp-block-columns is-layout-flex wp-container-core-columns-is-layout-9d6595d7 wp-block-columns-is-layout-flex\">\n<div class=\"wp-block-column is-layout-flow wp-block-column-is-layout-flow\" style=\"flex-basis:100%\"><ul class=\"wp-block-latest-posts__list is-grid columns-3 has-dates wp-block-latest-posts\"><li><a class=\"wp-block-latest-posts__post-title\" href=\"https:\/\/www.buerger-fuer-kaltenweide.de\/unser-ort\/2025\/05\/14\/region-hannover-tageszeitliches-bewaesserungsverbot-ab-1-juni\/\">Region Hannover: Tageszeitliches Bew\u00e4sserungsverbot ab 1. Juni<\/a><time datetime=\"2025-05-14T22:28:21+02:00\" class=\"wp-block-latest-posts__post-date\">14. Mai 2025<\/time><div class=\"wp-block-latest-posts__post-excerpt\">Zum Schutz der Wasserressourcen tritt ab dem 1. Juni in der Region Hannover ein zeitlich begrenztes Bew\u00e4sserungsverbot in Kraft. In den 21 Kommunen der Region Hannover mit rund 1,2 Millionen Einwohnerinnen und Einwohnern<\/div><\/li>\n<\/ul><\/div>\n<\/div>\n\n\n\n<hr class=\"wp-block-separator has-css-opacity is-style-wide\"\/>\n\n\n\n<div class=\"wp-block-columns is-layout-flex wp-container-core-columns-is-layout-9d6595d7 wp-block-columns-is-layout-flex\">\n<div class=\"wp-block-column is-layout-flow wp-block-column-is-layout-flow\">\n<h5 class=\"wp-block-heading\">Geschichte reicht bis zum Jahr 1255 zur\u00fcck<\/h5>\n\n\n\n<p>Die erste urkundliche Erw\u00e4hnung von Kaltenweide stammt aus dem Jahr 1255 mit der Siedlung Wagenzelle, die im 15. Jahrhundert Kaltenweide zugeordnet wird. Zwischen 1830 und 1833 entstand durch den Zusammenschluss der Siedlungen von Wagenzelle, Hainhaus, Maspe, Twenge und Altenhorst die Gemeinde Kaltenweide. <\/p>\n\n\n\n<p>Mit der nieders\u00e4chsischen Gebietsreform am 01. M\u00e4rz 1974 wurde Kaltenweide in die Stadt Langenhagen eingegliedert. Heute schlie\u00dft Kaltenweide die Orte <strong>Altenhorst<\/strong>, <strong>Siedlung Twenge<\/strong>, <strong>Maspe<\/strong>, <strong>Twenge<\/strong>, <strong>Hainhaus<\/strong>, <strong>Kananohe<\/strong> und <strong>Kiebitzkrug<\/strong> mit ein. Altenhorst, Siedlung Twenge, Maspe, Twenge und Hainhaus werden im Allgemeinen auch als &#8211; <strong>Seest\u00e4dte <\/strong>&#8211; bezeichnet.<\/p>\n<\/div>\n\n\n\n<div class=\"wp-block-column is-layout-flow wp-block-column-is-layout-flow\">\n<h5 class=\"wp-block-heading\">Fl\u00e4chenm\u00e4\u00dfig der gr\u00f6\u00dfte Langenhagener Ortsteil<\/h5>\n\n\n\n<p>Zur Ortschaft Kaltenweide geh\u00f6rt das gesamte westliche Gebiet bis zur Ortschaft Resse mit dem Kaltenweider Moor, dem s\u00fcdlichen Teil des Naturschutzgebietes Bissendorfer Moor mit dem Muswillensee und das Landschaftsschutzgebiet Ellernbruch. Dadurch ist Kaltenweide mit 22,33 km\u00b2 nicht nur von der Einwohnerzahl, sondern auch fl\u00e4chenm\u00e4\u00dfig die gr\u00f6\u00dfte Ortschaft der Stadt Langenhagen.<\/p>\n<\/div>\n<\/div>\n\n\n<ul class=\"wp-block-latest-posts__list has-dates wp-block-latest-posts\"><\/ul>","protected":false},"excerpt":{"rendered":"<p>Kaltenweide ist der n\u00f6rdlichste und der bev\u00f6lkerungsreichste Ortsteil von Langenhagen nach der Kernstadt. Mehr als 9.000 Menschen leben in der Ortschaft, die im Norden an Bissendorf-Wietze und Resse und im Osten an Isernhagen angrenzt. S\u00fcdlich von Kaltenweide liegen der Langenhagener<\/p>\n","protected":false},"author":1,"featured_media":0,"parent":0,"menu_order":0,"comment_status":"closed","ping_status":"closed","template":"","meta":{"footnotes":""},"class_list":["post-10","page","type-page","status-publish","hentry"],"_links":{"self":[{"href":"https:\/\/www.buerger-fuer-kaltenweide.de\/unser-ort\/wp-json\/wp\/v2\/pages\/10","targetHints":{"allow":["GET"]}}],"collection":[{"href":"https:\/\/www.buerger-fuer-kaltenweide.de\/unser-ort\/wp-json\/wp\/v2\/pages"}],"about":[{"href":"https:\/\/www.buerger-fuer-kaltenweide.de\/unser-ort\/wp-json\/wp\/v2\/types\/page"}],"author":[{"embeddable":true,"href":"https:\/\/www.buerger-fuer-kaltenweide.de\/unser-ort\/wp-json\/wp\/v2\/users\/1"}],"replies":[{"embeddable":true,"href":"https:\/\/www.buerger-fuer-kaltenweide.de\/unser-ort\/wp-json\/wp\/v2\/comments?post=10"}],"version-history":[{"count":3,"href":"https:\/\/www.buerger-fuer-kaltenweide.de\/unser-ort\/wp-json\/wp\/v2\/pages\/10\/revisions"}],"predecessor-version":[{"id":111,"href":"https:\/\/www.buerger-fuer-kaltenweide.de\/unser-ort\/wp-json\/wp\/v2\/pages\/10\/revisions\/111"}],"wp:attachment":[{"href":"https:\/\/www.buerger-fuer-kaltenweide.de\/unser-ort\/wp-json\/wp\/v2\/media?parent=10"}],"curies":[{"name":"wp","href":"https:\/\/api.w.org\/{rel}","templated":true}]}}