{"id":103,"date":"2024-04-02T22:06:31","date_gmt":"2024-04-02T20:06:31","guid":{"rendered":"https:\/\/www.buerger-fuer-kaltenweide.de\/unser-ort\/?page_id=103"},"modified":"2024-11-17T15:02:15","modified_gmt":"2024-11-17T14:02:15","slug":"gesundheitsversorgung","status":"publish","type":"page","link":"https:\/\/www.buerger-fuer-kaltenweide.de\/unser-ort\/gesundheitsversorgung\/","title":{"rendered":"Gesundheitsversorgung"},"content":{"rendered":"<div class=\"wp-block-image\">\n<figure class=\"alignright size-full is-resized\"><img decoding=\"async\" src=\"https:\/\/www.buerger-fuer-kaltenweide.de\/wp-content\/uploads\/2014\/03\/KaltenweiderPlatz.jpg\" alt=\"Der Kaltenweider Platz\" class=\"wp-image-166\" style=\"width:400px;height:249px\"\/><figcaption class=\"wp-element-caption\">Kaltenweider Platz<\/figcaption><\/figure>\n<\/div>\n\n\n<p>Eine Grundversorgung f\u00fcr die Gesundheit von Mensch und Tier, wird durch zahlreiche Praxen sichergestellt. Nachfolgend geben wir Ihnen eine \u00dcbersicht der niedergelassenen \u00c4rzte, Praxen und Einrichtungen der Gesundheitspflege. <\/p>\n\n\n\n<p>Hinweise f\u00fcr eine Vervollst\u00e4ndigung unserer Liste und \u00c4nderungen nehmen wir jederzeit gerne entgegen. Unsere Kontaktm\u00f6glichkeiten finden Sie <a href=\"https:\/\/www.buerger-fuer-kaltenweide.de\/kontakt\/\" data-type=\"page\" data-id=\"390\">hier<\/a>.<\/p>\n\n\n\n<p>\u00d6ffnungszeiten und aktuelle Informationen entnehmen Sie bitte den angegebenen Internetseiten.<\/p>\n\n\n\n<p><\/p>\n\n\n\n<p><mark style=\"background-color:rgba(0, 0, 0, 0)\" class=\"has-inline-color has-vivid-red-color\"><strong>Beim Verdacht auf lebensbedrohliche Erkrankungen und Notf\u00e4lle w\u00e4hlen Sie bitte den <\/strong><br><strong>Notruf: 112<\/strong><br><br><strong>Bei akuten Erkrankungen au\u00dferhalb von Praxis-Sprechzeiten erreichen Sie den kassen\u00e4rztlichen Notdienst unter der Telefonnumnmer:<\/strong> <strong>0511 &#8211; 116 117<\/strong><\/mark><br><\/p>\n\n\n\n<hr class=\"wp-block-separator has-text-color has-black-color has-css-opacity has-black-background-color has-background is-style-wide\"\/>\n\n\n\n<h4 class=\"wp-block-heading\">Allgemeinmedizin<\/h4>\n\n\n\n<ul class=\"wp-block-list\">\n<li><strong>Praxis Dres. Juliane &amp; Pardis Assassi<\/strong><br>Kaltenweider Platz 7<br>30855 Langenhagen<br>Telefon: 0511 &#8211; 973 567 9<\/li>\n<\/ul>\n\n\n\n<hr class=\"wp-block-separator has-text-color has-black-color has-css-opacity has-black-background-color has-background is-style-wide\"\/>\n\n\n\n<h4 class=\"wp-block-heading\">Apotheke<\/h4>\n\n\n\n<ul class=\"wp-block-list\">\n<li><strong>Oliven Apotheke Kaltenweide<\/strong><br>Bertha-von-Suttner-Ring 3<br>30855 Langenhagen<br>Telefon: 0511 &#8211; 897 924 0<br>Internet: <a rel=\"noreferrer noopener\" href=\"http:\/\/www.oliven-apotheke.com\" target=\"_blank\">www.oliven-apotheke.com<\/a><br>Notdienstplan der Apotheken: <a rel=\"noreferrer noopener\" href=\"http:\/\/www.apotheken.de\/index.php?fkt=7&amp;clearsess=1\" target=\"_blank\">www.apotheken.de<\/a><\/li>\n<\/ul>\n\n\n\n<hr class=\"wp-block-separator has-text-color has-black-color has-css-opacity has-black-background-color has-background is-style-wide\"\/>\n\n\n\n<h4 class=\"wp-block-heading\">Corona &#8211; Testzentrum &amp; Testmobil<\/h4>\n\n\n\n<ul class=\"wp-block-list\">\n<li>&#8230; der Oliven-Apotheke Kaltenweide<br>Kaltenweider Platz 7b<br>30855 Langenhagen<br>Telefon: 0511 &#8211; 235 190 38<br>Internet: <a rel=\"noreferrer noopener\" href=\"http:\/\/www.etermin.net\/TestzentrumOlivenApothekeKaltenweide\" data-type=\"URL\" data-id=\"www.etermin.net\/TestzentrumOlivenApothekeKaltenweide\" target=\"_blank\">www.etermin.net\/TestzentrumOlivenApothekeKaltenweide<\/a>     oder<br><a rel=\"noreferrer noopener\" href=\"https:\/\/www.oliven-apotheke.com\/startseite\/corona-testzentrum-oliven-apotheke-kaltenweide\" data-type=\"URL\" data-id=\"https:\/\/www.oliven-apotheke.com\/startseite\/corona-testzentrum-oliven-apotheke-kaltenweide\" target=\"_blank\">www.oliven-apotheke.com\/startseite\/corona-testzentrum-oliven-apotheke-kaltenweide<\/a><\/li>\n<\/ul>\n\n\n\n<hr class=\"wp-block-separator has-text-color has-black-color has-css-opacity has-black-background-color has-background is-style-wide\"\/>\n\n\n\n<h4 class=\"wp-block-heading\">Frauenheilkunde &amp; Hebamme<\/h4>\n\n\n\n<ul class=\"wp-block-list\">\n<li><strong>J\u00f6rn Tillner (Frauenarzt)<br>Eva Tillner (Hebamme)<\/strong><br>Kaltenweider Platz 7<br>30855 Langenhagen<br>Telefon: 0511 &#8211; 777 373<br>Internet: <a href=\"http:\/\/www.praxis-tillner.de\" data-type=\"URL\" data-id=\"www.praxis-tillner.de\" target=\"_blank\" rel=\"noreferrer noopener\">www.praxis-tillner.de<\/a><\/li>\n<\/ul>\n\n\n\n<hr class=\"wp-block-separator has-text-color has-black-color has-css-opacity has-black-background-color has-background is-style-wide\"\/>\n\n\n\n<h4 class=\"wp-block-heading\">Heilpraktiker<\/h4>\n\n\n\n<ul class=\"wp-block-list\">\n<li><strong>Ann-Kathrin Wernicke<\/strong><br>Heilpraktikerin f\u00fcr Psychotherapie \/ Hypnosetherapie<\/li>\n\n\n\n<li>Wagenzeller Strasse 7<br>30855 Langenhagen<br>Telefon: 0511 &#8211; 1246441<br>Internet<a href=\"http:\/\/www.praxis-tillner.de\" data-type=\"URL\" data-id=\"www.praxis-tillner.de\" target=\"_blank\" rel=\"noreferrer noopener\">: <\/a><a href=\"https:\/\/wernicke-hypnose.de\">https:\/\/wernicke-hypnose.de<\/a><\/li>\n<\/ul>\n\n\n\n<hr class=\"wp-block-separator has-text-color has-black-color has-css-opacity has-black-background-color has-background is-style-wide\"\/>\n\n\n\n<h4 class=\"wp-block-heading\">Kinder- &amp; Jugendheilkunde<\/h4>\n\n\n\n<ul class=\"wp-block-list\">\n<li><strong>Anja H\u00fcbner &amp; Renate Kubel<\/strong><br>Kaltenweider Platz 7<br>30855 Langenhagen<br>Telefon: 0511 &#8211; 779 514 0<\/li>\n<\/ul>\n\n\n\n<hr class=\"wp-block-separator has-text-color has-black-color has-css-opacity has-black-background-color has-background is-style-wide\"\/>\n\n\n\n<h4 class=\"wp-block-heading\">Naturheilkunde<\/h4>\n\n\n\n<ul class=\"wp-block-list\">\n<li><strong>Naturheilpraxis Weiss<\/strong><br>Klara Gesine Wei\u00df<br>Heilpraktikerin<br>Wacholderweg 9<br>30855 Langenhagen<br>Internet: <a href=\"https:\/\/www.naturheilpraxis-weiss.net\" target=\"_blank\" rel=\"noreferrer noopener\">www.naturheilpraxis-weiss.net<\/a><\/li>\n<\/ul>\n\n\n\n<hr class=\"wp-block-separator has-text-color has-black-color has-css-opacity has-black-background-color has-background is-style-wide\"\/>\n\n\n\n<h4 class=\"wp-block-heading\">Physiotherapie<\/h4>\n\n\n\n<ul class=\"wp-block-list\">\n<li><strong>Physiotherapie im Weiherfeld Merk &amp; Vieritz&nbsp;<\/strong><br>Kaltenweider Platz 1<br>30855 Langenhagen<br>Telefon: 0511 &#8211; 722 859<br>Internet: <a href=\"http:\/\/www.physiotherapie-weiherfeld.de\" data-type=\"URL\" data-id=\"www.physiotherapie-weiherfeld.de\" target=\"_blank\" rel=\"noreferrer noopener\">www.physiotherapie-weiherfeld.de<\/a><\/li>\n<\/ul>\n\n\n\n<hr class=\"wp-block-separator has-text-color has-black-color has-css-opacity has-black-background-color has-background is-style-wide\"\/>\n\n\n\n<h4 class=\"wp-block-heading\">Seniorenpflege<\/h4>\n\n\n\n<ul class=\"wp-block-list\">\n<li><strong>tegeler Pflege &amp; Gesundheit GmbH<br>Pflegezentrum Margeritenhof<\/strong><br>Kaltenweider Platz 1<br>30855 Langenhagen<br>Telefon: 0511 &#8211; 544 557 0<br>Internet: <a rel=\"noreferrer noopener\" href=\"https:\/\/tegeler-gruppe.de\/pflege-gesundheit\/margeritenhof.html\" target=\"_blank\">tegeler-gruppe.de\/pflege-gesundheit\/margeritenhof.html<\/a><\/li>\n<\/ul>\n\n\n\n<hr class=\"wp-block-separator has-text-color has-black-color has-css-opacity has-black-background-color has-background is-style-wide\"\/>\n\n\n\n<h4 class=\"wp-block-heading\">Tiermedizin<\/h4>\n\n\n\n<ul class=\"wp-block-list\">\n<li><strong>Tierarztpraxis Dr. Schmidt<\/strong><br>Dr. R\u00fcdiger Schmidt<br>Kaltenweider Platz 3<br>30855 Langenhagen<br>Telefon: 0511 &#8211; 866 724 61<br>Internet: <a href=\"https:\/\/tierarztpraxis-schmidt.com\" target=\"_blank\" rel=\"noreferrer noopener\">https:\/\/tierarztpraxis-schmidt.com<\/a><br><br>Notdienstanrufbeantworter f\u00fcr den hannoverschen Notdienst: 0511 \u2013 655 118 21<br>Klinik f\u00fcr kleine Haustiere der Tier\u00e4rztlichen Hochschule Hannover (24 Stunden Notdienst an allen Tagen): 0511 \u2013 953 620 0<\/li>\n<\/ul>\n\n\n\n<hr class=\"wp-block-separator has-text-color has-black-color has-css-opacity has-black-background-color has-background is-style-wide\"\/>\n\n\n\n<h4 class=\"wp-block-heading\">Zahn\u00e4rzte<\/h4>\n\n\n\n<ul class=\"wp-block-list\">\n<li><strong>Dr. J\u00f6rg Riechers &amp; Mira B\u00f6ttcher<\/strong><br>Kananoher Strasse 5<br>30855 Langenhagen &#8211; Kaltenweide<br>Telefon: 0511 &#8211; 723 727<br>Internet: <a rel=\"noreferrer noopener\" href=\"http:\/\/www.zahnarzt-kaltenweide.de\" data-type=\"URL\" data-id=\"www.zahnarzt-kaltenweide.de\" target=\"_blank\">www.zahnarzt-kaltenweide.de<\/a><br><br><\/li>\n\n\n\n<li><strong>Die Zahn\u00e4rzte am Kaltenweider Platz<\/strong><br>Sassan Rassoulian<br>Kaltenweider Platz 7B<br>30855 Langenhagen \/ Kaltenweide<br>Telefon: 0511 &#8211; 235 169 80 <br>Internet: <a rel=\"noreferrer noopener\" href=\"http:\/\/rassoulian.de\" target=\"_blank\">http:\/\/rassoulian.de<\/a><\/li>\n<\/ul>\n\n\n\n<hr class=\"wp-block-separator has-text-color has-black-color has-css-opacity has-black-background-color has-background is-style-wide\"\/>\n\n\n\n<h4 class=\"wp-block-heading\">Krankenh\u00e4user in Langenhagen &amp; der Region Hannover<\/h4>\n\n\n\n<ul class=\"wp-block-list\">\n<li><strong>Paracelsus Klinik am Silbersee<\/strong>:<br>Telefon: 0511 779 40<br>Internet: <a rel=\"noreferrer noopener\" href=\"https:\/\/www.paracelsus-kliniken.de\/langenhagen.html\" target=\"_blank\">https:\/\/www.paracelsus-kliniken.de\/akut\/langenhagen\/<\/a><\/li>\n<\/ul>\n\n\n\n<ul class=\"wp-block-list\">\n<li><strong>Psychiatrie Langenhagen<\/strong><br>Telefon: 0511 &#8211; 730 003<br>Internet: <a rel=\"noreferrer noopener\" href=\"https:\/\/psychiatrie-langenhagen.krh.de\/\" target=\"_blank\">https:\/\/psychiatrie-langenhagen.krh.de\/<\/a><\/li>\n<\/ul>\n\n\n\n<ul class=\"wp-block-list\">\n<li><strong>Krankenhaus Grossburgwedel:<\/strong><br>Telefon: 05139 &#8211; 801 1<br>Zentrale Notaufnahme: 05139 &#8211; 801 388 1<br>Internet: <a rel=\"noreferrer noopener\" href=\"https:\/\/grossburgwedel.krh.de\/\" target=\"_blank\">https:\/\/grossburgwedel.krh.de\/<\/a><\/li>\n<\/ul>\n\n\n\n<ul class=\"wp-block-list\">\n<li><strong>Medizinische Hochschule Hannover<\/strong><br>Zentrale Notrufnummern: <a href=\"https:\/\/www.mhh.de\/notfallnummern\" target=\"_blank\" rel=\"noreferrer noopener\">https:\/\/www.mhh.de\/notfallnummern<\/a><br>Internet: <a rel=\"noreferrer noopener\" href=\"http:\/\/www.mh-hannover.de\/\" target=\"_blank\">www.mh-hannover.de<\/a><\/li>\n<\/ul>\n","protected":false},"excerpt":{"rendered":"<p>Eine Grundversorgung f\u00fcr die Gesundheit von Mensch und Tier, wird durch zahlreiche Praxen sichergestellt. Nachfolgend geben wir Ihnen eine \u00dcbersicht der niedergelassenen \u00c4rzte, Praxen und Einrichtungen der Gesundheitspflege. Hinweise f\u00fcr eine Vervollst\u00e4ndigung unserer Liste und \u00c4nderungen nehmen wir jederzeit gerne<\/p>\n","protected":false},"author":1,"featured_media":0,"parent":0,"menu_order":0,"comment_status":"closed","ping_status":"closed","template":"","meta":{"footnotes":""},"class_list":["post-103","page","type-page","status-publish","hentry"],"_links":{"self":[{"href":"https:\/\/www.buerger-fuer-kaltenweide.de\/unser-ort\/wp-json\/wp\/v2\/pages\/103","targetHints":{"allow":["GET"]}}],"collection":[{"href":"https:\/\/www.buerger-fuer-kaltenweide.de\/unser-ort\/wp-json\/wp\/v2\/pages"}],"about":[{"href":"https:\/\/www.buerger-fuer-kaltenweide.de\/unser-ort\/wp-json\/wp\/v2\/types\/page"}],"author":[{"embeddable":true,"href":"https:\/\/www.buerger-fuer-kaltenweide.de\/unser-ort\/wp-json\/wp\/v2\/users\/1"}],"replies":[{"embeddable":true,"href":"https:\/\/www.buerger-fuer-kaltenweide.de\/unser-ort\/wp-json\/wp\/v2\/comments?post=103"}],"version-history":[{"count":6,"href":"https:\/\/www.buerger-fuer-kaltenweide.de\/unser-ort\/wp-json\/wp\/v2\/pages\/103\/revisions"}],"predecessor-version":[{"id":134,"href":"https:\/\/www.buerger-fuer-kaltenweide.de\/unser-ort\/wp-json\/wp\/v2\/pages\/103\/revisions\/134"}],"wp:attachment":[{"href":"https:\/\/www.buerger-fuer-kaltenweide.de\/unser-ort\/wp-json\/wp\/v2\/media?parent=103"}],"curies":[{"name":"wp","href":"https:\/\/api.w.org\/{rel}","templated":true}]}}