{"id":21,"date":"2024-03-31T12:41:15","date_gmt":"2024-03-31T10:41:15","guid":{"rendered":"https:\/\/www.buerger-fuer-kaltenweide.de\/unser-ort\/?page_id=21"},"modified":"2024-04-02T20:53:28","modified_gmt":"2024-04-02T18:53:28","slug":"osterfeuer","status":"publish","type":"page","link":"https:\/\/www.buerger-fuer-kaltenweide.de\/unser-ort\/veranstaltungen\/osterfeuer\/","title":{"rendered":"Osterfeuer"},"content":{"rendered":"<div class=\"wp-block-image\">\n<figure class=\"alignright size-large is-resized\"><img loading=\"lazy\" decoding=\"async\" width=\"1024\" height=\"768\" src=\"https:\/\/www.buerger-fuer-kaltenweide.de\/unser-ort\/wp-content\/uploads\/sites\/9\/2024\/03\/IMG_1945-1024x768.jpeg\" alt=\"(c) 2024 Florian Windeck | Osterfeuer in Kaltenweide\" class=\"wp-image-5\" style=\"width:350px\" srcset=\"https:\/\/www.buerger-fuer-kaltenweide.de\/unser-ort\/wp-content\/uploads\/sites\/9\/2024\/03\/IMG_1945-1024x768.jpeg 1024w, https:\/\/www.buerger-fuer-kaltenweide.de\/unser-ort\/wp-content\/uploads\/sites\/9\/2024\/03\/IMG_1945-300x225.jpeg 300w, https:\/\/www.buerger-fuer-kaltenweide.de\/unser-ort\/wp-content\/uploads\/sites\/9\/2024\/03\/IMG_1945-768x576.jpeg 768w, https:\/\/www.buerger-fuer-kaltenweide.de\/unser-ort\/wp-content\/uploads\/sites\/9\/2024\/03\/IMG_1945-1536x1152.jpeg 1536w, https:\/\/www.buerger-fuer-kaltenweide.de\/unser-ort\/wp-content\/uploads\/sites\/9\/2024\/03\/IMG_1945-2048x1536.jpeg 2048w, https:\/\/www.buerger-fuer-kaltenweide.de\/unser-ort\/wp-content\/uploads\/sites\/9\/2024\/03\/IMG_1945-320x240.jpeg 320w\" sizes=\"auto, (max-width: 1024px) 100vw, 1024px\" \/><figcaption class=\"wp-element-caption\">Osterfeuer in Kaltenweide<\/figcaption><\/figure>\n<\/div>\n\n\n<h5 class=\"wp-block-heading\">Das Osterfeuer hat eine lange Tradition und wird Jahr f\u00fcr Jahr. Auch Kaltenweide h\u00e4lt an der Tradition eines Osterfeuers fest. <\/h5>\n\n\n\n<p>J\u00e4hrlich am <strong>Ostersamstag<\/strong> entz\u00fcndet die <strong>Freiwillige Feuerwehr Kaltenweide<\/strong> zusammen mit der <strong>Jugendfeuerwehr<\/strong> und unterst\u00fctzt durch den <strong>Sch\u00fctzenverein Kaltenweide von 1903 e.V. <\/strong>das Osterfeuer auf dem <strong>Zellerieplatz<\/strong> &#8211; der alten Dorfmitte.<\/p>\n\n\n\n<blockquote class=\"wp-block-quote is-layout-flow wp-block-quote-is-layout-flow\">\n<p>Diese Fr\u00fchlings- oder Freudenfeuer sollen die Wintergeister, und damit alles B\u00f6se, vertreiben &#8211; und den Fr\u00fchling und die Wiederkehr der Natur begr\u00fc\u00dfen. Das Feuer symbolisiert die Sonne und das Licht, das die Dunkelheit besiegt.<\/p>\n<\/blockquote>\n","protected":false},"excerpt":{"rendered":"<p>Das Osterfeuer hat eine lange Tradition und wird Jahr f\u00fcr Jahr. Auch Kaltenweide h\u00e4lt an der Tradition eines Osterfeuers fest. J\u00e4hrlich am Ostersamstag entz\u00fcndet die Freiwillige Feuerwehr Kaltenweide zusammen mit der Jugendfeuerwehr und unterst\u00fctzt durch den Sch\u00fctzenverein Kaltenweide von 1903<\/p>\n","protected":false},"author":1,"featured_media":0,"parent":51,"menu_order":0,"comment_status":"closed","ping_status":"closed","template":"","meta":{"footnotes":""},"class_list":["post-21","page","type-page","status-publish","hentry"],"_links":{"self":[{"href":"https:\/\/www.buerger-fuer-kaltenweide.de\/unser-ort\/wp-json\/wp\/v2\/pages\/21","targetHints":{"allow":["GET"]}}],"collection":[{"href":"https:\/\/www.buerger-fuer-kaltenweide.de\/unser-ort\/wp-json\/wp\/v2\/pages"}],"about":[{"href":"https:\/\/www.buerger-fuer-kaltenweide.de\/unser-ort\/wp-json\/wp\/v2\/types\/page"}],"author":[{"embeddable":true,"href":"https:\/\/www.buerger-fuer-kaltenweide.de\/unser-ort\/wp-json\/wp\/v2\/users\/1"}],"replies":[{"embeddable":true,"href":"https:\/\/www.buerger-fuer-kaltenweide.de\/unser-ort\/wp-json\/wp\/v2\/comments?post=21"}],"version-history":[{"count":5,"href":"https:\/\/www.buerger-fuer-kaltenweide.de\/unser-ort\/wp-json\/wp\/v2\/pages\/21\/revisions"}],"predecessor-version":[{"id":28,"href":"https:\/\/www.buerger-fuer-kaltenweide.de\/unser-ort\/wp-json\/wp\/v2\/pages\/21\/revisions\/28"}],"up":[{"embeddable":true,"href":"https:\/\/www.buerger-fuer-kaltenweide.de\/unser-ort\/wp-json\/wp\/v2\/pages\/51"}],"wp:attachment":[{"href":"https:\/\/www.buerger-fuer-kaltenweide.de\/unser-ort\/wp-json\/wp\/v2\/media?parent=21"}],"curies":[{"name":"wp","href":"https:\/\/api.w.org\/{rel}","templated":true}]}}