{"id":48,"date":"2024-04-02T20:50:45","date_gmt":"2024-04-02T18:50:45","guid":{"rendered":"https:\/\/www.buerger-fuer-kaltenweide.de\/unser-ort\/?page_id=48"},"modified":"2024-11-18T08:40:01","modified_gmt":"2024-11-18T07:40:01","slug":"wochenmarkt","status":"publish","type":"page","link":"https:\/\/www.buerger-fuer-kaltenweide.de\/unser-ort\/veranstaltungen\/wochenmarkt\/","title":{"rendered":"Wochenmarkt"},"content":{"rendered":"\n<h5 class=\"wp-block-heading\">Jeden Donnerstag haben die Einwohnerinnen und Einwohner von Kaltenweide und der umliegenden Ortschaften die M\u00f6glichkeit in der Zeit von 14:00 bis 18:00 Uhr auf dem Kaltenweider Platz auf dem Wochenmarkt einzukaufen.<\/h5>\n\n\n<div class=\"wp-block-image\">\n<figure class=\"alignright size-large is-resized\"><img decoding=\"async\" src=\"https:\/\/www.buerger-fuer-kaltenweide.de\/wp-content\/uploads\/2022\/05\/wochenmarkt_kaltenweide_2022_01-1024x768.jpg\" alt=\"\" class=\"wp-image-4846\" style=\"width:300px\"\/><\/figure>\n<\/div>\n\n\n<p>Verantwortlich f\u00fcr die Umsetzung und Durchf\u00fchrung des Wochenmarktes ist die Deutsche Marktgilde e.G.aus Eschenburg. Die Marktgilde hat es sich zur Aufgabe gemacht, bundesweit Wochenm\u00e4rkte z.B. im Auftrag f\u00fcr St\u00e4dte und Kommunen durchzuf\u00fchren.<\/p>\n\n\n\n<p><strong>Weitere Informationsm\u00f6glichkeiten:<\/strong><\/p>\n\n\n\n<p>Deutsche Marktgilde e.G.: <a href=\"http:\/\/www.marktgilde.de\" data-type=\"link\" data-id=\"www.marktgilde.de\" target=\"_blank\" rel=\"noreferrer noopener\">www.marktgilde.de<\/a><br>Stadt Langenhagen: <a href=\"https:\/\/www.langenhagen.de\/portal\/seiten\/stadt-langenhagen-i-wochenmarkt-900000734-30890.html\" target=\"_blank\" rel=\"noreferrer noopener\">https:\/\/www.langenhagen.de\/portal\/seiten\/stadt-langenhagen-i-wochenmarkt-900000734-30890.html<\/a><\/p>\n\n\n\n<hr class=\"wp-block-separator has-alpha-channel-opacity is-style-dots\"\/>\n\n\n\n<h6 class=\"wp-block-heading\">Hintergrundinformationen zum Kaltenweider Wochenmarkt:<\/h6>\n\n\n\n<p>Auf Initiative der Interessengemeinschaft Weiherfeld-Kaltenweide (IWK) wurde der Wochenmarkt in Kaltenweide erstmals im April 2013 durchgef\u00fchrt. Die Verantwortung hatte \u00fcber viele Jahre ein lokaler Gewerbetreibender. Nachdem dieser sein Gewerbe in Kaltenweide aufgegeben hatte,, lief der Wochenmarkt dennoch weiter, auch wenn keine neuen Anbieter und St\u00e4nde dazukamen.<\/p>\n\n\n\n<p>Ein familienbetriebener Fischzuchtbetrieb mit hauseigener R\u00e4ucherei aus der Wedemark, ein landwirtschaftlicher Betrieb mit Hofladen aus der Wedemark sowie ein Feinkostanbieter aus Hannover sorgten \u00fcber viele Jahre f\u00fcr ein kleines und interessantes Angebot, dass es so in Kaltenweide im station\u00e4ren Lebensmitteleinzelhandel nicht gab.<\/p>\n\n\n\n<p>Der BfK unternahm mehrere Anl\u00e4ufe, im Jahr 2020 &#8211; w\u00e4hrend der Corona.Pandemie &#8211; sollte es dann aber konkret werden. Aufgrund diverser Anfragen von Anbietern, wollte der BfK dem Wochenmarkt in Kaltenweide neues Leben einhauchen und hatte sich dazu bereits mit der IWK abgestimmt. Zu diesem Zeitpunkt war die Verwaltung der Stadt Langenhagen jedoch bereits mit der Deutschen Marktgilde e.G. im Austausch \u00fcber die \u00dcbernahme und eine professionelle Durchf\u00fchrung des Wochenmarktes.<\/p>\n\n\n\n<p>Am 07. April 2022 erfolgt der Neustart des Kaltenweider Wochenmarktes mit einem sehr umfangreichen und breiten Angebot unter der Leitung der Marktgilde, dass jedoch nur kurzzeitig Anklang gefunden hat. Auch der Marktgilde ist es nicht gelungen das Angebot dauerhaft in dem Umfang mit dem man gestartet ist, aufrecht zu erhalten. Gestiegene Kosten und knappere Budgets der Kunden machten den Anbietern auf dem Wochenmarkt zu schaffen. Im Jahr 2023 ging es merklich bergab mit dem Angebot. Die Anbieter kehrten dem Wochenmarkt in Kaltenweide den R\u00fccken, auch die Anbieter aus der Region, die den Wochenmarkt jahrelang am Leben gehalten haben. Das Angebot schrumpfte deutlich zusammen. <\/p>\n\n\n\n<p>Im M\u00e4rz 2024 startete die Deutsche Marktgilde e.G. mit Unterst\u00fctzung der Verwaltung der Stadt Langenhagen eine Umfrage unter den Bewohnerinnen und Bewohnern n Kaltenweide, um in Erfahrung zu bringen, was die W\u00fcnsche Kundinnen und Kunden an einen regelm\u00e4\u00dfigen Wochenmarkt sind.<\/p>\n\n\n\n<figure class=\"wp-block-gallery has-nested-images columns-default is-cropped wp-block-gallery-1 is-layout-flex wp-block-gallery-is-layout-flex\">\n<figure class=\"wp-block-image size-large\"><img decoding=\"async\" data-id=\"4847\" src=\"https:\/\/www.buerger-fuer-kaltenweide.de\/wp-content\/uploads\/2022\/05\/wochenmarkt_kaltenweide_2022_02-1024x768.jpg\" alt=\"\" class=\"wp-image-4847\"\/><\/figure>\n\n\n\n<figure class=\"wp-block-image size-large\"><img decoding=\"async\" data-id=\"4846\" src=\"https:\/\/www.buerger-fuer-kaltenweide.de\/wp-content\/uploads\/2022\/05\/wochenmarkt_kaltenweide_2022_01-1024x768.jpg\" alt=\"\" class=\"wp-image-4846\"\/><\/figure>\n<\/figure>\n","protected":false},"excerpt":{"rendered":"<p>Jeden Donnerstag haben die Einwohnerinnen und Einwohner von Kaltenweide und der umliegenden Ortschaften die M\u00f6glichkeit in der Zeit von 14:00 bis 18:00 Uhr auf dem Kaltenweider Platz auf dem Wochenmarkt einzukaufen. Verantwortlich f\u00fcr die Umsetzung und Durchf\u00fchrung des Wochenmarktes ist<\/p>\n","protected":false},"author":1,"featured_media":0,"parent":51,"menu_order":0,"comment_status":"closed","ping_status":"closed","template":"","meta":{"footnotes":""},"class_list":["post-48","page","type-page","status-publish","hentry"],"_links":{"self":[{"href":"https:\/\/www.buerger-fuer-kaltenweide.de\/unser-ort\/wp-json\/wp\/v2\/pages\/48","targetHints":{"allow":["GET"]}}],"collection":[{"href":"https:\/\/www.buerger-fuer-kaltenweide.de\/unser-ort\/wp-json\/wp\/v2\/pages"}],"about":[{"href":"https:\/\/www.buerger-fuer-kaltenweide.de\/unser-ort\/wp-json\/wp\/v2\/types\/page"}],"author":[{"embeddable":true,"href":"https:\/\/www.buerger-fuer-kaltenweide.de\/unser-ort\/wp-json\/wp\/v2\/users\/1"}],"replies":[{"embeddable":true,"href":"https:\/\/www.buerger-fuer-kaltenweide.de\/unser-ort\/wp-json\/wp\/v2\/comments?post=48"}],"version-history":[{"count":4,"href":"https:\/\/www.buerger-fuer-kaltenweide.de\/unser-ort\/wp-json\/wp\/v2\/pages\/48\/revisions"}],"predecessor-version":[{"id":138,"href":"https:\/\/www.buerger-fuer-kaltenweide.de\/unser-ort\/wp-json\/wp\/v2\/pages\/48\/revisions\/138"}],"up":[{"embeddable":true,"href":"https:\/\/www.buerger-fuer-kaltenweide.de\/unser-ort\/wp-json\/wp\/v2\/pages\/51"}],"wp:attachment":[{"href":"https:\/\/www.buerger-fuer-kaltenweide.de\/unser-ort\/wp-json\/wp\/v2\/media?parent=48"}],"curies":[{"name":"wp","href":"https:\/\/api.w.org\/{rel}","templated":true}]}}