{"id":56,"date":"2024-04-02T20:58:18","date_gmt":"2024-04-02T18:58:18","guid":{"rendered":"https:\/\/www.buerger-fuer-kaltenweide.de\/unser-ort\/?page_id=56"},"modified":"2024-04-02T20:59:35","modified_gmt":"2024-04-02T18:59:35","slug":"augenhand","status":"publish","type":"page","link":"https:\/\/www.buerger-fuer-kaltenweide.de\/unser-ort\/sehenswuerdigkeiten\/augenhand\/","title":{"rendered":"Augenhand"},"content":{"rendered":"<div class=\"wp-block-image\">\n<figure class=\"alignright size-large is-resized\"><img decoding=\"async\" src=\"https:\/\/www.buerger-fuer-kaltenweide.de\/wp-content\/uploads\/2024\/02\/img_0870-1-1024x768.jpg\" alt=\"(c) 2024 - Florian Windeck | Augenhand Kaltenweider Platz\" class=\"wp-image-6706\" style=\"width:300px\"\/><\/figure>\n<\/div>\n\n\n<h5 class=\"wp-block-heading\">Die Skulptur &#8222;Augenhand&#8220; auf dem Kaltenweider Platz wurde von dem deutsch-chinesischen K\u00fcnstler Ren Rong geschaffen und steht seit 2011 auf dem Platz am Kaltenweider Bahnhof. <\/h5>\n\n\n\n<p>F\u00fcr die im Jahr 2000 von der <a href=\"http:\/\/www.kulturstiftung-langenhagen.de\/\" target=\"_blank\" rel=\"noreferrer noopener\">Kulturstiftung Langenhagen e.V.<\/a> initiierte Ausstellung &#8222;<strong><em>99 Standpunkte<\/em><\/strong>&#8220; hatte Ren Rong die Hand mit sechs Fingern aus einer Eisenplatte geschaffen.<\/p>\n\n\n\n<p>Das Auge in der Handfl\u00e4che steht f\u00fcr den K\u00fcnstler u.a. als Symbol f\u00fcr Neugierde und Wachsamkeit und bilde mit der Hand die sch\u00f6pferische Kraft.&nbsp;<\/p>\n\n\n\n<p>W\u00e4hrend des Ausstellungszeitraumes konnten die Langenhagenerinnen und Langenhagener die &#8222;Augenhand&#8220; in einer Gr\u00fcnanlage an der Ehlersstrasse in Langenhagen betrachten.<\/p>\n\n\n\n<p>Schon w\u00e4hrend der Ausstellung im Jahr 2000 hatte der Langenhagener K\u00fcnstler Klaus Dittmann die Idee, das Kunstwerk nach Beendigung des EXPO-Projektes auf Dauer in Langenhagen zu behalten und in dem neuen und in der Entwicklung befindlichen Wohngebiet &#8222;Weiherfeld&#8220; vor dem Bahnhof Kaltenweide aufzustellen<\/p>\n\n\n\n<p>Mit Hilfe von Spenden aus der B\u00fcrgerschaft erwarb die Kulturstiftung Langenhagen e.V. das Kunstwerk und \u00fcbergab es anschliessend der Stadt Langenhagen. Auch wenn die Entwicklung des Weiherfelds noch andauerte, blieb die von Kulturstiftung und auch auch vom Ortsrat Kaltenweide getragene Absicht, das Kunstwerk auf dem Kaltenweider Platz aufzustellen, bestehen.<\/p>\n\n\n\n<p>Nach Beendigung der Ausstellung &#8222;<em>99 Standpunkte<\/em>&#8220; , verschwand die Augenhand aber erst einmal aus dem t\u00e4glichen Blickfeld, stand 11 Jahre auf dem Betriebshof Langenhagen &#8211; An der Neuen Bult und begr\u00fc\u00dfte dort die Besucher\/Innen und Mitarbeiter\/Innen.\u00a0<\/p>\n\n\n\n<figure class=\"wp-block-pullquote\"><blockquote><p><strong>Ren Rong<\/strong>&nbsp;(*&nbsp;<a href=\"https:\/\/de.wikipedia.org\/wiki\/1960\">1960<\/a>&nbsp;in&nbsp;<a href=\"https:\/\/de.wikipedia.org\/wiki\/Nanjing\">Nanjing<\/a>) ist ein deutscher&nbsp;Bildender<a href=\"https:\/\/de.wikipedia.org\/wiki\/Bildende_Kunst\"> K\u00fcnstler<\/a>&nbsp;der&nbsp;Postmoderne<a href=\"https:\/\/de.wikipedia.org\/wiki\/Volksrepublik_China\"> m<\/a>i<a href=\"https:\/\/de.wikipedia.org\/wiki\/Volksrepublik_China\">t <\/a>chinesischer&nbsp;Herkunft. Er lebt und arbeitet vorwiegend in&nbsp;Bonn&nbsp;sowie in&nbsp;Peking&nbsp;und gilt als einer der international bekanntesten K\u00fcnstler chinesischer Herkunft der Gegenwart.<sup><a href=\"https:\/\/de.wikipedia.org\/wiki\/Ren_Rong#cite_note-1\">[1]<\/a><\/sup><\/p><cite><a href=\"https:\/\/de.wikipedia.org\/wiki\/Ren_Rong\" target=\"_blank\" rel=\"noreferrer noopener\">Wikipedia<\/a><\/cite><\/blockquote><\/figure>\n\n\n\n<p>Im Dezember 2011 war es dann endlich soweit: Die Augenhand&nbsp;wurde im Weiherfeld auf dem Kaltenweider Platz aufgestellt. Am 24. Mai 2012 wurde im Rahmen einer \u00f6ffentlichen Veranstaltung, das Kunstwerk von der Kulturstiftung Langenhagen e.V., im Beisein von B\u00fcrgerinnen und B\u00fcrgern, Ortsb\u00fcrgermeister Wolfgang Langrehr und Stadtbaurat Carsten Hettwer an die \u00d6ffentlichkeit \u00fcbergeben.<\/p>\n\n\n\n<p>Urspr\u00fcnglich war die &#8222;Augenhand&#8220; aus gl\u00e4nzendem Edelstahl. Je nach Standpunkt des Betrachters spiegelten sich in den Fingern der Hand die unterschiedlichsten Motive, was zu Phantasiespielen animierte.<\/p>\n\n\n\n<p>In den Jahren 2016 und 2024 wurde die Skulptur \u00fcberarbeitet. Spuren die Wind und Wetter sowie  \u201emenschlicher Einfluss\u201c hinterlassen haben, wurden beseitigt.<\/p>\n\n\n\n<p>Informations-Quellen:<br><a href=\"https:\/\/www.myheimat.de\/langenhagen\/c-kultur\/kuenstler-ren-rong-zur-einweihung-seiner-skulptur-augenhand-in-kaltenweide_a2411873\" target=\"_blank\" rel=\"noreferrer noopener\">MyHeimat.de<\/a><br><a href=\"http:\/\/www.kulturstiftung-langenhagen.de\/Augenhand.html\" target=\"_blank\" rel=\"noreferrer noopener\">Kulturstiftung Langenhagen e.V.<\/a> <\/p>\n","protected":false},"excerpt":{"rendered":"<p>Die Skulptur &#8222;Augenhand&#8220; auf dem Kaltenweider Platz wurde von dem deutsch-chinesischen K\u00fcnstler Ren Rong geschaffen und steht seit 2011 auf dem Platz am Kaltenweider Bahnhof. F\u00fcr die im Jahr 2000 von der Kulturstiftung Langenhagen e.V. initiierte Ausstellung &#8222;99 Standpunkte&#8220; hatte<\/p>\n","protected":false},"author":1,"featured_media":0,"parent":54,"menu_order":0,"comment_status":"closed","ping_status":"closed","template":"","meta":{"footnotes":""},"class_list":["post-56","page","type-page","status-publish","hentry"],"_links":{"self":[{"href":"https:\/\/www.buerger-fuer-kaltenweide.de\/unser-ort\/wp-json\/wp\/v2\/pages\/56","targetHints":{"allow":["GET"]}}],"collection":[{"href":"https:\/\/www.buerger-fuer-kaltenweide.de\/unser-ort\/wp-json\/wp\/v2\/pages"}],"about":[{"href":"https:\/\/www.buerger-fuer-kaltenweide.de\/unser-ort\/wp-json\/wp\/v2\/types\/page"}],"author":[{"embeddable":true,"href":"https:\/\/www.buerger-fuer-kaltenweide.de\/unser-ort\/wp-json\/wp\/v2\/users\/1"}],"replies":[{"embeddable":true,"href":"https:\/\/www.buerger-fuer-kaltenweide.de\/unser-ort\/wp-json\/wp\/v2\/comments?post=56"}],"version-history":[{"count":2,"href":"https:\/\/www.buerger-fuer-kaltenweide.de\/unser-ort\/wp-json\/wp\/v2\/pages\/56\/revisions"}],"predecessor-version":[{"id":58,"href":"https:\/\/www.buerger-fuer-kaltenweide.de\/unser-ort\/wp-json\/wp\/v2\/pages\/56\/revisions\/58"}],"up":[{"embeddable":true,"href":"https:\/\/www.buerger-fuer-kaltenweide.de\/unser-ort\/wp-json\/wp\/v2\/pages\/54"}],"wp:attachment":[{"href":"https:\/\/www.buerger-fuer-kaltenweide.de\/unser-ort\/wp-json\/wp\/v2\/media?parent=56"}],"curies":[{"name":"wp","href":"https:\/\/api.w.org\/{rel}","templated":true}]}}