{"id":65,"date":"2024-04-02T21:09:40","date_gmt":"2024-04-02T19:09:40","guid":{"rendered":"https:\/\/www.buerger-fuer-kaltenweide.de\/unser-ort\/?page_id=65"},"modified":"2024-04-02T21:09:59","modified_gmt":"2024-04-02T19:09:59","slug":"interkultureller-erlebnispark-ikep","status":"publish","type":"page","link":"https:\/\/www.buerger-fuer-kaltenweide.de\/unser-ort\/sehenswuerdigkeiten\/interkultureller-erlebnispark-ikep\/","title":{"rendered":"Interkultureller Erlebnispark (IKEP)"},"content":{"rendered":"\n<h4 class=\"wp-block-heading\">Der Interkulturelle Erlebnispark &#8211; kurz IKEP &#8211; ist eine moderne Sport- und Spielanlage, die in erster Linie von Kindern und Jugendlichen genutzt wird, aber auch bei Erwachsenen gro\u00dfe Beliebtheit erf\u00e4hrt.<\/h4>\n\n\n\n<p>Der IKEP befindet sich in der Verl\u00e4ngerung der Pfeifengrasstra\u00dfe im Wohngebiet &#8222;Weiherfeld-Ost&#8220; . Das rund 22.000 <vr>m\u00b2<\/vr> gro\u00dfe Areal bietet ein breites Spiel- und Bewegungsangebot, dar\u00fcber hinaus aber auch die M\u00f6glichkeit geselliger Zusammenk\u00fcnfte.<\/p>\n\n\n\n<p>Den Nutzerinnen und Nutzern stehen ein Kunstrasenplatz, eine Beachvolleyballanlage, ein Skaterpark, ein asphaltierter Streetsoccer &amp; Basketball-Platz mit mit Toren und Basketballk\u00f6rben, H\u00e4ngematten sowie Wetterschutzh\u00fctten mit Grill- und Lagerfeuerstellen zur Verf\u00fcgung.<\/p>\n\n\n\n<p>Er\u00f6ffnet wurde die Anlage am 24. September 2011, die Planungen begannen bereits im Jahr 2008. Im Rahmen eines Beteiligungsverfahrens an dem sich \u00fcber 150 Kinder und Jugendliche verschiedener Altersgruppen beteilit haben, wurde gemeinsam ein Konzept erarbeitet.<\/p>\n\n\n\n<p>Rund um den IKEP sind in den vergangenen Jahren weitere Angebote entstanden.<\/p>\n\n\n\n<div style=\"height:45px\" aria-hidden=\"true\" class=\"wp-block-spacer\"><\/div>\n\n\n\n<h5 class=\"wp-block-heading\">MAJA (Mobile Aufsuchende Jugendarbeit)<\/h5>\n\n\n\n<p>Die Mobile Aufsuchende Jugendarbeit in Langenhagen die sich in Tr\u00e4gerschaft der <em>Lebenshilfe Langenhagen Wedemark <\/em>befindet, richtet sich schwerpunktm\u00e4\u00dfig an Kinder und Jugendliche von 12 bis 24 Jahren. Zus\u00e4tzlich zu dieser Altersgruppe sollen durch bestimmte Angebote wie z.B. die regelm\u00e4\u00dfige Bauwagen-\u00d6ffnungszeit am IKEP, auch j\u00fcngere Kinder zwischen 6 und 12 Jahren erreicht werden.<\/p>\n\n\n\n<p>Webseite von MAJA: <a rel=\"noreferrer noopener\" href=\"https:\/\/lebenshilfe-lw.de\/maja\" target=\"_blank\">https:\/\/lebenshilfe-lw.de\/maja<\/a><\/p>\n\n\n\n<div style=\"height:45px\" aria-hidden=\"true\" class=\"wp-block-spacer\"><\/div>\n\n\n\n<h4 class=\"wp-block-heading\">Kreisjugendwerk der AWO<\/h4>\n\n\n\n<p>Das Kreisjugendwerk der Arbeiterwohlfahrt Region Hannover e.V. betreut an drei Tagen in der Woche Kinder und Jugendliche im Alter von 12 bis 18 Jahren.<\/p>\n\n\n\n<p>Webseite der AWO \/ des KJW: <a href=\"https:\/\/www.awo-hannover.de\/presse\/pressemitteilung\/neues-angebot-im-ikep-2\/\" data-type=\"URL\" data-id=\"https:\/\/www.awo-hannover.de\/presse\/pressemitteilung\/neues-angebot-im-ikep-2\/\" target=\"_blank\" rel=\"noreferrer noopener\">https:\/\/www.awo-hannover.de\/presse\/pressemitteilung\/neues-angebot-im-ikep-2\/<\/a><\/p>\n\n\n\n<div style=\"height:45px\" aria-hidden=\"true\" class=\"wp-block-spacer\"><\/div>\n\n\n\n<h4 class=\"wp-block-heading\">Blumen- &amp; Gem\u00fcsegarten des BfK<\/h4>\n\n\n<div class=\"wp-block-image\">\n<figure class=\"alignright size-large is-resized\"><img decoding=\"async\" src=\"https:\/\/www.buerger-fuer-kaltenweide.de\/wp-content\/uploads\/2021\/09\/cropped-img_9247-scaled-1-1024x768.jpg\" alt=\"\" class=\"wp-image-3429\" style=\"width:250px\"\/><\/figure>\n<\/div>\n\n\n<p>Auf einer Fl\u00e4che von 1.000 m\u00b2 realisiert der Verein B\u00dcRGER F\u00dcR KALTENWEIDE e.V. seit 2017 ein offenes Gartenprojekt zum Mitmachen f\u00fcr alle Interessierten.<\/p>\n\n\n\n<p>Mitmachen darf im Garten jede bzw. jeder, die \/ der sich f\u00fcr das Gemeinschaftsprojekt interessiert, sich nicht vor Gartenarbeit scheut und dar\u00fcber hinaus neue Kontakte im Wohnort kn\u00fcpfen m\u00f6chte. Die Ertr\u00e4ge aus dem Garten stehen allen Teilnehmerinnen und Teilnehmern zur Verf\u00fcgung.<\/p>\n\n\n\n<p>Informationen zum Blumen-&amp; Gem\u00fcsegarten: <a href=\"https:\/\/www.buerger-fuer-kaltenweide.de\/garten\/\" data-type=\"URL\" data-id=\"https:\/\/www.buerger-fuer-kaltenweide.de\/garten\/\">Blumen- &amp; Gem\u00fcsegarten<\/a><\/p>\n\n\n\n<div style=\"height:45px\" aria-hidden=\"true\" class=\"wp-block-spacer\"><\/div>\n\n\n\n<h4 class=\"wp-block-heading\"><strong>Melden Sie Probleme am IKEP !<\/strong><\/h4>\n\n\n\n<p>In der Vergangenheit gab es immer wieder Beschwerden, die den Interkulturellen Erlebnispark (IKEP) betreffen. Konkret ging es um <strong>Besch\u00e4digungen<\/strong> an der Gabionenwand in H\u00f6he der Rutsche, <strong>Verdr\u00e4ngung<\/strong> j\u00fcngerer Kinder vom Platz, <strong>L\u00e4rm<\/strong> durch abendliche und n\u00e4chtliche <strong>Partys<\/strong> auf dem IKEP sowie wild herumfahrende Roller-. Moped- und Motorradfahrer.<\/p>\n\n\n\n<p>Sofern es aus Ihrer Sicht zu (Rechts-)Verst\u00f6\u00dfen am IKEP kommt, Vandalismus betrieben wird oder n\u00e4chtliche Partys zu L\u00e4rm- oder anderen Bel\u00e4stigungen f\u00fchren, wenden Sie sich bitte tags\u00fcber an das Ordnungsamt der Stadt Langenhagen unter <a href=\"mailto:ordnungsdienst@langenhagen.de\" target=\"_blank\" rel=\"noreferrer noopener\">ordnungsdienst@langenhagen.de<\/a>. Nat\u00fcrlich k\u00f6nnen Sie sich auch jederzeit (Tag &amp; Nacht) an den <strong>Polizeinotruf 110 <\/strong>wenden. <\/p>\n\n\n\n<p>Sowohl Ordnungsamt als auch die Polizei werden Ihre Meldung vertraulich behandeln! <\/p>\n\n\n\n<p>Sollten Sie den Eindruck haben, dass Ihre Eingaben beim Ordnungsamt der Stadt Langenhagen oder dem Polizeinotruf kein Geh\u00f6r finden, lassen Sie es uns bitte wissen. <\/p>\n","protected":false},"excerpt":{"rendered":"<p>Der Interkulturelle Erlebnispark &#8211; kurz IKEP &#8211; ist eine moderne Sport- und Spielanlage, die in erster Linie von Kindern und Jugendlichen genutzt wird, aber auch bei Erwachsenen gro\u00dfe Beliebtheit erf\u00e4hrt. Der IKEP befindet sich in der Verl\u00e4ngerung der Pfeifengrasstra\u00dfe im<\/p>\n","protected":false},"author":1,"featured_media":0,"parent":54,"menu_order":0,"comment_status":"closed","ping_status":"closed","template":"","meta":{"footnotes":""},"class_list":["post-65","page","type-page","status-publish","hentry"],"_links":{"self":[{"href":"https:\/\/www.buerger-fuer-kaltenweide.de\/unser-ort\/wp-json\/wp\/v2\/pages\/65","targetHints":{"allow":["GET"]}}],"collection":[{"href":"https:\/\/www.buerger-fuer-kaltenweide.de\/unser-ort\/wp-json\/wp\/v2\/pages"}],"about":[{"href":"https:\/\/www.buerger-fuer-kaltenweide.de\/unser-ort\/wp-json\/wp\/v2\/types\/page"}],"author":[{"embeddable":true,"href":"https:\/\/www.buerger-fuer-kaltenweide.de\/unser-ort\/wp-json\/wp\/v2\/users\/1"}],"replies":[{"embeddable":true,"href":"https:\/\/www.buerger-fuer-kaltenweide.de\/unser-ort\/wp-json\/wp\/v2\/comments?post=65"}],"version-history":[{"count":1,"href":"https:\/\/www.buerger-fuer-kaltenweide.de\/unser-ort\/wp-json\/wp\/v2\/pages\/65\/revisions"}],"predecessor-version":[{"id":66,"href":"https:\/\/www.buerger-fuer-kaltenweide.de\/unser-ort\/wp-json\/wp\/v2\/pages\/65\/revisions\/66"}],"up":[{"embeddable":true,"href":"https:\/\/www.buerger-fuer-kaltenweide.de\/unser-ort\/wp-json\/wp\/v2\/pages\/54"}],"wp:attachment":[{"href":"https:\/\/www.buerger-fuer-kaltenweide.de\/unser-ort\/wp-json\/wp\/v2\/media?parent=65"}],"curies":[{"name":"wp","href":"https:\/\/api.w.org\/{rel}","templated":true}]}}