{"id":70,"date":"2024-04-02T21:14:06","date_gmt":"2024-04-02T19:14:06","guid":{"rendered":"https:\/\/www.buerger-fuer-kaltenweide.de\/unser-ort\/?page_id=70"},"modified":"2024-04-02T21:19:13","modified_gmt":"2024-04-02T19:19:13","slug":"achtminutenweg","status":"publish","type":"page","link":"https:\/\/www.buerger-fuer-kaltenweide.de\/unser-ort\/sehenswuerdigkeiten\/achtminutenweg\/","title":{"rendered":"Achtminutenweg"},"content":{"rendered":"<div class=\"wp-block-image\">\n<figure class=\"alignright size-large is-resized\"><img decoding=\"async\" src=\"https:\/\/www.buerger-fuer-kaltenweide.de\/wp-content\/uploads\/2024\/02\/img_0911-1-1024x768.jpg\" alt=\"(c) 2024 - Florian Windeck | Achtminutenweg in Kaltenweide\" class=\"wp-image-6745\" style=\"width:250px\"\/><figcaption class=\"wp-element-caption\">Achtminutenweg in Kaltenweide<\/figcaption><\/figure>\n<\/div>\n\n\n<p>Zwischen Kaltenweide und Kananohe liegt der &#8222;Achtminutenweg&#8220;. Er f\u00fchrt von der Kananoher Stra\u00dfe aus durch Wiesen und Felder immer geradeaus bis zum Waldst\u00fcck am Moor. Wie aber kommt der Weg zu seinem Namen?<\/p>\n\n\n\n<p>Die pr\u00e4zise Zeitangabe l\u00e4sst vermuten, dass es acht Minuten dauert, auf diesem Weg unterwegs zu sein. Wer den Weg heute zu Fuss, mit dem Rad, dem Trecker o.\u00e4. zur\u00fccklegt, kommt entwef<\/p>\n\n\n\n<p>Der Achtminutenweg hat seinen Namen bekommen, weil die alten Torfleute f\u00fcr den damaligen Sandweg mit dem Fahrrad (mit Stange und Holzkarren) von der Kananoher Stra\u00dfe aus bis zum Querdamm (damalige Gemeindetorffl\u00e4chen) 8 Minuten brauchten. So wurde es von den alten Herrschaften \u00fcberliefert.<br>Seit 1999 wird der Achtminutenweg offiziell so im Stadtplan benannt. Es soll aber fr\u00fchere Karten (Flurbereinigung) geben, wo der Achtminutenweg ebenfalls schon aufgef\u00fchrt war.<\/p>\n\n\n\n<p>Diese Information haben wir im Internet auf myheimat.de gefunden.<\/p>\n\n\n\n<p><strong>Informationsquelle:<\/strong><br><a href=\"https:\/\/www.myheimat.de\/langenhagen\/c-freizeit\/wie-kam-der-achtminutenweg-in-kaltenweide-zu-seinem-namen_a911155\" target=\"_blank\" rel=\"noreferrer noopener\">MyHeimat.de<\/a><\/p>\n","protected":false},"excerpt":{"rendered":"<p>Zwischen Kaltenweide und Kananohe liegt der &#8222;Achtminutenweg&#8220;. Er f\u00fchrt von der Kananoher Stra\u00dfe aus durch Wiesen und Felder immer geradeaus bis zum Waldst\u00fcck am Moor. Wie aber kommt der Weg zu seinem Namen? Die pr\u00e4zise Zeitangabe l\u00e4sst vermuten, dass es<\/p>\n","protected":false},"author":1,"featured_media":0,"parent":54,"menu_order":0,"comment_status":"closed","ping_status":"closed","template":"","meta":{"footnotes":""},"class_list":["post-70","page","type-page","status-publish","hentry"],"_links":{"self":[{"href":"https:\/\/www.buerger-fuer-kaltenweide.de\/unser-ort\/wp-json\/wp\/v2\/pages\/70","targetHints":{"allow":["GET"]}}],"collection":[{"href":"https:\/\/www.buerger-fuer-kaltenweide.de\/unser-ort\/wp-json\/wp\/v2\/pages"}],"about":[{"href":"https:\/\/www.buerger-fuer-kaltenweide.de\/unser-ort\/wp-json\/wp\/v2\/types\/page"}],"author":[{"embeddable":true,"href":"https:\/\/www.buerger-fuer-kaltenweide.de\/unser-ort\/wp-json\/wp\/v2\/users\/1"}],"replies":[{"embeddable":true,"href":"https:\/\/www.buerger-fuer-kaltenweide.de\/unser-ort\/wp-json\/wp\/v2\/comments?post=70"}],"version-history":[{"count":2,"href":"https:\/\/www.buerger-fuer-kaltenweide.de\/unser-ort\/wp-json\/wp\/v2\/pages\/70\/revisions"}],"predecessor-version":[{"id":73,"href":"https:\/\/www.buerger-fuer-kaltenweide.de\/unser-ort\/wp-json\/wp\/v2\/pages\/70\/revisions\/73"}],"up":[{"embeddable":true,"href":"https:\/\/www.buerger-fuer-kaltenweide.de\/unser-ort\/wp-json\/wp\/v2\/pages\/54"}],"wp:attachment":[{"href":"https:\/\/www.buerger-fuer-kaltenweide.de\/unser-ort\/wp-json\/wp\/v2\/media?parent=70"}],"curies":[{"name":"wp","href":"https:\/\/api.w.org\/{rel}","templated":true}]}}