{"id":85,"date":"2024-04-02T21:41:16","date_gmt":"2024-04-02T19:41:16","guid":{"rendered":"https:\/\/www.buerger-fuer-kaltenweide.de\/unser-ort\/?page_id=85"},"modified":"2024-04-02T21:41:18","modified_gmt":"2024-04-02T19:41:18","slug":"bildung-erziehung-betreuung","status":"publish","type":"page","link":"https:\/\/www.buerger-fuer-kaltenweide.de\/unser-ort\/bildung-erziehung-betreuung\/","title":{"rendered":"Bildung, Erziehung &amp; Betreuung"},"content":{"rendered":"\n<div class=\"wp-block-image\"><figure class=\"alignright size-large is-resized\"><img loading=\"lazy\" decoding=\"async\" src=\"https:\/\/www.buerger-fuer-kaltenweide.de\/wp-content\/uploads\/2020\/07\/grundschule-kaltenweide-2020-1024x768.jpg\" alt=\"(c) BfK \/ Florian Windeck\" class=\"wp-image-2333\" width=\"256\" height=\"192\"\/><\/figure><\/div>\n\n\n\n<h4 class=\"wp-block-heading\">In Kaltenweide gibt es ein gutes, lokales Bildungs-, Erziehungs- und Betreuungsangebot<\/h4>\n\n\n\n<p>Das Betreuungsangebot umfasst mehrere Krippen, Kindertagesst\u00e4tten, eine Grundschule sowie ein Angebot f\u00fcr die nachschulische Betreuung. Die Tr\u00e4ger der Einrichtungen sind st\u00e4dtische als auch private.<\/p>\n\n\n\n<p>\u00dcber das Elternportal der Stadt Langenhagen (LITTLE BIRD) erreichbar \u00fcber <a rel=\"noreferrer noopener\" href=\"https:\/\/kitas.langenhagen.de\/\" target=\"_blank\">https:\/\/kitas.langenhagen.de\/<\/a> k\u00f6nnen die Erziehungsberechtigten ihr Kind oder ihre Kinder in bis zu 5 Kindertageseinrichtungen (Grundschule ist ausgenommen) anmelden.<\/p>\n\n\n\n<div style=\"height:45px\" aria-hidden=\"true\" class=\"wp-block-spacer\"><\/div>\n\n\n\n<h4 class=\"wp-block-heading\">Bildung<\/h4>\n\n\n\n<ul class=\"wp-block-list\"><li>Grundschule Kaltenweide [ <a href=\"http:\/\/www.gs-kaltenweide.de\" data-type=\"URL\" data-id=\"www.gs-kaltenweide.de\" target=\"_blank\" rel=\"noreferrer noopener\">Webseite<\/a> ]<\/li><\/ul>\n\n\n\n<div style=\"height:45px\" aria-hidden=\"true\" class=\"wp-block-spacer\"><\/div>\n\n\n\n<h4 class=\"wp-block-heading\">Krippen<\/h4>\n\n\n\n<ul class=\"wp-block-list\"><li>Ev.-luth. Kindertagesst\u00e4tte Matthias-Claudius Kaltenweide-Kr\u00e4henwinkel [ <a rel=\"noreferrer noopener\" href=\"https:\/\/www.kirche-burgwedel-langenhagen.de\/ev-luth-kindertagesstaette-matthias-claudius-kaltenweide-kraehenwinkel.html\" data-type=\"URL\" data-id=\"https:\/\/www.kirche-burgwedel-langenhagen.de\/ev-luth-kindertagesstaette-matthias-claudius-kaltenweide-kraehenwinkel.html\" target=\"_blank\">Webseite<\/a> ]<\/li><li>Freie Evangelische Bildungs- und Erziehungseinrichtungen Langenhagen e.V. (Febel e.V.) [ <a rel=\"noreferrer noopener\" href=\"https:\/\/febel-ev.de\/\" target=\"_blank\">Webseite<\/a> ]<\/li><li>Kindertagesst\u00e4tte Moorlilienweg \/ Familienzentrum Sonnenblume [ <a rel=\"noreferrer noopener\" href=\"https:\/\/www.awo-hannover.de\/unsere-angebote\/kinder-familien\/kindertagesstaetten-kinderbetreuung\/krippen\/kindertagesstaette-moorlilienweg-3\/\" target=\"_blank\">Webseite<\/a> ]<\/li><li>Montessori Kinderhaus &#8222;Krippe&#8220; [ <a rel=\"noreferrer noopener\" href=\"https:\/\/www.e-impuls.de\/montessori-kinderhaus\/\" target=\"_blank\" data-type=\"URL\" data-id=\"https:\/\/www.e-impuls.de\/montessori-kinderhaus\/\">Webseite<\/a> ]<\/li><\/ul>\n\n\n\n<div style=\"height:45px\" aria-hidden=\"true\" class=\"wp-block-spacer\"><\/div>\n\n\n\n<h4 class=\"wp-block-heading\">Kinderg\u00e4rten<\/h4>\n\n\n\n<ul class=\"wp-block-list\"><li>DRK KiTa Langenhagen &#8222;Weiherfeld&#8220; [ <a rel=\"noreferrer noopener\" href=\"https:\/\/www.drk-hannover.de\/familie-und-jugend\/kindertagesstaetten\/region-langenhagen\/kita-weiherfeld\" data-type=\"URL\" data-id=\"https:\/\/www.drk-hannover.de\/familie-und-jugend\/kindertagesstaetten\/region-langenhagen\/kita-weiherfeld\" target=\"_blank\">Webseite<\/a> ]<\/li><li>Ev.-luth. Kindertagesst\u00e4tte Matthias-Claudius Kaltenweide-Kr\u00e4henwinkel [ <a rel=\"noreferrer noopener\" href=\"https:\/\/www.kirche-burgwedel-langenhagen.de\/ev-luth-kindertagesstaette-matthias-claudius-kaltenweide-kraehenwinkel.html\" target=\"_blank\">Webseite<\/a> ]<\/li><li>Freie Evangelische Bildungs- und Erziehungseinrichtungen Langenhagen e.V. (Febel e.V.) [ <a rel=\"noreferrer noopener\" href=\"https:\/\/febel-ev.de\/\" target=\"_blank\">Webseite<\/a> ]<\/li><li>Kindertagesst\u00e4tte Kaltenweide [ <a rel=\"noreferrer noopener\" href=\"https:\/\/kitas.langenhagen.de\/Langenhagen\/Kindertagesstaette-Kaltenweide\" target=\"_blank\">Webseite<\/a> ]<\/li><li>Kindertagesst\u00e4tte Moorlilienweg \/ Familienzentrum Sonnenblume [ <a rel=\"noreferrer noopener\" href=\"https:\/\/www.awo-hannover.de\/unsere-angebote\/kinder-familien\/kindertagesstaetten-kinderbetreuung\/krippen\/kindertagesstaette-moorlilienweg-3\/\" data-type=\"URL\" data-id=\"https:\/\/www.awo-hannover.de\/unsere-angebote\/kinder-familien\/kindertagesstaetten-kinderbetreuung\/krippen\/kindertagesstaette-moorlilienweg-3\/\" target=\"_blank\">Webseite<\/a> ]<\/li><li>Kindertagesst\u00e4tte WeidenKITZ\u201c [ <a rel=\"noreferrer noopener\" href=\"https:\/\/www.kitazirkel-weidenkitz.de\" target=\"_blank\">Webseite<\/a> ]<\/li><li>Montessori Kinderhaus [ <a rel=\"noreferrer noopener\" href=\"https:\/\/www.e-impuls.de\/montessori-kinderhaus\/\" data-type=\"URL\" data-id=\"https:\/\/www.e-impuls.de\/montessori-kinderhaus\/\" target=\"_blank\">Webseite<\/a> ]<\/li><\/ul>\n\n\n\n<div style=\"height:45px\" aria-hidden=\"true\" class=\"wp-block-spacer\"><\/div>\n\n\n\n<h4 class=\"wp-block-heading\">Nachschulische Betreuung<\/h4>\n\n\n\n<ul class=\"wp-block-list\"><li>DRK KiTa Langenhagen &#8222;Weiherfeld&#8220; [ <a rel=\"noreferrer noopener\" href=\"https:\/\/www.drk-hannover.de\/familie-und-jugend\/kindertagesstaetten\/region-langenhagen\/kita-weiherfeld\" data-type=\"URL\" data-id=\"https:\/\/www.drk-hannover.de\/familie-und-jugend\/kindertagesstaetten\/region-langenhagen\/kita-weiherfeld\" target=\"_blank\">Webseite<\/a> ]<\/li><li>F\u00f6rderverein der Grundschule Kaltenweidev [ <a rel=\"noreferrer noopener\" href=\"https:\/\/www.foerderverein-gs-kw.de\/\" data-type=\"URL\" data-id=\"https:\/\/www.foerderverein-gs-kw.de\/\" target=\"_blank\">Webseite<\/a> ]<\/li><li>Freie Evangelische Bildungs- und Erziehungseinrichtungen Langenhagen e.V. (Febel e.V.) [ <a rel=\"noreferrer noopener\" href=\"https:\/\/febel-ev.de\/\" target=\"_blank\">Webseite<\/a> ]<\/li><li>Kinderhaus Kaltenweide [ <a rel=\"noreferrer noopener\" href=\"https:\/\/www.langenhagen.de\/portal\/seiten\/kinderhaus-kaltenweide-hort--900000448-30890.html\" data-type=\"URL\" data-id=\"https:\/\/www.langenhagen.de\/portal\/seiten\/kinderhaus-kaltenweide-hort--900000448-30890.html\" target=\"_blank\">Webseite<\/a> ]<\/li><li>Kindertagesst\u00e4tte Kaltenweide [ <a rel=\"noreferrer noopener\" href=\"https:\/\/kitas.langenhagen.de\/Langenhagen\/Kindertagesstaette-Kaltenweide\" data-type=\"URL\" data-id=\"https:\/\/kitas.langenhagen.de\/Langenhagen\/Kindertagesstaette-Kaltenweide\" target=\"_blank\">Webseite <\/a>]<\/li><\/ul>\n\n\n\n<p>Angebote im gesamten Stadtgebiet von Langenhagen: <a href=\"https:\/\/www.langenhagen.de\/kindertagesstaetten\" target=\"_blank\" rel=\"noreferrer noopener\">https:\/\/www.langenhagen.de\/kindertagesstaetten<\/a><\/p>\n","protected":false},"excerpt":{"rendered":"<p>In Kaltenweide gibt es ein gutes, lokales Bildungs-, Erziehungs- und Betreuungsangebot Das Betreuungsangebot umfasst mehrere Krippen, Kindertagesst\u00e4tten, eine Grundschule sowie ein Angebot f\u00fcr die nachschulische Betreuung. Die Tr\u00e4ger der Einrichtungen sind st\u00e4dtische als auch private. \u00dcber das Elternportal der Stadt<\/p>\n","protected":false},"author":1,"featured_media":0,"parent":0,"menu_order":0,"comment_status":"closed","ping_status":"closed","template":"","meta":{"footnotes":""},"class_list":["post-85","page","type-page","status-publish","hentry"],"_links":{"self":[{"href":"https:\/\/www.buerger-fuer-kaltenweide.de\/unser-ort\/wp-json\/wp\/v2\/pages\/85","targetHints":{"allow":["GET"]}}],"collection":[{"href":"https:\/\/www.buerger-fuer-kaltenweide.de\/unser-ort\/wp-json\/wp\/v2\/pages"}],"about":[{"href":"https:\/\/www.buerger-fuer-kaltenweide.de\/unser-ort\/wp-json\/wp\/v2\/types\/page"}],"author":[{"embeddable":true,"href":"https:\/\/www.buerger-fuer-kaltenweide.de\/unser-ort\/wp-json\/wp\/v2\/users\/1"}],"replies":[{"embeddable":true,"href":"https:\/\/www.buerger-fuer-kaltenweide.de\/unser-ort\/wp-json\/wp\/v2\/comments?post=85"}],"version-history":[{"count":1,"href":"https:\/\/www.buerger-fuer-kaltenweide.de\/unser-ort\/wp-json\/wp\/v2\/pages\/85\/revisions"}],"predecessor-version":[{"id":86,"href":"https:\/\/www.buerger-fuer-kaltenweide.de\/unser-ort\/wp-json\/wp\/v2\/pages\/85\/revisions\/86"}],"wp:attachment":[{"href":"https:\/\/www.buerger-fuer-kaltenweide.de\/unser-ort\/wp-json\/wp\/v2\/media?parent=85"}],"curies":[{"name":"wp","href":"https:\/\/api.w.org\/{rel}","templated":true}]}}