{"id":88,"date":"2024-04-02T21:51:03","date_gmt":"2024-04-02T19:51:03","guid":{"rendered":"https:\/\/www.buerger-fuer-kaltenweide.de\/unser-ort\/?page_id=88"},"modified":"2024-04-02T21:51:05","modified_gmt":"2024-04-02T19:51:05","slug":"vereine-gruppierungen-institutionen","status":"publish","type":"page","link":"https:\/\/www.buerger-fuer-kaltenweide.de\/unser-ort\/vereine-gruppierungen-institutionen\/","title":{"rendered":"Vereine, Gruppierungen &amp; Institutionen"},"content":{"rendered":"\n<h4 class=\"wp-block-heading\">Kaltenweide zeichnet sich durch eine vielf\u00e4ltige Vereinslandschaft f\u00fcr die unterschiedlichsten Interessengebiete aus. <\/h4>\n\n\n\n<ul class=\"wp-block-list\">\n<li><a rel=\"noreferrer noopener\" href=\"http:\/\/buergerverein-kaltenweide.de\" target=\"_blank\">B\u00fcrgerverein Kaltenweide von 1961 e.V<\/a><\/li>\n\n\n\n<li><a rel=\"noreferrer noopener\" href=\"http:\/\/buerger-fuer-kaltenweide.de\" target=\"_blank\">B\u00fcrger f\u00fcr Kaltenweide e.V.<\/a><\/li>\n\n\n\n<li><a rel=\"noreferrer noopener\" href=\"https:\/\/www.foerderverein-gs-kw.de\/\" target=\"_blank\" data-type=\"URL\" data-id=\"https:\/\/www.foerderverein-gs-kw.de\/\">F\u00f6rderverein der Grundschule Kaltenweide e.V.<\/a><\/li>\n\n\n\n<li><a href=\"https:\/\/febel-ev.de\/\" data-type=\"URL\" data-id=\"https:\/\/febel-ev.de\/\" target=\"_blank\" rel=\"noreferrer noopener\">Freie Evangelische Bildungs- und Erziehungseinrichtungen Langenhagen e.V.<\/a><\/li>\n\n\n\n<li><a rel=\"noreferrer noopener\" href=\"https:\/\/www.iwk-langenhagen.de\" target=\"_blank\">Interessengemeinschaft Weiherfeld \/ Kaltenweide (IWK)<\/a><\/li>\n\n\n\n<li>M\u00e4nnergesangverein Liedertafel Kaltenweide von 1875<\/li>\n\n\n\n<li><a href=\"https:\/\/www.msc-kaltenweide.de\" target=\"_blank\" rel=\"noreferrer noopener\">MSC Kaltenweide e.V.<\/a><\/li>\n\n\n\n<li><a href=\"https:\/\/mfc-langenhagen.de\" target=\"_blank\" rel=\"noreferrer noopener\">Modellflug Club Langenhagen e.V.<\/a><\/li>\n\n\n\n<li>Musik- und Spielmannskorps Kaltenweide e.V.<\/li>\n\n\n\n<li>Pfl\u00fcgergemeinschaft Kaltenweide<\/li>\n\n\n\n<li><a rel=\"noreferrer noopener\" href=\"https:\/\/www.rfvv-hubertus-langenhagen.de\" target=\"_blank\">Reit- Fahr- und Voltigierverein HUBERTUS Langenhagen e.V.<\/a><\/li>\n\n\n\n<li><a rel=\"noreferrer noopener\" href=\"http:\/\/sv-kaltenweide.de\" target=\"_blank\">Sch\u00fctzenverein Kaltenweide von 1903 e.V.<\/a><\/li>\n\n\n\n<li>Treckerclub Kaltenweide von 1988 e.V<\/li>\n\n\n\n<li><a rel=\"noreferrer noopener\" href=\"http:\/\/www.tsvkk.de\" target=\"_blank\">Turn- und Sportverein Kr\u00e4henwinkel \/ Kaltenweide e.V.<\/a><\/li>\n\n\n\n<li><a rel=\"noreferrer noopener\" href=\"https:\/\/www.vfv-langenhagen.de\" target=\"_blank\">Verein f\u00fcr Vielseitigkeitsreiterei e.V.<\/a><\/li>\n\n\n\n<li><a rel=\"noreferrer noopener\" href=\"https:\/\/schuetzenverein-kaltenweide.de\/?page_id=29\" target=\"_blank\">Young Spirit Orchestra (YSO)<\/a><\/li>\n<\/ul>\n\n\n\n<p><\/p>\n\n\n\n<p>Weitere Institutionen in denen man sich in Kaltenweide und f\u00fcr Kaltenweide engagieren kann<\/p>\n\n\n\n<ul class=\"wp-block-list\">\n<li><a rel=\"noreferrer noopener\" href=\"https:\/\/www.awo-hannover.de\/ueber-uns-2\/unsere-organisation\/ortsvereine\/ortsvereine-im-noerdlichen-umland\/ortsverein-kaltenweide\/\" target=\"_blank\">AWO Hannover \u2013 Ortsverein Kaltenweide<\/a> <\/li>\n\n\n\n<li><a rel=\"noreferrer noopener\" href=\"https:\/\/www.drk-ortsvereine-langenhagen.de\/ortsvereine\/kaltenweide\/uebersicht\" target=\"_blank\">DRK Region Hannover \u2013 Ortsverein Kaltenweide<\/a> <\/li>\n\n\n\n<li><a rel=\"noreferrer noopener\" href=\"https:\/\/www.stadtfeuerwehr-langenhagen.de\/kaltenweide\/\" target=\"_blank\">Freiwillige Feuerwehr Kaltenweide <\/a><\/li>\n\n\n\n<li><a rel=\"noreferrer noopener\" href=\"https:\/\/www.matthias-claudius-kirche-langenhagen.de\/startseite.html\" target=\"_blank\">Matthias-Claudius-Kirchengemeinde <\/a><\/li>\n<\/ul>\n\n\n\n<p><\/p>\n","protected":false},"excerpt":{"rendered":"<p>Kaltenweide zeichnet sich durch eine vielf\u00e4ltige Vereinslandschaft f\u00fcr die unterschiedlichsten Interessengebiete aus. Weitere Institutionen in denen man sich in Kaltenweide und f\u00fcr Kaltenweide engagieren kann<\/p>\n","protected":false},"author":1,"featured_media":0,"parent":0,"menu_order":0,"comment_status":"closed","ping_status":"closed","template":"","meta":{"footnotes":""},"class_list":["post-88","page","type-page","status-publish","hentry"],"_links":{"self":[{"href":"https:\/\/www.buerger-fuer-kaltenweide.de\/unser-ort\/wp-json\/wp\/v2\/pages\/88","targetHints":{"allow":["GET"]}}],"collection":[{"href":"https:\/\/www.buerger-fuer-kaltenweide.de\/unser-ort\/wp-json\/wp\/v2\/pages"}],"about":[{"href":"https:\/\/www.buerger-fuer-kaltenweide.de\/unser-ort\/wp-json\/wp\/v2\/types\/page"}],"author":[{"embeddable":true,"href":"https:\/\/www.buerger-fuer-kaltenweide.de\/unser-ort\/wp-json\/wp\/v2\/users\/1"}],"replies":[{"embeddable":true,"href":"https:\/\/www.buerger-fuer-kaltenweide.de\/unser-ort\/wp-json\/wp\/v2\/comments?post=88"}],"version-history":[{"count":1,"href":"https:\/\/www.buerger-fuer-kaltenweide.de\/unser-ort\/wp-json\/wp\/v2\/pages\/88\/revisions"}],"predecessor-version":[{"id":89,"href":"https:\/\/www.buerger-fuer-kaltenweide.de\/unser-ort\/wp-json\/wp\/v2\/pages\/88\/revisions\/89"}],"wp:attachment":[{"href":"https:\/\/www.buerger-fuer-kaltenweide.de\/unser-ort\/wp-json\/wp\/v2\/media?parent=88"}],"curies":[{"name":"wp","href":"https:\/\/api.w.org\/{rel}","templated":true}]}}