{"id":97,"date":"2024-04-02T21:59:56","date_gmt":"2024-04-02T19:59:56","guid":{"rendered":"https:\/\/www.buerger-fuer-kaltenweide.de\/unser-ort\/?page_id=97"},"modified":"2024-04-02T22:00:16","modified_gmt":"2024-04-02T20:00:16","slug":"eltern-kind-cafe","status":"publish","type":"page","link":"https:\/\/www.buerger-fuer-kaltenweide.de\/unser-ort\/treffen-feiern\/eltern-kind-cafe\/","title":{"rendered":"Eltern-Kind-Caf\u00e9"},"content":{"rendered":"\n<p>Auch in Kaltenweide gibt es sogenannte Eltern-Kind-Caf\u00e9s. Es handelt sich dabei um eine Art Caf\u00e9 oder Bistro, das speziell f\u00fcr Eltern mit kleinen Kindern konzipiert ist. Es bietet eine kinderfreundliche Umgebung, in der Eltern sich entspannen k\u00f6nnen, w\u00e4hrend ihre Kinder spielen und sich austoben k\u00f6nnen. Diese Art von Caf\u00e9 zielt darauf ab, eine gem\u00fctliche Atmosph\u00e4re zu schaffen, in der Eltern Zeit mit ihren Kindern verbringen k\u00f6nnen, w\u00e4hrend sie gleichzeitig die Annehmlichkeiten eines Caf\u00e9s genie\u00dfen.<\/p>\n\n\n\n<hr class=\"wp-block-separator has-alpha-channel-opacity is-style-wide\"\/>\n\n\n\n<h5 class=\"wp-block-heading\"><strong>Das &#8222;WOHNZIMMER&#8220;<\/strong><\/h5>\n\n\n\n<div class=\"wp-block-columns is-layout-flex wp-container-core-columns-is-layout-9d6595d7 wp-block-columns-is-layout-flex\">\n<div class=\"wp-block-column is-layout-flow wp-block-column-is-layout-flow\">\n<p>Zehn einladende Sitzpl\u00e4tze in gem\u00fctlicher Atmosph\u00e4re warten auf G\u00e4ste die mit Getr\u00e4nken und Backwaren von Buck&#8217;s Backparadies entspannen m\u00f6chten. Kinder sind herzlich willkommen. Unsere Spielecke verschafft den M\u00fcttern eine kleine Atempause.<\/p>\n\n\n\n<p>Da wir ehrenamtlich arbeiten freuen wir uns \u00fcber jede R\u00fcckmeldung und Unterst\u00fctzung. <\/p>\n<\/div>\n\n\n\n<div class=\"wp-block-column is-layout-flow wp-block-column-is-layout-flow\">\n<p>Treffpunkt: B\u00e4ckerei Buck, Kananoher Strasse 7, 30855 Langenhagen<\/p>\n\n\n\n<p>Dienstag bis Samstag 7 &#8211; 12 Uhr und Sonntag von 8 &#8211; 10.30 Uhr. <\/p>\n\n\n\n<p>Ansprechpartnerin: Nicole Fenske<br>E.Mail: Nicole.Fenske74@gmail.com<\/p>\n<\/div>\n<\/div>\n\n\n\n<hr class=\"wp-block-separator has-alpha-channel-opacity is-style-wide\"\/>\n\n\n\n<h5 class=\"wp-block-heading\"><strong>Familienzentrum &#8222;Sonnenblume&#8220;<\/strong><\/h5>\n\n\n\n<div class=\"wp-block-columns is-layout-flex wp-container-core-columns-is-layout-9d6595d7 wp-block-columns-is-layout-flex\">\n<div class=\"wp-block-column is-layout-flow wp-block-column-is-layout-flow\">\n<p>Im AWO Familienzentrum Sonnenblume in Kaltenweide startet am 28. M\u00e4rz 2023 ein w\u00f6chentliches Treffen f\u00fcr Eltern und Babys. Die Organisatorin Christine Sch\u00fctte-Drolshagen glaubt das dieses eine gro\u00dfartige Gelegenheit ist, um andere Eltern und Babys kennenzulernen und von den Erfahrungen anderer zu lernen.<\/p>\n\n\n\n<p>Es werden Spielsachen und Matten bereitgestellt, damit alle sich wohl f\u00fchlen und Spa\u00df haben k\u00f6nnen.<\/p>\n<\/div>\n\n\n\n<div class=\"wp-block-column is-layout-flow wp-block-column-is-layout-flow\">\n<p>jeden Dienstag von 09:30 bis 11:00 Uhr statt, ohne Anmeldung und kostenlos.<\/p>\n\n\n\n<p>AWO Familienzentrum &#8222;Sonnenblume&#8220;<br>Moorlilienweg 2<br>30855 Langenhagen<\/p>\n<\/div>\n<\/div>\n\n\n\n<p><\/p>\n\n\n\n<p><\/p>\n","protected":false},"excerpt":{"rendered":"<p>Auch in Kaltenweide gibt es sogenannte Eltern-Kind-Caf\u00e9s. Es handelt sich dabei um eine Art Caf\u00e9 oder Bistro, das speziell f\u00fcr Eltern mit kleinen Kindern konzipiert ist. Es bietet eine kinderfreundliche Umgebung, in der Eltern sich entspannen k\u00f6nnen, w\u00e4hrend ihre Kinder<\/p>\n","protected":false},"author":1,"featured_media":0,"parent":91,"menu_order":0,"comment_status":"closed","ping_status":"closed","template":"","meta":{"footnotes":""},"class_list":["post-97","page","type-page","status-publish","hentry"],"_links":{"self":[{"href":"https:\/\/www.buerger-fuer-kaltenweide.de\/unser-ort\/wp-json\/wp\/v2\/pages\/97","targetHints":{"allow":["GET"]}}],"collection":[{"href":"https:\/\/www.buerger-fuer-kaltenweide.de\/unser-ort\/wp-json\/wp\/v2\/pages"}],"about":[{"href":"https:\/\/www.buerger-fuer-kaltenweide.de\/unser-ort\/wp-json\/wp\/v2\/types\/page"}],"author":[{"embeddable":true,"href":"https:\/\/www.buerger-fuer-kaltenweide.de\/unser-ort\/wp-json\/wp\/v2\/users\/1"}],"replies":[{"embeddable":true,"href":"https:\/\/www.buerger-fuer-kaltenweide.de\/unser-ort\/wp-json\/wp\/v2\/comments?post=97"}],"version-history":[{"count":1,"href":"https:\/\/www.buerger-fuer-kaltenweide.de\/unser-ort\/wp-json\/wp\/v2\/pages\/97\/revisions"}],"predecessor-version":[{"id":98,"href":"https:\/\/www.buerger-fuer-kaltenweide.de\/unser-ort\/wp-json\/wp\/v2\/pages\/97\/revisions\/98"}],"up":[{"embeddable":true,"href":"https:\/\/www.buerger-fuer-kaltenweide.de\/unser-ort\/wp-json\/wp\/v2\/pages\/91"}],"wp:attachment":[{"href":"https:\/\/www.buerger-fuer-kaltenweide.de\/unser-ort\/wp-json\/wp\/v2\/media?parent=97"}],"curies":[{"name":"wp","href":"https:\/\/api.w.org\/{rel}","templated":true}]}}